{"id":15895,"date":"2025-10-30T14:07:50","date_gmt":"2025-10-30T13:07:50","guid":{"rendered":"https:\/\/www.livresentre2actions.fr\/?post_type=product&#038;p=15895"},"modified":"2025-11-11T18:12:17","modified_gmt":"2025-11-11T17:12:17","slug":"pharmacopoea-wirtenbergica-taxa-seu-pretium-tam-simplicium","status":"publish","type":"product","link":"https:\/\/www.livresentre2actions.fr\/en\/product\/pharmacopoea-wirtenbergica-taxa-seu-pretium-tam-simplicium\/","title":{"rendered":"Pharmacopoea Wirtenbergica &#8211; Taxa seu pretium tam simplicium"},"content":{"rendered":"<p>Pharmacopoea Wirtenbergica in duas partes divisa, quarum prior materiam medicam historico-physico-medice descriptam, posterior composita et praeparata, modus praeparandi et encheireses exhibet. Jussu serenissimi domini ducis adornata, et pharmacopoeis wirtenbergicis in norman praescripta. Accedunt syllabus medicamentorum compositorum in classes divisus et indices necessarii. Editio tertia, revisa et emendata.<\/p>\n<p>Reli\u00e9 \u00e0 la suite :<\/p>\n<p>Taxa seu pretium tam simplicium quam compositum juxta pharmacopoeam wintergergicam praeparandorum et aliorum in officinis pharmaceuticis usualium medicamentorum<\/p>\n<p>Sans nom d\u2019auteur &#8211; Stutgardiae, Ioannis Christophori Erhardi<\/p>\n<p>Petit in-folio plein veau l\u00e9opard\u00e9, dos \u00e0 cinq nerfs, fleuronn\u00e9 aux caissons et orn\u00e9 d\u2019une pi\u00e8ce de titre noire,, toutes tranches rouges, 340 x 225, pagination multiple, par parties 1754. Superbe frontispice grav\u00e9 aux armes du \u00a0duch\u00e9 de Wurtemberg, par G. W. Knorr (del) et J.I. Liefkoop (fecit). [Les armoiries du duch\u00e9 de Wurtemberg surplombent une vue de sa capitale : Stuttgart. Avec des portraits de m\u00e9decins de l&rsquo;Antiquit\u00e9, dont Dioscoride, avec une corne d&rsquo;abondance, et Andromaque, en face, avec la th\u00e9riaque, Celse, Hypocrate, Galien et Apollon domine l&rsquo;ensemble]. Frontispice dont la longueur exc\u00e8de la volume, il est donc repli\u00e9 en pied.<\/p>\n<p>Comprend\u00a0: Privil\u00e8ge, 4p. (un en latin et un en allemand gothique)\u00a0; Les pr\u00e9faces aux trois \u00e9ditions, avec un tr\u00e8s bel ent\u00eate grav\u00e9 all\u00e9gorique \u00e0 la colombe et au soleil figur\u00e9 et dardant, lettrine couronn\u00e9e, 14p.\u00a0; de scitu necessariis, 4p. Ensuite le texte.<\/p>\n<p>Pars prima Materiam medicam. pp. 4-144. Dans cette partie, les nom des compos\u00e9s sont donn\u00e9 en latin, en fran\u00e7ais et en allemand et les descriptions sont latines. Pars alterra, Composita et praeparata eorumque modum praeparandi exhibens, pp. 4-232. Langue latine uniquement dans cette partie.<\/p>\n<p>Enrichi de deux prescriptions manuscrites \u00e0 la plume sur v\u00e9lin en fran\u00e7ais. Suivi des trois index\u00a0: Index simplicium et compositorum des deux parties, 23p. Index des noms fran\u00e7ois contenus dans la premi\u00e8re partie, 8p. Deutsches register, 11p. Suivi de Syllabus medicamentorum compositorum in wirtenbergica, comprenant les 23 classes, en latin, pagine 4-44p. cul-de-lampe.<\/p>\n<p>Reli\u00e9 \u00e0 la suite chez le m\u00eame imprimeur mais post\u00e9rieur d\u2019une ann\u00e9e\u00a0: Taxa seu pretium tam simplicium quam compositum juxta pharmacopoeam wintergergicam praeparandorum et aliorum in officinis pharmaceuticis usualium medicamentorum, 66p. 1755. Latin, allemand gothique. Tr\u00e8s belle vignette all\u00e9gorique aux armes du m\u00eame ducher, grav\u00e9e au titre, dessin\u00e9e par Guntrum, d\u2019apr\u00e8s J. C. E. (,) et grav\u00e9 par Lichstenteger en 1754. 66p. Cul-de-lampe. Latin et allemand gothique. Jolie typographie de l\u2019ensemble.<\/p>\n<p>Deux jolies provenances, exl-ibris en vignette coll\u00e9es en contreplat sup\u00e9rieur\u00a0; il est d\u2019ailleurs probable que les deux prescriptions manuscrites soient de l\u2019un de ses deux anciens propri\u00e9taires\u00a0: Dr. M\u00e9hu, h\u00f4pital de la Charit\u00e9, rue Jacob\u00a0: et\u00a0; Biblioth\u00e8que de Mr Boutron-Charlard [Fran\u00e7ois Antoine, pharmacien et chimiste] de l\u2019 Acad\u00e9mie de m\u00e9decine. Int\u00e9rieur avec rousseurs, plut\u00f4t en marge, plus abondantes en d\u00e9but et fin de volume. Coins et champs frott\u00e9s, 3 coins l\u00e9g\u00e8rement \u00e9mouss\u00e9s Plats bien frott\u00e9s avec griffes et \u00e9pidermures, griffes prononc\u00e9es en plat inf\u00e9rieur. Mors fendus tout du long mais encore solides. Dos frott\u00e9s, \u00e9pidermures aux nerfs, coiffe aras\u00e9e, un petit manque pr\u00e8s du nerf en dernier caisson, pi\u00e8ce de titre avec un petit manque en coin et qui se d\u00e9colle lat\u00e9ralement en pied. Bel exemplaire bien ferme.<\/p>\n<p>In fine une vingtaine de pages semblent avoir \u00e9t\u00e9 pr\u00e9lev\u00e9es sans que l\u2019on identifie leur contenu, puisque l\u2019appendice final du Taxa seu pretium est bien complet.<\/p>","protected":false},"excerpt":{"rendered":"<p>Pharmacopoea Wirtenbergica in duas partes divisa, quarum prior materiam medicam historico-physico-medice descriptam, posterior composita et praeparata, modus praeparandi et encheireses exhibet. Jussu serenissimi domini ducis adornata, et pharmacopoeis wirtenbergicis in norman praescripta. Accedunt syllabus medicamentorum compositorum in classes divisus et indices necessarii. Editio tertia, revisa et emendata. Reli\u00e9 \u00e0 la suite : Taxa seu pretium &#8230; <a title=\"Pharmacopoea Wirtenbergica &#8211; Taxa seu pretium tam simplicium\" class=\"read-more\" href=\"https:\/\/www.livresentre2actions.fr\/en\/product\/pharmacopoea-wirtenbergica-taxa-seu-pretium-tam-simplicium\/\" aria-label=\"Read more about Pharmacopoea Wirtenbergica &#8211; Taxa seu pretium tam simplicium\">Read more<\/a><\/p>","protected":false},"featured_media":12767,"template":"","meta":{"_eb_attr":""},"product_brand":[],"product_cat":[36,71,70,69],"product_tag":[86,94],"class_list":{"0":"post-15895","1":"product","2":"type-product","3":"status-publish","4":"has-post-thumbnail","6":"product_cat-entre-le-xviiieme-et-le-xixeme-siecle","7":"product_cat-illustres-modernes-editions-originales-signees-numerotees","8":"product_cat-medecine-et-nature","9":"product_cat-sciences-et-techniques","10":"product_tag-illustre","11":"product_tag-provenance","12":"sales-flash-overlay","13":"woocommerce-text-align-center","14":"woocommerce-image-align-center","15":"wc-has-gallery","17":"first","18":"instock","19":"taxable","20":"shipping-taxable","21":"purchasable","22":"product-type-simple"},"aioseo_notices":[],"_links":{"self":[{"href":"https:\/\/www.livresentre2actions.fr\/en\/wp-json\/wp\/v2\/product\/15895","targetHints":{"allow":["GET"]}}],"collection":[{"href":"https:\/\/www.livresentre2actions.fr\/en\/wp-json\/wp\/v2\/product"}],"about":[{"href":"https:\/\/www.livresentre2actions.fr\/en\/wp-json\/wp\/v2\/types\/product"}],"wp:featuredmedia":[{"embeddable":true,"href":"https:\/\/www.livresentre2actions.fr\/en\/wp-json\/wp\/v2\/media\/12767"}],"wp:attachment":[{"href":"https:\/\/www.livresentre2actions.fr\/en\/wp-json\/wp\/v2\/media?parent=15895"}],"wp:term":[{"taxonomy":"product_brand","embeddable":true,"href":"https:\/\/www.livresentre2actions.fr\/en\/wp-json\/wp\/v2\/product_brand?post=15895"},{"taxonomy":"product_cat","embeddable":true,"href":"https:\/\/www.livresentre2actions.fr\/en\/wp-json\/wp\/v2\/product_cat?post=15895"},{"taxonomy":"product_tag","embeddable":true,"href":"https:\/\/www.livresentre2actions.fr\/en\/wp-json\/wp\/v2\/product_tag?post=15895"}],"curies":[{"name":"wp","href":"https:\/\/api.w.org\/{rel}","templated":true}]}}