{"id":15874,"date":"2025-10-28T18:50:31","date_gmt":"2025-10-28T17:50:31","guid":{"rendered":"https:\/\/www.livresentre2actions.fr\/?post_type=product&#038;p=15874"},"modified":"2025-10-28T18:50:48","modified_gmt":"2025-10-28T17:50:48","slug":"levolution-des-croyances-et-doctrines-politiques-guillaume-de-greef","status":"publish","type":"product","link":"https:\/\/www.livresentre2actions.fr\/en\/product\/levolution-des-croyances-et-doctrines-politiques-guillaume-de-greef\/","title":{"rendered":"L\u2019\u00e9volution des croyances et doctrines politiques &#8211; Guillaume de Greef"},"content":{"rendered":"<p>F\u00e9lix Alcan\u00a0 &#8211; Plein cuir deux tons, plats lie de vin, dos brun \u00e0 faux-nerfs orn\u00e9, pi\u00e8ce de titre, liser\u00e9s et fleurons. 181 x 123, 330p. 1895. Edition originale. Int\u00e9rieur tr\u00e8s bon, l\u00e9g\u00e8rement insol\u00e9, mais propre et int\u00e8gre. Plats, champs et coins l\u00e9g\u00e8rement frott\u00e9s, mais propres et int\u00e8gres. Dos avec 2 petites \u00e9pidermures en pied. Bel exemplaire bien ferme.<\/p>","protected":false},"excerpt":{"rendered":"<p>F\u00e9lix Alcan\u00a0 &#8211; Plein cuir deux tons, plats lie de vin, dos brun \u00e0 faux-nerfs orn\u00e9, pi\u00e8ce de titre, liser\u00e9s et fleurons. 181 x 123, 330p. 1895. Edition originale. Int\u00e9rieur tr\u00e8s bon, l\u00e9g\u00e8rement insol\u00e9, mais propre et int\u00e8gre. Plats, champs et coins l\u00e9g\u00e8rement frott\u00e9s, mais propres et int\u00e8gres. Dos avec 2 petites \u00e9pidermures en pied. &#8230; <a title=\"L\u2019\u00e9volution des croyances et doctrines politiques &#8211; Guillaume de Greef\" class=\"read-more\" href=\"https:\/\/www.livresentre2actions.fr\/en\/product\/levolution-des-croyances-et-doctrines-politiques-guillaume-de-greef\/\" aria-label=\"Read more about L\u2019\u00e9volution des croyances et doctrines politiques &#8211; Guillaume de Greef\">Read more<\/a><\/p>","protected":false},"featured_media":15875,"template":"","meta":{"_eb_attr":""},"product_brand":[],"product_cat":[37,71,73,82],"product_tag":[],"class_list":{"0":"post-15874","1":"product","2":"type-product","3":"status-publish","4":"has-post-thumbnail","6":"product_cat-a-partir-du-xxeme-siecle","7":"product_cat-illustres-modernes-editions-originales-signees-numerotees","8":"product_cat-histoires-et-recits-de-voyage","9":"product_cat-philosophie","10":"sales-flash-overlay","11":"woocommerce-text-align-center","12":"woocommerce-image-align-center","13":"wc-has-gallery","15":"first","16":"instock","17":"taxable","18":"shipping-taxable","19":"purchasable","20":"product-type-simple"},"aioseo_notices":[],"_links":{"self":[{"href":"https:\/\/www.livresentre2actions.fr\/en\/wp-json\/wp\/v2\/product\/15874","targetHints":{"allow":["GET"]}}],"collection":[{"href":"https:\/\/www.livresentre2actions.fr\/en\/wp-json\/wp\/v2\/product"}],"about":[{"href":"https:\/\/www.livresentre2actions.fr\/en\/wp-json\/wp\/v2\/types\/product"}],"wp:featuredmedia":[{"embeddable":true,"href":"https:\/\/www.livresentre2actions.fr\/en\/wp-json\/wp\/v2\/media\/15875"}],"wp:attachment":[{"href":"https:\/\/www.livresentre2actions.fr\/en\/wp-json\/wp\/v2\/media?parent=15874"}],"wp:term":[{"taxonomy":"product_brand","embeddable":true,"href":"https:\/\/www.livresentre2actions.fr\/en\/wp-json\/wp\/v2\/product_brand?post=15874"},{"taxonomy":"product_cat","embeddable":true,"href":"https:\/\/www.livresentre2actions.fr\/en\/wp-json\/wp\/v2\/product_cat?post=15874"},{"taxonomy":"product_tag","embeddable":true,"href":"https:\/\/www.livresentre2actions.fr\/en\/wp-json\/wp\/v2\/product_tag?post=15874"}],"curies":[{"name":"wp","href":"https:\/\/api.w.org\/{rel}","templated":true}]}}