{"id":15864,"date":"2025-10-28T18:42:19","date_gmt":"2025-10-28T17:42:19","guid":{"rendered":"https:\/\/www.livresentre2actions.fr\/?post_type=product&#038;p=15864"},"modified":"2025-10-28T18:42:20","modified_gmt":"2025-10-28T17:42:20","slug":"questions-et-figures-politiques-raymond-poincare","status":"publish","type":"product","link":"https:\/\/www.livresentre2actions.fr\/en\/product\/questions-et-figures-politiques-raymond-poincare\/","title":{"rendered":"Questions et figures politiques, Raymond Poincar\u00e9"},"content":{"rendered":"<p>Biblioth\u00e8que Charpentier &#8211; Plein cuir deux tons, plats lie de vin, dos brun \u00e0 faux-nerfs orn\u00e9, pi\u00e8ce de titre, liser\u00e9s et fleurons. 181 x 123, 506p. 1907. Edition originale. Int\u00e9rieur tr\u00e8s bon, l\u00e9g\u00e8rement insol\u00e9, mais propre et int\u00e8gre. Plats, champs et coins l\u00e9g\u00e8rement frott\u00e9s, mais propres et int\u00e8gres. Dos avec petites \u00e9pidermures en t\u00eate, coiffe et en plein. Bel exemplaire bien ferme.<\/p>","protected":false},"excerpt":{"rendered":"<p>Biblioth\u00e8que Charpentier &#8211; Plein cuir deux tons, plats lie de vin, dos brun \u00e0 faux-nerfs orn\u00e9, pi\u00e8ce de titre, liser\u00e9s et fleurons. 181 x 123, 506p. 1907. Edition originale. Int\u00e9rieur tr\u00e8s bon, l\u00e9g\u00e8rement insol\u00e9, mais propre et int\u00e8gre. Plats, champs et coins l\u00e9g\u00e8rement frott\u00e9s, mais propres et int\u00e8gres. Dos avec petites \u00e9pidermures en t\u00eate, coiffe &#8230; <a title=\"Questions et figures politiques, Raymond Poincar\u00e9\" class=\"read-more\" href=\"https:\/\/www.livresentre2actions.fr\/en\/product\/questions-et-figures-politiques-raymond-poincare\/\" aria-label=\"Read more about Questions et figures politiques, Raymond Poincar\u00e9\">Read more<\/a><\/p>","protected":false},"featured_media":15865,"template":"","meta":{"_eb_attr":""},"product_brand":[],"product_cat":[37,71,73],"product_tag":[],"class_list":{"0":"post-15864","1":"product","2":"type-product","3":"status-publish","4":"has-post-thumbnail","6":"product_cat-a-partir-du-xxeme-siecle","7":"product_cat-illustres-modernes-editions-originales-signees-numerotees","8":"product_cat-histoires-et-recits-de-voyage","9":"sales-flash-overlay","10":"woocommerce-text-align-center","11":"woocommerce-image-align-center","12":"wc-has-gallery","14":"first","15":"instock","16":"taxable","17":"shipping-taxable","18":"purchasable","19":"product-type-simple"},"aioseo_notices":[],"_links":{"self":[{"href":"https:\/\/www.livresentre2actions.fr\/en\/wp-json\/wp\/v2\/product\/15864","targetHints":{"allow":["GET"]}}],"collection":[{"href":"https:\/\/www.livresentre2actions.fr\/en\/wp-json\/wp\/v2\/product"}],"about":[{"href":"https:\/\/www.livresentre2actions.fr\/en\/wp-json\/wp\/v2\/types\/product"}],"wp:featuredmedia":[{"embeddable":true,"href":"https:\/\/www.livresentre2actions.fr\/en\/wp-json\/wp\/v2\/media\/15865"}],"wp:attachment":[{"href":"https:\/\/www.livresentre2actions.fr\/en\/wp-json\/wp\/v2\/media?parent=15864"}],"wp:term":[{"taxonomy":"product_brand","embeddable":true,"href":"https:\/\/www.livresentre2actions.fr\/en\/wp-json\/wp\/v2\/product_brand?post=15864"},{"taxonomy":"product_cat","embeddable":true,"href":"https:\/\/www.livresentre2actions.fr\/en\/wp-json\/wp\/v2\/product_cat?post=15864"},{"taxonomy":"product_tag","embeddable":true,"href":"https:\/\/www.livresentre2actions.fr\/en\/wp-json\/wp\/v2\/product_tag?post=15864"}],"curies":[{"name":"wp","href":"https:\/\/api.w.org\/{rel}","templated":true}]}}