{"id":15850,"date":"2025-10-28T18:24:37","date_gmt":"2025-10-28T17:24:37","guid":{"rendered":"https:\/\/www.livresentre2actions.fr\/?post_type=product&#038;p=15850"},"modified":"2026-04-24T17:46:27","modified_gmt":"2026-04-24T15:46:27","slug":"melle-fanny-bohineux-manuscrit-sciences-litterature-economie-1830","status":"publish","type":"product","link":"https:\/\/www.livresentre2actions.fr\/en\/product\/melle-fanny-bohineux-manuscrit-sciences-litterature-economie-1830\/","title":{"rendered":"Melle Fanny Bohineux &#8211; Manuscrit &#8211; Sciences, litt\u00e9rature, \u00e9conomie &#8211; 1830"},"content":{"rendered":"","protected":false},"excerpt":{"rendered":"<p>Plein chagrin vert deux tons, oblong, \u00e0 dos long, orn\u00e9 d\u2019un joli motif romantique estamp\u00e9 \u00e0 froid en t\u00eate et queue, plat sup\u00e9rieur avec un super ex-libris, en partie frott\u00e9, toutes tranches dor\u00e9es, 174 x 225, 132p. Dont 121p manuscrites. Sans date. 1830-50 ca Texte dans un cadre \u00e0 double bord et carr\u00e9s sym\u00e9triques aux angles. Page de titre orn\u00e9 de traits joliment dessin\u00e9s en arabesques, avec un titre graphiquement et finement travaill\u00e9 fa\u00e7on gothique. De m\u00eame, chaque texte pr\u00e9sente une premi\u00e8re page orn\u00e9e et termin\u00e9e par un cul-de-lampe de la m\u00eame mani\u00e8re graphique\u00a0que la page de titre\u00a0; les cul-de-lampe comportent parfois un motif distinctif (arbre, corbeille florale, oiseau)\u00a0; pr\u00e9sence enfin d\u2019un petit dessin bicolore dans le texte p101.. Le texte est d\u2018une tr\u00e8s belle \u00e9criture cursive, un peu pass\u00e9e, lisible, avec certains mots plus encr\u00e9s, et certains autres (plus rares) avec un effet graphique fa\u00e7on gothique tr\u00e8s fin et bien r\u00e9alis\u00e9. Comprend\u00a0: La Cloche, po\u00e8me de Schiller, pp. 3-26\u00a0; Swaran [sans doute un passage tir\u00e9 d\u2019Ossian]\u00a0, pp. 27-46\u00a0; Gonthran, l\u00e9gende du 10\u00e8 si\u00e8cle, pp. 47-60\u00a0; M\u00e9taux, pp. 61-79\u00a0; Combustibles, pp.80-95\u00a0; Fossiles, pp. 96-100\u00a0; R\u00e8gne v\u00e9g\u00e9tal, pp. 100-108\u00a0; Ordre Economie, pp. 109-111\u00a0; Plaisirs, pp.112-118, avec les sous-titres Travail, et Propret\u00e9\u00a0; in fine Sant\u00e9, p.120. Int\u00e9rieur l\u00e9g\u00e8rement insol\u00e9 avec rousseurs, en marge essentiellement, et d\u00e9but et fin de volume, dont la page de titre et le premier texte. Plats frott\u00e9s avec \u00e9pidermures\u00a0; champs et coins frott\u00e9s, coins tr\u00e8s l\u00e9g\u00e8rement \u00e9mouss\u00e9s. Dos en bon \u00e9tat, avec quelques petites \u00e9pidermures. Bien ferme.<\/p>","protected":false},"featured_media":15851,"template":"","meta":{"_eb_attr":""},"product_brand":[],"product_cat":[36,74,84,72,71],"product_tag":[],"class_list":{"0":"post-15850","1":"product","2":"type-product","3":"status-publish","4":"has-post-thumbnail","6":"product_cat-entre-le-xviiieme-et-le-xixeme-siecle","7":"product_cat-collections","8":"product_cat-curiosa","9":"product_cat-divers","10":"product_cat-illustres-modernes-editions-originales-signees-numerotees","11":"sales-flash-overlay","12":"woocommerce-text-align-center","13":"woocommerce-image-align-center","14":"wc-has-gallery","16":"first","17":"outofstock","18":"taxable","19":"shipping-taxable","20":"purchasable","21":"product-type-simple"},"aioseo_notices":[],"_links":{"self":[{"href":"https:\/\/www.livresentre2actions.fr\/en\/wp-json\/wp\/v2\/product\/15850","targetHints":{"allow":["GET"]}}],"collection":[{"href":"https:\/\/www.livresentre2actions.fr\/en\/wp-json\/wp\/v2\/product"}],"about":[{"href":"https:\/\/www.livresentre2actions.fr\/en\/wp-json\/wp\/v2\/types\/product"}],"wp:featuredmedia":[{"embeddable":true,"href":"https:\/\/www.livresentre2actions.fr\/en\/wp-json\/wp\/v2\/media\/15851"}],"wp:attachment":[{"href":"https:\/\/www.livresentre2actions.fr\/en\/wp-json\/wp\/v2\/media?parent=15850"}],"wp:term":[{"taxonomy":"product_brand","embeddable":true,"href":"https:\/\/www.livresentre2actions.fr\/en\/wp-json\/wp\/v2\/product_brand?post=15850"},{"taxonomy":"product_cat","embeddable":true,"href":"https:\/\/www.livresentre2actions.fr\/en\/wp-json\/wp\/v2\/product_cat?post=15850"},{"taxonomy":"product_tag","embeddable":true,"href":"https:\/\/www.livresentre2actions.fr\/en\/wp-json\/wp\/v2\/product_tag?post=15850"}],"curies":[{"name":"wp","href":"https:\/\/api.w.org\/{rel}","templated":true}]}}