{"id":15814,"date":"2025-10-28T18:06:30","date_gmt":"2025-10-28T17:06:30","guid":{"rendered":"https:\/\/www.livresentre2actions.fr\/?post_type=product&#038;p=15814"},"modified":"2025-10-28T18:07:23","modified_gmt":"2025-10-28T17:07:23","slug":"le-regiment-georges-desparbes-calbet-ill","status":"publish","type":"product","link":"https:\/\/www.livresentre2actions.fr\/en\/product\/le-regiment-georges-desparbes-calbet-ill\/","title":{"rendered":"Le r\u00e9giment  &#8211; Georges d\u2019Esparb\u00e8s \/ Calbet (ill.)"},"content":{"rendered":"<p>Librairie Borel &#8211; Pleine basane olive \u00e0 dos romantique orn\u00e9 de 5 faux-nerfs, de liser\u00e9s, frises et pi\u00e8ce de titre noire, et de l\u2019auteur estamp\u00e9 dor\u00e9, tranche de t\u00eate dor\u00e9e, couverture couleur conserv\u00e9e, signet rouge, 140 x 77, 84p. 1898. Avec illustrations de Calbet (\u00e0 pleine page et en marge, bleues et sanguines). Int\u00e9rieur tr\u00e8s bon, propre et int\u00e8gre. Coins et champs frott\u00e9s, coins avec \u00e9pidermures. Plats olives insol\u00e9s, d\u00e9color\u00e9s en bordure et au dos. Frottements et \u00e9pidermures aux nerfs, coiffe et queue, un manque en coiffe. Bon exemplaire bien ferme.<\/p>","protected":false},"excerpt":{"rendered":"<p>Librairie Borel &#8211; Pleine basane olive \u00e0 dos romantique orn\u00e9 de 5 faux-nerfs, de liser\u00e9s, frises et pi\u00e8ce de titre noire, et de l\u2019auteur estamp\u00e9 dor\u00e9, tranche de t\u00eate dor\u00e9e, couverture couleur conserv\u00e9e, signet rouge, 140 x 77, 84p. 1898. Avec illustrations de Calbet (\u00e0 pleine page et en marge, bleues et sanguines). Int\u00e9rieur tr\u00e8s &#8230; <a title=\"Le r\u00e9giment  &#8211; Georges d\u2019Esparb\u00e8s \/ Calbet (ill.)\" class=\"read-more\" href=\"https:\/\/www.livresentre2actions.fr\/en\/product\/le-regiment-georges-desparbes-calbet-ill\/\" aria-label=\"Read more about Le r\u00e9giment  &#8211; Georges d\u2019Esparb\u00e8s \/ Calbet (ill.)\">Read more<\/a><\/p>","protected":false},"featured_media":15815,"template":"","meta":{"_eb_attr":""},"product_brand":[],"product_cat":[36,74,84,71,76],"product_tag":[86],"class_list":{"0":"post-15814","1":"product","2":"type-product","3":"status-publish","4":"has-post-thumbnail","6":"product_cat-entre-le-xviiieme-et-le-xixeme-siecle","7":"product_cat-collections","8":"product_cat-curiosa","9":"product_cat-illustres-modernes-editions-originales-signees-numerotees","10":"product_cat-poesie-theatre-prose","11":"product_tag-illustre","12":"sales-flash-overlay","13":"woocommerce-text-align-center","14":"woocommerce-image-align-center","15":"wc-has-gallery","17":"first","18":"instock","19":"taxable","20":"shipping-taxable","21":"purchasable","22":"product-type-simple"},"aioseo_notices":[],"_links":{"self":[{"href":"https:\/\/www.livresentre2actions.fr\/en\/wp-json\/wp\/v2\/product\/15814","targetHints":{"allow":["GET"]}}],"collection":[{"href":"https:\/\/www.livresentre2actions.fr\/en\/wp-json\/wp\/v2\/product"}],"about":[{"href":"https:\/\/www.livresentre2actions.fr\/en\/wp-json\/wp\/v2\/types\/product"}],"wp:featuredmedia":[{"embeddable":true,"href":"https:\/\/www.livresentre2actions.fr\/en\/wp-json\/wp\/v2\/media\/15815"}],"wp:attachment":[{"href":"https:\/\/www.livresentre2actions.fr\/en\/wp-json\/wp\/v2\/media?parent=15814"}],"wp:term":[{"taxonomy":"product_brand","embeddable":true,"href":"https:\/\/www.livresentre2actions.fr\/en\/wp-json\/wp\/v2\/product_brand?post=15814"},{"taxonomy":"product_cat","embeddable":true,"href":"https:\/\/www.livresentre2actions.fr\/en\/wp-json\/wp\/v2\/product_cat?post=15814"},{"taxonomy":"product_tag","embeddable":true,"href":"https:\/\/www.livresentre2actions.fr\/en\/wp-json\/wp\/v2\/product_tag?post=15814"}],"curies":[{"name":"wp","href":"https:\/\/api.w.org\/{rel}","templated":true}]}}