{"id":15788,"date":"2025-10-28T17:58:55","date_gmt":"2025-10-28T16:58:55","guid":{"rendered":"https:\/\/www.livresentre2actions.fr\/?post_type=product&#038;p=15788"},"modified":"2025-10-28T17:59:58","modified_gmt":"2025-10-28T16:59:58","slug":"elem-dasie-idylle-des-temps-primitifs-j-h-rosny-mittis-ill","status":"publish","type":"product","link":"https:\/\/www.livresentre2actions.fr\/en\/product\/elem-dasie-idylle-des-temps-primitifs-j-h-rosny-mittis-ill\/","title":{"rendered":"Elem d\u2019Asie. Idylle des temps primitifs, J.-H. Rosny \/ Mittis (ill.)"},"content":{"rendered":"<p>Librairie Borel &#8211; Pleine basane marine \u00e0 dos romantique orn\u00e9 de 5 faux-nerfs, de liser\u00e9s, frises et pi\u00e8ce de titre havane, et de l\u2019auteur estamp\u00e9 dor\u00e9, tranche de t\u00eate dor\u00e9e, couverture couleur conserv\u00e9e, 140 x 77, 211p.. Hors table. 1897. int\u00e9rieur propre et int\u00e8gre. Coins et champs frott\u00e9s,avec \u00e9pidermures. Plats marines frott\u00e9s, avec griffes et \u00e9pidermures marginales. Dos frott\u00e9, l\u00e9g\u00e8rement insol\u00e9, \u00e9pidermures en coiffe et queue et en pleine. Bon exemplaire bien ferme.<\/p>","protected":false},"excerpt":{"rendered":"<p>Librairie Borel &#8211; Pleine basane marine \u00e0 dos romantique orn\u00e9 de 5 faux-nerfs, de liser\u00e9s, frises et pi\u00e8ce de titre havane, et de l\u2019auteur estamp\u00e9 dor\u00e9, tranche de t\u00eate dor\u00e9e, couverture couleur conserv\u00e9e, 140 x 77, 211p.. Hors table. 1897. int\u00e9rieur propre et int\u00e8gre. Coins et champs frott\u00e9s,avec \u00e9pidermures. Plats marines frott\u00e9s, avec griffes et &#8230; <a title=\"Elem d\u2019Asie. Idylle des temps primitifs, J.-H. Rosny \/ Mittis (ill.)\" class=\"read-more\" href=\"https:\/\/www.livresentre2actions.fr\/en\/product\/elem-dasie-idylle-des-temps-primitifs-j-h-rosny-mittis-ill\/\" aria-label=\"Read more about Elem d\u2019Asie. Idylle des temps primitifs, J.-H. Rosny \/ Mittis (ill.)\">Read more<\/a><\/p>","protected":false},"featured_media":15789,"template":"","meta":{"_eb_attr":""},"product_brand":[],"product_cat":[36,74,84,71,76],"product_tag":[86],"class_list":{"0":"post-15788","1":"product","2":"type-product","3":"status-publish","4":"has-post-thumbnail","6":"product_cat-entre-le-xviiieme-et-le-xixeme-siecle","7":"product_cat-collections","8":"product_cat-curiosa","9":"product_cat-illustres-modernes-editions-originales-signees-numerotees","10":"product_cat-poesie-theatre-prose","11":"product_tag-illustre","12":"sales-flash-overlay","13":"woocommerce-text-align-center","14":"woocommerce-image-align-center","15":"wc-has-gallery","17":"first","18":"instock","19":"taxable","20":"shipping-taxable","21":"purchasable","22":"product-type-simple"},"aioseo_notices":[],"_links":{"self":[{"href":"https:\/\/www.livresentre2actions.fr\/en\/wp-json\/wp\/v2\/product\/15788","targetHints":{"allow":["GET"]}}],"collection":[{"href":"https:\/\/www.livresentre2actions.fr\/en\/wp-json\/wp\/v2\/product"}],"about":[{"href":"https:\/\/www.livresentre2actions.fr\/en\/wp-json\/wp\/v2\/types\/product"}],"wp:featuredmedia":[{"embeddable":true,"href":"https:\/\/www.livresentre2actions.fr\/en\/wp-json\/wp\/v2\/media\/15789"}],"wp:attachment":[{"href":"https:\/\/www.livresentre2actions.fr\/en\/wp-json\/wp\/v2\/media?parent=15788"}],"wp:term":[{"taxonomy":"product_brand","embeddable":true,"href":"https:\/\/www.livresentre2actions.fr\/en\/wp-json\/wp\/v2\/product_brand?post=15788"},{"taxonomy":"product_cat","embeddable":true,"href":"https:\/\/www.livresentre2actions.fr\/en\/wp-json\/wp\/v2\/product_cat?post=15788"},{"taxonomy":"product_tag","embeddable":true,"href":"https:\/\/www.livresentre2actions.fr\/en\/wp-json\/wp\/v2\/product_tag?post=15788"}],"curies":[{"name":"wp","href":"https:\/\/api.w.org\/{rel}","templated":true}]}}