{"id":15745,"date":"2025-10-27T17:00:23","date_gmt":"2025-10-27T16:00:23","guid":{"rendered":"https:\/\/www.livresentre2actions.fr\/?post_type=product&#038;p=15745"},"modified":"2025-10-27T17:01:20","modified_gmt":"2025-10-27T16:01:20","slug":"a-suze-journal-des-fouilles-1884-1886-mme-jane-dieulafoy","status":"publish","type":"product","link":"https:\/\/www.livresentre2actions.fr\/en\/product\/a-suze-journal-des-fouilles-1884-1886-mme-jane-dieulafoy\/","title":{"rendered":"\u00c0 Suze. Journal des fouilles. 1884 -1886 &#8211; Mme Jane Dieulafoy"},"content":{"rendered":"<p>Librairie Hachette et Cie &#8211; Demi-chagrin bleu, plats de percaline, 340 x 260, toutes tranches dor\u00e9es, signet mauve, Plats illustr\u00e9s \u00e0 l\u2019identique : motifs g\u00e9om\u00e9triques bleus sur fond cr\u00e8me sur lequel se d\u00e9tachent des rameaux de feuillus et un m\u00e9daillon argent\u00e9 (aux motifs assyriens). Dos orn\u00e9 de motifs floraux) et de cartouche de titre et d&rsquo;\u00e9diteur sur fond argent\u00e9. 366p. Avec table. 1888. \u00c9dition originale illustr\u00e9e de 121 gravures sur bois : in-texte, ent\u00eates, culs-de-lampes, et \u00e0 pleine page (38) d&rsquo;apr\u00e8s les photographies de la mission Barclay, Bida, Dieulafoy, Ferdinandus, Girardet, etc. Et une carte couleur in fine (int\u00e8gre, mais mont\u00e9e \u00e0 l\u2019envers).<\/p>\n<p>Jane Magre (1851-1916) \u00e9pousa l&rsquo;arch\u00e9ologue Marcel Dieulafoy (1844-1920) en 1870. Elle participa \u00e0 ses explorations \u00e0 Suse (1884-1886), en Espagne, au Maroc.<\/p>\n<p>Int\u00e9rieur avec rousseurs variable, plut\u00f4t marginales. Coins et champs frott\u00e9s, deux coins l\u00e9g\u00e8rement \u00e9mouss\u00e9s. Plats tr\u00e8s bons, quelques griffes, plat sup\u00e9rieur un peu insol\u00e9 et gris\u00e9.Dos un peu plu insol\u00e9s et frott\u00e9, avec \u00e9pidermures nombreuses en coiffe, queue et mors. Bel exemplaire bien ferme.<\/p>","protected":false},"excerpt":{"rendered":"<p>Librairie Hachette et Cie &#8211; Demi-chagrin bleu, plats de percaline, 340 x 260, toutes tranches dor\u00e9es, signet mauve, Plats illustr\u00e9s \u00e0 l\u2019identique : motifs g\u00e9om\u00e9triques bleus sur fond cr\u00e8me sur lequel se d\u00e9tachent des rameaux de feuillus et un m\u00e9daillon argent\u00e9 (aux motifs assyriens). Dos orn\u00e9 de motifs floraux) et de cartouche de titre et &#8230; <a title=\"\u00c0 Suze. Journal des fouilles. 1884 -1886 &#8211; Mme Jane Dieulafoy\" class=\"read-more\" href=\"https:\/\/www.livresentre2actions.fr\/en\/product\/a-suze-journal-des-fouilles-1884-1886-mme-jane-dieulafoy\/\" aria-label=\"Read more about \u00c0 Suze. Journal des fouilles. 1884 -1886 &#8211; Mme Jane Dieulafoy\">Read more<\/a><\/p>","protected":false},"featured_media":15746,"template":"","meta":{"_eb_attr":""},"product_brand":[],"product_cat":[36,75,71,73],"product_tag":[86],"class_list":{"0":"post-15745","1":"product","2":"type-product","3":"status-publish","4":"has-post-thumbnail","6":"product_cat-entre-le-xviiieme-et-le-xixeme-siecle","7":"product_cat-art","8":"product_cat-illustres-modernes-editions-originales-signees-numerotees","9":"product_cat-histoires-et-recits-de-voyage","10":"product_tag-illustre","11":"sales-flash-overlay","12":"woocommerce-text-align-center","13":"woocommerce-image-align-center","14":"wc-has-gallery","16":"first","17":"instock","18":"taxable","19":"shipping-taxable","20":"purchasable","21":"product-type-simple"},"aioseo_notices":[],"_links":{"self":[{"href":"https:\/\/www.livresentre2actions.fr\/en\/wp-json\/wp\/v2\/product\/15745","targetHints":{"allow":["GET"]}}],"collection":[{"href":"https:\/\/www.livresentre2actions.fr\/en\/wp-json\/wp\/v2\/product"}],"about":[{"href":"https:\/\/www.livresentre2actions.fr\/en\/wp-json\/wp\/v2\/types\/product"}],"wp:featuredmedia":[{"embeddable":true,"href":"https:\/\/www.livresentre2actions.fr\/en\/wp-json\/wp\/v2\/media\/15746"}],"wp:attachment":[{"href":"https:\/\/www.livresentre2actions.fr\/en\/wp-json\/wp\/v2\/media?parent=15745"}],"wp:term":[{"taxonomy":"product_brand","embeddable":true,"href":"https:\/\/www.livresentre2actions.fr\/en\/wp-json\/wp\/v2\/product_brand?post=15745"},{"taxonomy":"product_cat","embeddable":true,"href":"https:\/\/www.livresentre2actions.fr\/en\/wp-json\/wp\/v2\/product_cat?post=15745"},{"taxonomy":"product_tag","embeddable":true,"href":"https:\/\/www.livresentre2actions.fr\/en\/wp-json\/wp\/v2\/product_tag?post=15745"}],"curies":[{"name":"wp","href":"https:\/\/api.w.org\/{rel}","templated":true}]}}