{"id":15668,"date":"2025-10-23T15:30:44","date_gmt":"2025-10-23T13:30:44","guid":{"rendered":"https:\/\/www.livresentre2actions.fr\/?post_type=product&#038;p=15668"},"modified":"2025-10-23T15:30:44","modified_gmt":"2025-10-23T13:30:44","slug":"le-double-almanach-mathieu-le-triple-almanach-mathieu-de-la-drome-2-vols","status":"publish","type":"product","link":"https:\/\/www.livresentre2actions.fr\/en\/product\/le-double-almanach-mathieu-le-triple-almanach-mathieu-de-la-drome-2-vols\/","title":{"rendered":"Le double Almanach Mathieu \/ Le triple Almanach Mathieu (de la Dr\u00f4me), 2 vols."},"content":{"rendered":"<p>Le double Almanach Mathieu (de la Dr\u00f4me). Indicateur du temps pour 1880. Indispensable aux cultivateurs et aux marins. Orn\u00e9 de vignettes par les premiers artistes. Dix-septi\u00e8me ann\u00e9e<\/p>\n<p>Collectif [Les sommit\u00e9s scientifiques et litt\u00e9raires] &#8211; Au d\u00e9p\u00f4t central des almanachs<\/p>\n<p>Broch\u00e9, 138 x 98, 106p. Suivi de 18 p. d\u2019annonces publicitaires certaines illustr\u00e9es. Int\u00e9rieur propre. Couvertures et dos d\u00e9fra\u00eechis, pliures, petites d\u00e9chirures quasi toutes sans manque. Un cachet \u00ab\u00a0Colportage\u00a0\u00bb tamponn\u00e9 en premi\u00e8re de couverture. Couverture qui d\u00e9tache<\/p>\n<p>Le triple Almanach Mathieu (de la Dr\u00f4me). Indicateur du temps pour 1887. Indispensable aux cultivateurs et aux marins. Orn\u00e9 de vignettes par les premiers artistes. Vingt-quatri\u00e8me ann\u00e9e<\/p>\n<p>Broch\u00e9, 201 x 150, 174p. Avec table. Suivi de 20p. d\u2019annonces publicitaires certaines illustr\u00e9es. Int\u00e9rieur propre. Un manque en pied de page de titre, en marge. Manque que l\u2019on retrouve en couverture. Des petits manques en couvertures et dos, et un plus important en t\u00eate de dos. Exemplaire bien ferme, couvertures encore bien solidaires.<\/p>","protected":false},"excerpt":{"rendered":"<p>Le double Almanach Mathieu (de la Dr\u00f4me). Indicateur du temps pour 1880. Indispensable aux cultivateurs et aux marins. Orn\u00e9 de vignettes par les premiers artistes. Dix-septi\u00e8me ann\u00e9e Collectif [Les sommit\u00e9s scientifiques et litt\u00e9raires] &#8211; Au d\u00e9p\u00f4t central des almanachs Broch\u00e9, 138 x 98, 106p. Suivi de 18 p. d\u2019annonces publicitaires certaines illustr\u00e9es. Int\u00e9rieur propre. Couvertures &#8230; <a title=\"Le double Almanach Mathieu \/ Le triple Almanach Mathieu (de la Dr\u00f4me), 2 vols.\" class=\"read-more\" href=\"https:\/\/www.livresentre2actions.fr\/en\/product\/le-double-almanach-mathieu-le-triple-almanach-mathieu-de-la-drome-2-vols\/\" aria-label=\"Read more about Le double Almanach Mathieu \/ Le triple Almanach Mathieu (de la Dr\u00f4me), 2 vols.\">Read more<\/a><\/p>","protected":false},"featured_media":15669,"template":"","meta":{"_eb_attr":""},"product_brand":[],"product_cat":[36,74,71,73],"product_tag":[],"class_list":{"0":"post-15668","1":"product","2":"type-product","3":"status-publish","4":"has-post-thumbnail","6":"product_cat-entre-le-xviiieme-et-le-xixeme-siecle","7":"product_cat-collections","8":"product_cat-illustres-modernes-editions-originales-signees-numerotees","9":"product_cat-histoires-et-recits-de-voyage","10":"sales-flash-overlay","11":"woocommerce-text-align-center","12":"woocommerce-image-align-center","13":"wc-has-gallery","15":"first","16":"instock","17":"taxable","18":"shipping-taxable","19":"purchasable","20":"product-type-simple"},"aioseo_notices":[],"_links":{"self":[{"href":"https:\/\/www.livresentre2actions.fr\/en\/wp-json\/wp\/v2\/product\/15668","targetHints":{"allow":["GET"]}}],"collection":[{"href":"https:\/\/www.livresentre2actions.fr\/en\/wp-json\/wp\/v2\/product"}],"about":[{"href":"https:\/\/www.livresentre2actions.fr\/en\/wp-json\/wp\/v2\/types\/product"}],"wp:featuredmedia":[{"embeddable":true,"href":"https:\/\/www.livresentre2actions.fr\/en\/wp-json\/wp\/v2\/media\/15669"}],"wp:attachment":[{"href":"https:\/\/www.livresentre2actions.fr\/en\/wp-json\/wp\/v2\/media?parent=15668"}],"wp:term":[{"taxonomy":"product_brand","embeddable":true,"href":"https:\/\/www.livresentre2actions.fr\/en\/wp-json\/wp\/v2\/product_brand?post=15668"},{"taxonomy":"product_cat","embeddable":true,"href":"https:\/\/www.livresentre2actions.fr\/en\/wp-json\/wp\/v2\/product_cat?post=15668"},{"taxonomy":"product_tag","embeddable":true,"href":"https:\/\/www.livresentre2actions.fr\/en\/wp-json\/wp\/v2\/product_tag?post=15668"}],"curies":[{"name":"wp","href":"https:\/\/api.w.org\/{rel}","templated":true}]}}