{"id":15630,"date":"2025-10-23T15:24:13","date_gmt":"2025-10-23T13:24:13","guid":{"rendered":"https:\/\/www.livresentre2actions.fr\/?post_type=product&#038;p=15630"},"modified":"2025-10-23T15:25:13","modified_gmt":"2025-10-23T13:25:13","slug":"compendium-elementorum-matheseos-universae-in-usum-studiosae-juventutis-adornatum-2-tomes-complet","status":"publish","type":"product","link":"https:\/\/www.livresentre2actions.fr\/en\/product\/compendium-elementorum-matheseos-universae-in-usum-studiosae-juventutis-adornatum-2-tomes-complet\/","title":{"rendered":"Compendium Elementorum Matheseos Universae in usum studiosae juventutis adornatum. 2 tomes complet"},"content":{"rendered":"<p>Christiano Wolffio &#8211; Sumptibus Marci-Mic Bousquet, Lausane &amp; Gen\u00e8ve<\/p>\n<p>Plein veau marbr\u00e9 dos \u00e0 cinq nerfs orn\u00e9 aux caissons, d\u2019une pi\u00e8ce de titre en matoquin lie de vin, et d\u2019une tomaison, toutes tranches peign\u00e9es, 172 x 110, 466 et 499p. Avec index in fine du T2. 1763.<\/p>\n<p>Frontispice au T1 : portrait grav\u00e9. Avant la lettre : Adresse \u00e0 l\u2019auteur, par la math\u00e9maticien allemand Johann Samuel K\u00f6nig, 4p. ent\u00eate. Praefacio autoris, dat\u00e9e de 1713, et le sommaire des deux tomes, 2 ent\u00eates, pagin\u00e9s VIII-XVIII.<\/p>\n<p>Suivi de De methodo mathematica commentatio brevis, pp. XIX-XXX. Puis le texte. Ti, avec 8 planches (6 d\u00e9pliantes) en Geometrica ; 1 pl. d\u00e9pliante en Trigonometria ; 3 pl. D\u00e9pl.en Mechanica ; 1pl. d\u00e9ol. en Hydrostatica ; 2 pl. d\u00e9pl. en Hydraulica ; 1pl. d\u00e9ol. en Catroptica ; 1 pl. d\u00e9ol. en Dioptrica ; et 3 pl. s\u00e9pl. en Perspectiva.<\/p>\n<p>T2, avec : 4 pl. d\u00e9pl. en Astronomia ; 3 pl. d\u00e9pl. en Gnomonica ; \u00a05 pl. d\u00e9pl. en Architectura militaris ; 12 pl. d\u00e9pl. en Architectura civilis. Soit au total : 45 illustrations dont 44 planches toutes int\u00e8gres (certaines \u00e0 plusieurs figures).<\/p>\n<p>Pour les deux volumes int\u00e9rieur propre, int\u00e8gre. Avec une note manuscrite latine en marge de la pr\u00e9face. En page de garde du T1 un ex-libris manuscrit (auteur de la note en pr\u00e9face) non identifi\u00e9 possiblement issu d\u2019un ex-dono de Casimir Delavigne ici mentionn\u00e9. Coins et champs frott\u00e9s, 5 coins l\u00e9g\u00e8rement \u00e9mouss\u00e9s, des manques aux champs. Plats et dos frott\u00e9s avec \u00e9pidermures. Coiffes aras\u00e9es, un manque en queue et caisson de queue du T2. Mors frott\u00e9s mais bons, un manque en pied de mors du T2. Bloc live du T2 l\u00e9g\u00e8rement ouvert en t\u00eate pages 224-225. Bons exemplaires, bien fermes.<\/p>\n<p>Historiquement entre Leibniz et Kant, Christian Wolff (1679-1754) est un philosophe, juriste et math\u00e9maticien n\u00e9 sous les Habsbourg \u00e0 Breslau. Tomus primus : Arithmetica. Geometria. Trigonometria. Mechanica. Hydrostatica. Aerometria. Hydraulica. Optica. Catroptica. Dioptrica. Perspectiva]. Tomo secondo : Astronomia, Geographia, Chronologia, Gnomonica, Pyrotechnia, Architectura militaris, Architectura civilis, Algebra].<\/p>","protected":false},"excerpt":{"rendered":"<p>Christiano Wolffio &#8211; Sumptibus Marci-Mic Bousquet, Lausane &amp; Gen\u00e8ve Plein veau marbr\u00e9 dos \u00e0 cinq nerfs orn\u00e9 aux caissons, d\u2019une pi\u00e8ce de titre en matoquin lie de vin, et d\u2019une tomaison, toutes tranches peign\u00e9es, 172 x 110, 466 et 499p. Avec index in fine du T2. 1763. Frontispice au T1 : portrait grav\u00e9. Avant la &#8230; <a title=\"Compendium Elementorum Matheseos Universae in usum studiosae juventutis adornatum. 2 tomes complet\" class=\"read-more\" href=\"https:\/\/www.livresentre2actions.fr\/en\/product\/compendium-elementorum-matheseos-universae-in-usum-studiosae-juventutis-adornatum-2-tomes-complet\/\" aria-label=\"Read more about Compendium Elementorum Matheseos Universae in usum studiosae juventutis adornatum. 2 tomes complet\">Read more<\/a><\/p>","protected":false},"featured_media":15631,"template":"","meta":{"_eb_attr":""},"product_brand":[],"product_cat":[36,71,82,69],"product_tag":[86],"class_list":{"0":"post-15630","1":"product","2":"type-product","3":"status-publish","4":"has-post-thumbnail","6":"product_cat-entre-le-xviiieme-et-le-xixeme-siecle","7":"product_cat-illustres-modernes-editions-originales-signees-numerotees","8":"product_cat-philosophie","9":"product_cat-sciences-et-techniques","10":"product_tag-illustre","11":"sales-flash-overlay","12":"woocommerce-text-align-center","13":"woocommerce-image-align-center","14":"wc-has-gallery","16":"first","17":"instock","18":"taxable","19":"shipping-taxable","20":"purchasable","21":"product-type-simple"},"aioseo_notices":[],"_links":{"self":[{"href":"https:\/\/www.livresentre2actions.fr\/en\/wp-json\/wp\/v2\/product\/15630","targetHints":{"allow":["GET"]}}],"collection":[{"href":"https:\/\/www.livresentre2actions.fr\/en\/wp-json\/wp\/v2\/product"}],"about":[{"href":"https:\/\/www.livresentre2actions.fr\/en\/wp-json\/wp\/v2\/types\/product"}],"wp:featuredmedia":[{"embeddable":true,"href":"https:\/\/www.livresentre2actions.fr\/en\/wp-json\/wp\/v2\/media\/15631"}],"wp:attachment":[{"href":"https:\/\/www.livresentre2actions.fr\/en\/wp-json\/wp\/v2\/media?parent=15630"}],"wp:term":[{"taxonomy":"product_brand","embeddable":true,"href":"https:\/\/www.livresentre2actions.fr\/en\/wp-json\/wp\/v2\/product_brand?post=15630"},{"taxonomy":"product_cat","embeddable":true,"href":"https:\/\/www.livresentre2actions.fr\/en\/wp-json\/wp\/v2\/product_cat?post=15630"},{"taxonomy":"product_tag","embeddable":true,"href":"https:\/\/www.livresentre2actions.fr\/en\/wp-json\/wp\/v2\/product_tag?post=15630"}],"curies":[{"name":"wp","href":"https:\/\/api.w.org\/{rel}","templated":true}]}}