{"id":15599,"date":"2025-08-22T16:11:49","date_gmt":"2025-08-22T14:11:49","guid":{"rendered":"https:\/\/www.livresentre2actions.fr\/?post_type=product&#038;p=15599"},"modified":"2025-10-22T16:12:25","modified_gmt":"2025-10-22T14:12:25","slug":"le-livre-du-rouchi-parler-picard-de-valenciennes-jean-dauby","status":"publish","type":"product","link":"https:\/\/www.livresentre2actions.fr\/en\/product\/le-livre-du-rouchi-parler-picard-de-valenciennes-jean-dauby\/","title":{"rendered":"Le Livre du rouchi, parler picard de Valenciennes, Jean Dauby"},"content":{"rendered":"<p>Cartonnage \u00e9diteur, 244 x 163, 417p. hors table. 1979. tr\u00e8s bon exemplaire, propre int\u00e8gre, bien ferme. Avec envoi sign\u00e9 dat\u00e9 de l&rsquo;auteur. Un des 3000 non num\u00e9rot\u00e9.<\/p>","protected":false},"excerpt":{"rendered":"<p>Cartonnage \u00e9diteur, 244 x 163, 417p. hors table. 1979. tr\u00e8s bon exemplaire, propre int\u00e8gre, bien ferme. Avec envoi sign\u00e9 dat\u00e9 de l&rsquo;auteur. Un des 3000 non num\u00e9rot\u00e9.<\/p>","protected":false},"featured_media":15600,"template":"","meta":{"_eb_attr":""},"product_brand":[],"product_cat":[37,71,81],"product_tag":[87],"class_list":{"0":"post-15599","1":"product","2":"type-product","3":"status-publish","4":"has-post-thumbnail","6":"product_cat-a-partir-du-xxeme-siecle","7":"product_cat-illustres-modernes-editions-originales-signees-numerotees","8":"product_cat-hauts-de-france","9":"product_tag-signe","10":"sales-flash-overlay","11":"woocommerce-text-align-center","12":"woocommerce-image-align-center","13":"wc-has-gallery","15":"first","16":"instock","17":"taxable","18":"shipping-taxable","19":"purchasable","20":"product-type-simple"},"aioseo_notices":[],"_links":{"self":[{"href":"https:\/\/www.livresentre2actions.fr\/en\/wp-json\/wp\/v2\/product\/15599","targetHints":{"allow":["GET"]}}],"collection":[{"href":"https:\/\/www.livresentre2actions.fr\/en\/wp-json\/wp\/v2\/product"}],"about":[{"href":"https:\/\/www.livresentre2actions.fr\/en\/wp-json\/wp\/v2\/types\/product"}],"wp:featuredmedia":[{"embeddable":true,"href":"https:\/\/www.livresentre2actions.fr\/en\/wp-json\/wp\/v2\/media\/15600"}],"wp:attachment":[{"href":"https:\/\/www.livresentre2actions.fr\/en\/wp-json\/wp\/v2\/media?parent=15599"}],"wp:term":[{"taxonomy":"product_brand","embeddable":true,"href":"https:\/\/www.livresentre2actions.fr\/en\/wp-json\/wp\/v2\/product_brand?post=15599"},{"taxonomy":"product_cat","embeddable":true,"href":"https:\/\/www.livresentre2actions.fr\/en\/wp-json\/wp\/v2\/product_cat?post=15599"},{"taxonomy":"product_tag","embeddable":true,"href":"https:\/\/www.livresentre2actions.fr\/en\/wp-json\/wp\/v2\/product_tag?post=15599"}],"curies":[{"name":"wp","href":"https:\/\/api.w.org\/{rel}","templated":true}]}}