{"id":15590,"date":"2025-08-22T16:08:09","date_gmt":"2025-08-22T14:08:09","guid":{"rendered":"https:\/\/www.livresentre2actions.fr\/?post_type=product&#038;p=15590"},"modified":"2025-10-22T16:09:00","modified_gmt":"2025-10-22T14:09:00","slug":"hainaut-connaissance-du-bati-ancien-en-europe","status":"publish","type":"product","link":"https:\/\/www.livresentre2actions.fr\/en\/product\/hainaut-connaissance-du-bati-ancien-en-europe\/","title":{"rendered":"Hainaut &#8211; Connaissance du b\u00e2ti ancien en Europe"},"content":{"rendered":"<p>Broch\u00e9 sous embo\u00eetage, 305 x 210, 229p. 1992. Excellent exemplaire, propre, int\u00e8gre, bien ferme. Proche du neuf.<\/p>","protected":false},"excerpt":{"rendered":"<p>Broch\u00e9 sous embo\u00eetage, 305 x 210, 229p. 1992. Excellent exemplaire, propre, int\u00e8gre, bien ferme. Proche du neuf.<\/p>","protected":false},"featured_media":15592,"template":"","meta":{"_eb_attr":""},"product_brand":[],"product_cat":[37,72,71,81],"product_tag":[86],"class_list":{"0":"post-15590","1":"product","2":"type-product","3":"status-publish","4":"has-post-thumbnail","6":"product_cat-a-partir-du-xxeme-siecle","7":"product_cat-divers","8":"product_cat-illustres-modernes-editions-originales-signees-numerotees","9":"product_cat-hauts-de-france","10":"product_tag-illustre","11":"sales-flash-overlay","12":"woocommerce-text-align-center","13":"woocommerce-image-align-center","14":"wc-has-gallery","16":"first","17":"instock","18":"taxable","19":"shipping-taxable","20":"purchasable","21":"product-type-simple"},"aioseo_notices":[],"_links":{"self":[{"href":"https:\/\/www.livresentre2actions.fr\/en\/wp-json\/wp\/v2\/product\/15590","targetHints":{"allow":["GET"]}}],"collection":[{"href":"https:\/\/www.livresentre2actions.fr\/en\/wp-json\/wp\/v2\/product"}],"about":[{"href":"https:\/\/www.livresentre2actions.fr\/en\/wp-json\/wp\/v2\/types\/product"}],"wp:featuredmedia":[{"embeddable":true,"href":"https:\/\/www.livresentre2actions.fr\/en\/wp-json\/wp\/v2\/media\/15592"}],"wp:attachment":[{"href":"https:\/\/www.livresentre2actions.fr\/en\/wp-json\/wp\/v2\/media?parent=15590"}],"wp:term":[{"taxonomy":"product_brand","embeddable":true,"href":"https:\/\/www.livresentre2actions.fr\/en\/wp-json\/wp\/v2\/product_brand?post=15590"},{"taxonomy":"product_cat","embeddable":true,"href":"https:\/\/www.livresentre2actions.fr\/en\/wp-json\/wp\/v2\/product_cat?post=15590"},{"taxonomy":"product_tag","embeddable":true,"href":"https:\/\/www.livresentre2actions.fr\/en\/wp-json\/wp\/v2\/product_tag?post=15590"}],"curies":[{"name":"wp","href":"https:\/\/api.w.org\/{rel}","templated":true}]}}