{"id":15570,"date":"2025-08-16T21:26:46","date_gmt":"2025-08-16T19:26:46","guid":{"rendered":"https:\/\/www.livresentre2actions.fr\/?post_type=product&#038;p=15570"},"modified":"2025-10-16T21:27:20","modified_gmt":"2025-10-16T19:27:20","slug":"de-la-sparteine-en-therapeutique-cardiaque-dr-henry-bulteau","status":"publish","type":"product","link":"https:\/\/www.livresentre2actions.fr\/en\/product\/de-la-sparteine-en-therapeutique-cardiaque-dr-henry-bulteau\/","title":{"rendered":"De la spart\u00e9ine en th\u00e9rapeutique cardiaque &#8211; Dr. Henry Bulteau"},"content":{"rendered":"<p>Camille Robbe \u00e9diteur &#8211; Broch\u00e9, 255 x 167, 1921. Premi\u00e8re \u00e9dition. Avec envoi sign\u00e9 de l\u2019auteur au titre. Travail du Laboratoire de th\u00e9rapeutique , du Laboratoire de physiologie et de la Clinique m\u00e9dicale (Saint-Sauveur) de la facult\u00e9 de m\u00e9decine de Lille. Avec 12 planches hors texte noir, pleine page. Int\u00e9rieur insol\u00e9 mais propre et int\u00e8gre. Rousseurs sur la tranche. Couvertures insol\u00e9s, avec rousseurs au dos, des petites d\u00e9chirures sans manque en bordure de couvertures. Bon exemplaire, bien ferme.<\/p>","protected":false},"excerpt":{"rendered":"<p>Camille Robbe \u00e9diteur &#8211; Broch\u00e9, 255 x 167, 1921. Premi\u00e8re \u00e9dition. Avec envoi sign\u00e9 de l\u2019auteur au titre. Travail du Laboratoire de th\u00e9rapeutique , du Laboratoire de physiologie et de la Clinique m\u00e9dicale (Saint-Sauveur) de la facult\u00e9 de m\u00e9decine de Lille. Avec 12 planches hors texte noir, pleine page. Int\u00e9rieur insol\u00e9 mais propre et int\u00e8gre. &#8230; <a title=\"De la spart\u00e9ine en th\u00e9rapeutique cardiaque &#8211; Dr. Henry Bulteau\" class=\"read-more\" href=\"https:\/\/www.livresentre2actions.fr\/en\/product\/de-la-sparteine-en-therapeutique-cardiaque-dr-henry-bulteau\/\" aria-label=\"Read more about De la spart\u00e9ine en th\u00e9rapeutique cardiaque &#8211; Dr. Henry Bulteau\">Read more<\/a><\/p>","protected":false},"featured_media":15571,"template":"","meta":{"_eb_attr":""},"product_brand":[],"product_cat":[37,71,70],"product_tag":[86,87],"class_list":{"0":"post-15570","1":"product","2":"type-product","3":"status-publish","4":"has-post-thumbnail","6":"product_cat-a-partir-du-xxeme-siecle","7":"product_cat-illustres-modernes-editions-originales-signees-numerotees","8":"product_cat-medecine-et-nature","9":"product_tag-illustre","10":"product_tag-signe","11":"sales-flash-overlay","12":"woocommerce-text-align-center","13":"woocommerce-image-align-center","14":"wc-has-gallery","16":"first","17":"instock","18":"taxable","19":"shipping-taxable","20":"purchasable","21":"product-type-simple"},"aioseo_notices":[],"_links":{"self":[{"href":"https:\/\/www.livresentre2actions.fr\/en\/wp-json\/wp\/v2\/product\/15570","targetHints":{"allow":["GET"]}}],"collection":[{"href":"https:\/\/www.livresentre2actions.fr\/en\/wp-json\/wp\/v2\/product"}],"about":[{"href":"https:\/\/www.livresentre2actions.fr\/en\/wp-json\/wp\/v2\/types\/product"}],"wp:featuredmedia":[{"embeddable":true,"href":"https:\/\/www.livresentre2actions.fr\/en\/wp-json\/wp\/v2\/media\/15571"}],"wp:attachment":[{"href":"https:\/\/www.livresentre2actions.fr\/en\/wp-json\/wp\/v2\/media?parent=15570"}],"wp:term":[{"taxonomy":"product_brand","embeddable":true,"href":"https:\/\/www.livresentre2actions.fr\/en\/wp-json\/wp\/v2\/product_brand?post=15570"},{"taxonomy":"product_cat","embeddable":true,"href":"https:\/\/www.livresentre2actions.fr\/en\/wp-json\/wp\/v2\/product_cat?post=15570"},{"taxonomy":"product_tag","embeddable":true,"href":"https:\/\/www.livresentre2actions.fr\/en\/wp-json\/wp\/v2\/product_tag?post=15570"}],"curies":[{"name":"wp","href":"https:\/\/api.w.org\/{rel}","templated":true}]}}