{"id":15539,"date":"2025-08-16T21:16:15","date_gmt":"2025-08-16T19:16:15","guid":{"rendered":"https:\/\/www.livresentre2actions.fr\/?post_type=product&#038;p=15539"},"modified":"2025-11-11T13:56:20","modified_gmt":"2025-11-11T12:56:20","slug":"demonstration-des-fondements-de-la-foi-a-lusage-des-petits-seminaires-et-des-colleges","status":"publish","type":"product","link":"https:\/\/www.livresentre2actions.fr\/en\/product\/demonstration-des-fondements-de-la-foi-a-lusage-des-petits-seminaires-et-des-colleges\/","title":{"rendered":"D\u00e9monstration des fondements de la foi: \u00e0 l&rsquo;usage des petits s\u00e9minaires et des coll\u00e9ges"},"content":{"rendered":"<p>Sans nom d\u2019auteur [Abb\u00e9 Bouvet]<\/p>\n<p>P.J. Hanicq, Malines &#8211; Demi-veau havane, dos long orn\u00e9 d\u2019une pi\u00e8ce de titre noire, de frises et motifs floraux, tranches caillout\u00e9es, 178 x 110, 384p. 1845. Deuxi\u00e8me \u00e9dition, apr\u00e8s celle de 1843. Un ex-libris manuscrit au titre, un autre biff\u00e9 et dat\u00e9, un manque en page de garde. Int\u00e9rieur propre, rousseurs en d\u00e9but et fin de volume. Des frottements et \u00e9pidermures \u00e0 la reliure, queue de dos aras\u00e9e. Bon exemplaire bien ferme.<\/p>","protected":false},"excerpt":{"rendered":"<p>Sans nom d\u2019auteur [Abb\u00e9 Bouvet] P.J. Hanicq, Malines &#8211; Demi-veau havane, dos long orn\u00e9 d\u2019une pi\u00e8ce de titre noire, de frises et motifs floraux, tranches caillout\u00e9es, 178 x 110, 384p. 1845. Deuxi\u00e8me \u00e9dition, apr\u00e8s celle de 1843. Un ex-libris manuscrit au titre, un autre biff\u00e9 et dat\u00e9, un manque en page de garde. Int\u00e9rieur propre, &#8230; <a title=\"D\u00e9monstration des fondements de la foi: \u00e0 l&rsquo;usage des petits s\u00e9minaires et des coll\u00e9ges\" class=\"read-more\" href=\"https:\/\/www.livresentre2actions.fr\/en\/product\/demonstration-des-fondements-de-la-foi-a-lusage-des-petits-seminaires-et-des-colleges\/\" aria-label=\"Read more about D\u00e9monstration des fondements de la foi: \u00e0 l&rsquo;usage des petits s\u00e9minaires et des coll\u00e9ges\">Read more<\/a><\/p>","protected":false},"featured_media":0,"template":"","meta":{"_eb_attr":""},"product_brand":[],"product_cat":[36,68],"product_tag":[],"class_list":{"0":"post-15539","1":"product","2":"type-product","3":"status-publish","5":"product_cat-entre-le-xviiieme-et-le-xixeme-siecle","6":"product_cat-religion-spiritualite","7":"sales-flash-overlay","8":"woocommerce-text-align-center","9":"woocommerce-image-align-center","11":"first","12":"outofstock","13":"taxable","14":"shipping-taxable","15":"purchasable","16":"product-type-simple"},"aioseo_notices":[],"_links":{"self":[{"href":"https:\/\/www.livresentre2actions.fr\/en\/wp-json\/wp\/v2\/product\/15539","targetHints":{"allow":["GET"]}}],"collection":[{"href":"https:\/\/www.livresentre2actions.fr\/en\/wp-json\/wp\/v2\/product"}],"about":[{"href":"https:\/\/www.livresentre2actions.fr\/en\/wp-json\/wp\/v2\/types\/product"}],"wp:attachment":[{"href":"https:\/\/www.livresentre2actions.fr\/en\/wp-json\/wp\/v2\/media?parent=15539"}],"wp:term":[{"taxonomy":"product_brand","embeddable":true,"href":"https:\/\/www.livresentre2actions.fr\/en\/wp-json\/wp\/v2\/product_brand?post=15539"},{"taxonomy":"product_cat","embeddable":true,"href":"https:\/\/www.livresentre2actions.fr\/en\/wp-json\/wp\/v2\/product_cat?post=15539"},{"taxonomy":"product_tag","embeddable":true,"href":"https:\/\/www.livresentre2actions.fr\/en\/wp-json\/wp\/v2\/product_tag?post=15539"}],"curies":[{"name":"wp","href":"https:\/\/api.w.org\/{rel}","templated":true}]}}