{"id":15527,"date":"2025-08-16T21:10:35","date_gmt":"2025-08-16T19:10:35","guid":{"rendered":"https:\/\/www.livresentre2actions.fr\/?post_type=product&#038;p=15527"},"modified":"2025-10-16T21:11:43","modified_gmt":"2025-10-16T19:11:43","slug":"la-courtisane-taia-et-son-singe-vert-suivi-de-le-rire-du-sphinx","status":"publish","type":"product","link":"https:\/\/www.livresentre2actions.fr\/en\/product\/la-courtisane-taia-et-son-singe-vert-suivi-de-le-rire-du-sphinx\/","title":{"rendered":"La courtisane Tai\u00e4 et son singe vert. Suivi de Le rire du Sphinx"},"content":{"rendered":"<p>R. de Flers \/ L. Marold et A. Fabr\u00e8s (ill.) &#8211; Librairie Borel<\/p>\n<p>Pleine basane mauve \u00e0 dos romantique orn\u00e9 de 5 faux-nerfs, de liser\u00e9s, frises et pi\u00e8ce de titre olive, et de l\u2019auteur estamp\u00e9 dor\u00e9, tranche de t\u00eate dor\u00e9e, couverture couleur conserv\u00e9e, signet rouge, 140 x 77, 114p. Hors table. 1896. Illustrations de L. Marold et A. Fabr\u00e8s La couverture conserv\u00e9e est d\u00e9tach\u00e9e\u00a0; pour le reste int\u00e9rieur propre et int\u00e8gre. Coins et champs frott\u00e9s, coins avec \u00e9pidermures. Plats mauves frott\u00e9 mais bons, plat inf\u00e9rieur rid\u00e9. Dos insol\u00e9\/d\u00e9color\u00e9. Bon exemplaire bien ferme.<\/p>","protected":false},"excerpt":{"rendered":"<p>R. de Flers \/ L. Marold et A. Fabr\u00e8s (ill.) &#8211; Librairie Borel Pleine basane mauve \u00e0 dos romantique orn\u00e9 de 5 faux-nerfs, de liser\u00e9s, frises et pi\u00e8ce de titre olive, et de l\u2019auteur estamp\u00e9 dor\u00e9, tranche de t\u00eate dor\u00e9e, couverture couleur conserv\u00e9e, signet rouge, 140 x 77, 114p. Hors table. 1896. Illustrations de L. &#8230; <a title=\"La courtisane Tai\u00e4 et son singe vert. Suivi de Le rire du Sphinx\" class=\"read-more\" href=\"https:\/\/www.livresentre2actions.fr\/en\/product\/la-courtisane-taia-et-son-singe-vert-suivi-de-le-rire-du-sphinx\/\" aria-label=\"Read more about La courtisane Tai\u00e4 et son singe vert. Suivi de Le rire du Sphinx\">Read more<\/a><\/p>","protected":false},"featured_media":15528,"template":"","meta":{"_eb_attr":""},"product_brand":[],"product_cat":[36,74,84,71,76],"product_tag":[86],"class_list":{"0":"post-15527","1":"product","2":"type-product","3":"status-publish","4":"has-post-thumbnail","6":"product_cat-entre-le-xviiieme-et-le-xixeme-siecle","7":"product_cat-collections","8":"product_cat-curiosa","9":"product_cat-illustres-modernes-editions-originales-signees-numerotees","10":"product_cat-poesie-theatre-prose","11":"product_tag-illustre","12":"sales-flash-overlay","13":"woocommerce-text-align-center","14":"woocommerce-image-align-center","15":"wc-has-gallery","17":"first","18":"instock","19":"taxable","20":"shipping-taxable","21":"purchasable","22":"product-type-simple"},"aioseo_notices":[],"_links":{"self":[{"href":"https:\/\/www.livresentre2actions.fr\/en\/wp-json\/wp\/v2\/product\/15527","targetHints":{"allow":["GET"]}}],"collection":[{"href":"https:\/\/www.livresentre2actions.fr\/en\/wp-json\/wp\/v2\/product"}],"about":[{"href":"https:\/\/www.livresentre2actions.fr\/en\/wp-json\/wp\/v2\/types\/product"}],"wp:featuredmedia":[{"embeddable":true,"href":"https:\/\/www.livresentre2actions.fr\/en\/wp-json\/wp\/v2\/media\/15528"}],"wp:attachment":[{"href":"https:\/\/www.livresentre2actions.fr\/en\/wp-json\/wp\/v2\/media?parent=15527"}],"wp:term":[{"taxonomy":"product_brand","embeddable":true,"href":"https:\/\/www.livresentre2actions.fr\/en\/wp-json\/wp\/v2\/product_brand?post=15527"},{"taxonomy":"product_cat","embeddable":true,"href":"https:\/\/www.livresentre2actions.fr\/en\/wp-json\/wp\/v2\/product_cat?post=15527"},{"taxonomy":"product_tag","embeddable":true,"href":"https:\/\/www.livresentre2actions.fr\/en\/wp-json\/wp\/v2\/product_tag?post=15527"}],"curies":[{"name":"wp","href":"https:\/\/api.w.org\/{rel}","templated":true}]}}