{"id":15460,"date":"2025-08-03T14:32:43","date_gmt":"2025-08-03T12:32:43","guid":{"rendered":"https:\/\/www.livresentre2actions.fr\/?post_type=product&#038;p=15460"},"modified":"2025-10-29T18:11:32","modified_gmt":"2025-10-29T17:11:32","slug":"the-songs-of-burns-robert-burns-miniature","status":"publish","type":"product","link":"https:\/\/www.livresentre2actions.fr\/en\/product\/the-songs-of-burns-robert-burns-miniature\/","title":{"rendered":"The Songs of Burns &#8211; Robert Burns &#8211; Miniature"},"content":{"rendered":"<p>The Songs of Burns with a biographical Preface, Notes and Glossary<\/p>\n<p>Printed for William Clark &#8211; Pleine percaline verte chagrin\u00e9e dos long orn\u00e9 d\u2019une pi\u00e8ce de titre papier, 88 x 52, 184p. London, 1834. Frontispice. Tr\u00e8s bon exemplaire, propre int\u00e8gre, bien ferme.<\/p>","protected":false},"excerpt":{"rendered":"<p>The Songs of Burns with a biographical Preface, Notes and Glossary Printed for William Clark &#8211; Pleine percaline verte chagrin\u00e9e dos long orn\u00e9 d\u2019une pi\u00e8ce de titre papier, 88 x 52, 184p. London, 1834. Frontispice. Tr\u00e8s bon exemplaire, propre int\u00e8gre, bien ferme.<\/p>","protected":false},"featured_media":0,"template":"","meta":{"_eb_attr":""},"product_brand":[],"product_cat":[36,71,100,76],"product_tag":[],"class_list":{"0":"post-15460","1":"product","2":"type-product","3":"status-publish","5":"product_cat-entre-le-xviiieme-et-le-xixeme-siecle","6":"product_cat-illustres-modernes-editions-originales-signees-numerotees","7":"product_cat-miniatures-minuscules","8":"product_cat-poesie-theatre-prose","9":"sales-flash-overlay","10":"woocommerce-text-align-center","11":"woocommerce-image-align-center","13":"first","14":"outofstock","15":"taxable","16":"shipping-taxable","17":"purchasable","18":"product-type-simple"},"aioseo_notices":[],"_links":{"self":[{"href":"https:\/\/www.livresentre2actions.fr\/en\/wp-json\/wp\/v2\/product\/15460","targetHints":{"allow":["GET"]}}],"collection":[{"href":"https:\/\/www.livresentre2actions.fr\/en\/wp-json\/wp\/v2\/product"}],"about":[{"href":"https:\/\/www.livresentre2actions.fr\/en\/wp-json\/wp\/v2\/types\/product"}],"wp:attachment":[{"href":"https:\/\/www.livresentre2actions.fr\/en\/wp-json\/wp\/v2\/media?parent=15460"}],"wp:term":[{"taxonomy":"product_brand","embeddable":true,"href":"https:\/\/www.livresentre2actions.fr\/en\/wp-json\/wp\/v2\/product_brand?post=15460"},{"taxonomy":"product_cat","embeddable":true,"href":"https:\/\/www.livresentre2actions.fr\/en\/wp-json\/wp\/v2\/product_cat?post=15460"},{"taxonomy":"product_tag","embeddable":true,"href":"https:\/\/www.livresentre2actions.fr\/en\/wp-json\/wp\/v2\/product_tag?post=15460"}],"curies":[{"name":"wp","href":"https:\/\/api.w.org\/{rel}","templated":true}]}}