{"id":15388,"date":"2025-08-03T13:27:19","date_gmt":"2025-08-03T11:27:19","guid":{"rendered":"https:\/\/www.livresentre2actions.fr\/?post_type=product&#038;p=15388"},"modified":"2025-10-03T13:28:03","modified_gmt":"2025-10-03T11:28:03","slug":"le-livre-des-tetes-de-bois-saint-juirs-rene-delorme-dit-signe","status":"publish","type":"product","link":"https:\/\/www.livresentre2actions.fr\/en\/product\/le-livre-des-tetes-de-bois-saint-juirs-rene-delorme-dit-signe\/","title":{"rendered":"Le Livre des t\u00eates de bois &#8211; Saint-Juirs (Ren\u00e9 Delorme, dit) &#8211; Sign\u00e9"},"content":{"rendered":"<p>Charpentier, Libraire<\/p>\n<p>in-8 demi-maroquin rouge \u00e0 coins, 250 x 170, dos \u00e0 5 nerfs, titre dor\u00e9, tranche de t\u00eate dor\u00e9e, couvertures conserv\u00e9es, 445 p. 1883 &#8211; \u00c9dition originale tir\u00e9e \u00e0 500 ex. ici n\u00b0422 des 400 ex. sur papier ordinaire. Complet de ses 28 gravures hors texte dont 15 eaux-fortes sous serpente, reprises dans la table. Quelques petites rousseurs \u00e9parses, plus abondantes sur les tranches de goutti\u00e8re et de pied. Ex-dono manuscrit sign\u00e9 de Charles de Dreux \u00e0 Charles Delafosse. Charles de Dreux \u00e9tant l\u2019un des auteurs participants \u00e0 l\u2019ouvrage. Et en contreplat sup\u00e9rieur, un ex-libris de Roland Thibaut. Bel exemplaire. Reliure en tr\u00e8s bel \u00e9tat.<\/p>","protected":false},"excerpt":{"rendered":"<p>Charpentier, Libraire in-8 demi-maroquin rouge \u00e0 coins, 250 x 170, dos \u00e0 5 nerfs, titre dor\u00e9, tranche de t\u00eate dor\u00e9e, couvertures conserv\u00e9es, 445 p. 1883 &#8211; \u00c9dition originale tir\u00e9e \u00e0 500 ex. ici n\u00b0422 des 400 ex. sur papier ordinaire. Complet de ses 28 gravures hors texte dont 15 eaux-fortes sous serpente, reprises dans la &#8230; <a title=\"Le Livre des t\u00eates de bois &#8211; Saint-Juirs (Ren\u00e9 Delorme, dit) &#8211; Sign\u00e9\" class=\"read-more\" href=\"https:\/\/www.livresentre2actions.fr\/en\/product\/le-livre-des-tetes-de-bois-saint-juirs-rene-delorme-dit-signe\/\" aria-label=\"Read more about Le Livre des t\u00eates de bois &#8211; Saint-Juirs (Ren\u00e9 Delorme, dit) &#8211; Sign\u00e9\">Read more<\/a><\/p>","protected":false},"featured_media":15389,"template":"","meta":{"_eb_attr":""},"product_brand":[],"product_cat":[36,71,76],"product_tag":[86,87],"class_list":{"0":"post-15388","1":"product","2":"type-product","3":"status-publish","4":"has-post-thumbnail","6":"product_cat-entre-le-xviiieme-et-le-xixeme-siecle","7":"product_cat-illustres-modernes-editions-originales-signees-numerotees","8":"product_cat-poesie-theatre-prose","9":"product_tag-illustre","10":"product_tag-signe","11":"sales-flash-overlay","12":"woocommerce-text-align-center","13":"woocommerce-image-align-center","14":"wc-has-gallery","16":"first","17":"instock","18":"taxable","19":"shipping-taxable","20":"purchasable","21":"product-type-simple"},"aioseo_notices":[],"_links":{"self":[{"href":"https:\/\/www.livresentre2actions.fr\/en\/wp-json\/wp\/v2\/product\/15388","targetHints":{"allow":["GET"]}}],"collection":[{"href":"https:\/\/www.livresentre2actions.fr\/en\/wp-json\/wp\/v2\/product"}],"about":[{"href":"https:\/\/www.livresentre2actions.fr\/en\/wp-json\/wp\/v2\/types\/product"}],"wp:featuredmedia":[{"embeddable":true,"href":"https:\/\/www.livresentre2actions.fr\/en\/wp-json\/wp\/v2\/media\/15389"}],"wp:attachment":[{"href":"https:\/\/www.livresentre2actions.fr\/en\/wp-json\/wp\/v2\/media?parent=15388"}],"wp:term":[{"taxonomy":"product_brand","embeddable":true,"href":"https:\/\/www.livresentre2actions.fr\/en\/wp-json\/wp\/v2\/product_brand?post=15388"},{"taxonomy":"product_cat","embeddable":true,"href":"https:\/\/www.livresentre2actions.fr\/en\/wp-json\/wp\/v2\/product_cat?post=15388"},{"taxonomy":"product_tag","embeddable":true,"href":"https:\/\/www.livresentre2actions.fr\/en\/wp-json\/wp\/v2\/product_tag?post=15388"}],"curies":[{"name":"wp","href":"https:\/\/api.w.org\/{rel}","templated":true}]}}