{"id":15359,"date":"2025-08-03T12:11:49","date_gmt":"2025-08-03T10:11:49","guid":{"rendered":"https:\/\/www.livresentre2actions.fr\/?post_type=product&#038;p=15359"},"modified":"2025-10-03T12:12:24","modified_gmt":"2025-10-03T10:12:24","slug":"waverley-or-tis-sixty-years-since-sir-walter-scott-2","status":"publish","type":"product","link":"https:\/\/www.livresentre2actions.fr\/en\/product\/waverley-or-tis-sixty-years-since-sir-walter-scott-2\/","title":{"rendered":"Waverley or, &lsquo;Tis Sixty Years Since. Sir Walter Scott"},"content":{"rendered":"<p>A. and W. Galignani &#8211; Plein veau marbr\u00e9, dos long orn\u00e9 d\u2019une pi\u00e8ce de titre et de tomaison en maroquin rouge, dos richement d\u00e9cor\u00e9 frises et fleurons, plats \u00e0 encadrement \u00e0 liser\u00e9 et frise, tranches jasp\u00e9es, signet bleu-gris, 174 x 105, Third edition. 3 tomes. T1, Preface to the third edition, vi-viii, et 239p. TII, 247p. TIII, 248p. Rousseurs marginales, int\u00e9rieurs propres. Coins, plats et champs frott\u00e9s, avec \u00e9pidermures, plats tr\u00e8s bons\u00a0; mors et dos l\u00e9g\u00e8rement frott\u00e9s mais tr\u00e8s bons. Waverley ou l&rsquo;\u00c9cosse il y a soixante ans est une oeuvre importante dans l\u2019histoire de la litt\u00e9rature. Premier roman de l\u2019auteur paru anonymement en 1814, il est consid\u00e9r\u00e9 par G. Lukacs comme le premier roman historique de \u00ab\u00a0forme classique. \u00c9galement en stock dans la m\u00eame reliure\u00a0:Essays\u00a0; Woodstock\u00a0; Guy Mannering\u00a0; Kennilworth\u00a0; Peveril of the Peak<\/p>","protected":false},"excerpt":{"rendered":"<p>A. and W. Galignani &#8211; Plein veau marbr\u00e9, dos long orn\u00e9 d\u2019une pi\u00e8ce de titre et de tomaison en maroquin rouge, dos richement d\u00e9cor\u00e9 frises et fleurons, plats \u00e0 encadrement \u00e0 liser\u00e9 et frise, tranches jasp\u00e9es, signet bleu-gris, 174 x 105, Third edition. 3 tomes. T1, Preface to the third edition, vi-viii, et 239p. TII, &#8230; <a title=\"Waverley or, &lsquo;Tis Sixty Years Since. Sir Walter Scott\" class=\"read-more\" href=\"https:\/\/www.livresentre2actions.fr\/en\/product\/waverley-or-tis-sixty-years-since-sir-walter-scott-2\/\" aria-label=\"Read more about Waverley or, &lsquo;Tis Sixty Years Since. Sir Walter Scott\">Read more<\/a><\/p>","protected":false},"featured_media":15360,"template":"","meta":{"_eb_attr":""},"product_brand":[],"product_cat":[36,76],"product_tag":[],"class_list":{"0":"post-15359","1":"product","2":"type-product","3":"status-publish","4":"has-post-thumbnail","6":"product_cat-entre-le-xviiieme-et-le-xixeme-siecle","7":"product_cat-poesie-theatre-prose","8":"sales-flash-overlay","9":"woocommerce-text-align-center","10":"woocommerce-image-align-center","11":"wc-has-gallery","13":"first","14":"instock","15":"taxable","16":"shipping-taxable","17":"purchasable","18":"product-type-simple"},"aioseo_notices":[],"_links":{"self":[{"href":"https:\/\/www.livresentre2actions.fr\/en\/wp-json\/wp\/v2\/product\/15359","targetHints":{"allow":["GET"]}}],"collection":[{"href":"https:\/\/www.livresentre2actions.fr\/en\/wp-json\/wp\/v2\/product"}],"about":[{"href":"https:\/\/www.livresentre2actions.fr\/en\/wp-json\/wp\/v2\/types\/product"}],"wp:featuredmedia":[{"embeddable":true,"href":"https:\/\/www.livresentre2actions.fr\/en\/wp-json\/wp\/v2\/media\/15360"}],"wp:attachment":[{"href":"https:\/\/www.livresentre2actions.fr\/en\/wp-json\/wp\/v2\/media?parent=15359"}],"wp:term":[{"taxonomy":"product_brand","embeddable":true,"href":"https:\/\/www.livresentre2actions.fr\/en\/wp-json\/wp\/v2\/product_brand?post=15359"},{"taxonomy":"product_cat","embeddable":true,"href":"https:\/\/www.livresentre2actions.fr\/en\/wp-json\/wp\/v2\/product_cat?post=15359"},{"taxonomy":"product_tag","embeddable":true,"href":"https:\/\/www.livresentre2actions.fr\/en\/wp-json\/wp\/v2\/product_tag?post=15359"}],"curies":[{"name":"wp","href":"https:\/\/api.w.org\/{rel}","templated":true}]}}