{"id":15341,"date":"2025-08-03T12:01:19","date_gmt":"2025-08-03T10:01:19","guid":{"rendered":"https:\/\/www.livresentre2actions.fr\/?post_type=product&#038;p=15341"},"modified":"2025-10-03T12:02:05","modified_gmt":"2025-10-03T10:02:05","slug":"kenilworth-a-romance-sir-walter-scott","status":"publish","type":"product","link":"https:\/\/www.livresentre2actions.fr\/en\/product\/kenilworth-a-romance-sir-walter-scott\/","title":{"rendered":"Kenilworth, a romance. Sir Walter Scott"},"content":{"rendered":"<p>3 tomes, complet &#8211; A. and W. Galignani &#8211; Plein veau marbr\u00e9, dos long orn\u00e9 d\u2019une pi\u00e8ce de titre et de tomaison en maroquin rouge, dos richement d\u00e9cor\u00e9 frises et fleurons, plats \u00e0 encadrement \u00e0 liser\u00e9 et frise, tranches jasp\u00e9es, signet bleu-gris, 174 x 105, 1821. 3 tomes. Parue la m\u00eame ann\u00e9e que l\u2019original. T1, 242p. TII, 260p. TIII, 263p. Rousseurs marginales, parfois plus marqu\u00e9es, int\u00e9rieurs propres. Coins et champs frott\u00e9s, avec \u00e9pidermures, coins de pied du T2 l\u00e9g\u00e8rement cogn\u00e9s. Plats tr\u00e8s bons\u00a0; mors et dos l\u00e9g\u00e8rement frott\u00e9s mais tr\u00e8s bons, des \u00e9pidermures en coiffe et queue. Bel ensemble. \u00c9galement en stock\u00a0dans la m\u00eame reliure\u00a0: Essays\u00a0; Waverley ; Woodstock\u00a0; Guy Mannering\u00a0; Peveril of the Peak<\/p>","protected":false},"excerpt":{"rendered":"<p>3 tomes, complet &#8211; A. and W. Galignani &#8211; Plein veau marbr\u00e9, dos long orn\u00e9 d\u2019une pi\u00e8ce de titre et de tomaison en maroquin rouge, dos richement d\u00e9cor\u00e9 frises et fleurons, plats \u00e0 encadrement \u00e0 liser\u00e9 et frise, tranches jasp\u00e9es, signet bleu-gris, 174 x 105, 1821. 3 tomes. Parue la m\u00eame ann\u00e9e que l\u2019original. T1, &#8230; <a title=\"Kenilworth, a romance. Sir Walter Scott\" class=\"read-more\" href=\"https:\/\/www.livresentre2actions.fr\/en\/product\/kenilworth-a-romance-sir-walter-scott\/\" aria-label=\"Read more about Kenilworth, a romance. Sir Walter Scott\">Read more<\/a><\/p>","protected":false},"featured_media":15342,"template":"","meta":{"_eb_attr":""},"product_brand":[],"product_cat":[36,76],"product_tag":[],"class_list":{"0":"post-15341","1":"product","2":"type-product","3":"status-publish","4":"has-post-thumbnail","6":"product_cat-entre-le-xviiieme-et-le-xixeme-siecle","7":"product_cat-poesie-theatre-prose","8":"sales-flash-overlay","9":"woocommerce-text-align-center","10":"woocommerce-image-align-center","11":"wc-has-gallery","13":"first","14":"instock","15":"taxable","16":"shipping-taxable","17":"purchasable","18":"product-type-simple"},"aioseo_notices":[],"_links":{"self":[{"href":"https:\/\/www.livresentre2actions.fr\/en\/wp-json\/wp\/v2\/product\/15341","targetHints":{"allow":["GET"]}}],"collection":[{"href":"https:\/\/www.livresentre2actions.fr\/en\/wp-json\/wp\/v2\/product"}],"about":[{"href":"https:\/\/www.livresentre2actions.fr\/en\/wp-json\/wp\/v2\/types\/product"}],"wp:featuredmedia":[{"embeddable":true,"href":"https:\/\/www.livresentre2actions.fr\/en\/wp-json\/wp\/v2\/media\/15342"}],"wp:attachment":[{"href":"https:\/\/www.livresentre2actions.fr\/en\/wp-json\/wp\/v2\/media?parent=15341"}],"wp:term":[{"taxonomy":"product_brand","embeddable":true,"href":"https:\/\/www.livresentre2actions.fr\/en\/wp-json\/wp\/v2\/product_brand?post=15341"},{"taxonomy":"product_cat","embeddable":true,"href":"https:\/\/www.livresentre2actions.fr\/en\/wp-json\/wp\/v2\/product_cat?post=15341"},{"taxonomy":"product_tag","embeddable":true,"href":"https:\/\/www.livresentre2actions.fr\/en\/wp-json\/wp\/v2\/product_tag?post=15341"}],"curies":[{"name":"wp","href":"https:\/\/api.w.org\/{rel}","templated":true}]}}