{"id":15325,"date":"2025-08-03T11:55:16","date_gmt":"2025-08-03T09:55:16","guid":{"rendered":"https:\/\/www.livresentre2actions.fr\/?post_type=product&#038;p=15325"},"modified":"2025-10-03T11:55:49","modified_gmt":"2025-10-03T09:55:49","slug":"guy-mannering-or-the-astrologer-3-tomes-sir-walter-scott","status":"publish","type":"product","link":"https:\/\/www.livresentre2actions.fr\/en\/product\/guy-mannering-or-the-astrologer-3-tomes-sir-walter-scott\/","title":{"rendered":"Guy Mannering or, The Astrologer, 3 tomes. Sir Walter Scott"},"content":{"rendered":"<p>A. and W. Galignani &#8211; Plein veau marbr\u00e9, dos long orn\u00e9 d\u2019une pi\u00e8ce de titre et de tomaison en maroquin rouge, dos richement d\u00e9cor\u00e9 frises et fleurons, plats \u00e0 encadrement \u00e0 liser\u00e9 et frise, tranches jasp\u00e9es, signet bleu-gris, 174 x 105, 1821. 3 tomes. T1, 226p. TII, 329p. TIII, 335p. Rousseurs marginales, int\u00e9rieurs propres. Coins et champs frott\u00e9s, avec \u00e9pidermures, plats tr\u00e8s bons ; mors et dos l\u00e9g\u00e8rement frott\u00e9s mais tr\u00e8s bons, des \u00e9pidermures en coiffe et queue. Bel ensemble. \u00c9galement en stock dans la m\u00eame reliure : Essays ; Waverley ; Woodstock ; Kennilworth ; Peveril of the Peak<\/p>","protected":false},"excerpt":{"rendered":"<p>A. and W. Galignani &#8211; Plein veau marbr\u00e9, dos long orn\u00e9 d\u2019une pi\u00e8ce de titre et de tomaison en maroquin rouge, dos richement d\u00e9cor\u00e9 frises et fleurons, plats \u00e0 encadrement \u00e0 liser\u00e9 et frise, tranches jasp\u00e9es, signet bleu-gris, 174 x 105, 1821. 3 tomes. T1, 226p. TII, 329p. TIII, 335p. Rousseurs marginales, int\u00e9rieurs propres. Coins &#8230; <a title=\"Guy Mannering or, The Astrologer, 3 tomes. Sir Walter Scott\" class=\"read-more\" href=\"https:\/\/www.livresentre2actions.fr\/en\/product\/guy-mannering-or-the-astrologer-3-tomes-sir-walter-scott\/\" aria-label=\"Read more about Guy Mannering or, The Astrologer, 3 tomes. Sir Walter Scott\">Read more<\/a><\/p>","protected":false},"featured_media":15326,"template":"","meta":{"_eb_attr":""},"product_brand":[],"product_cat":[36,76],"product_tag":[],"class_list":{"0":"post-15325","1":"product","2":"type-product","3":"status-publish","4":"has-post-thumbnail","6":"product_cat-entre-le-xviiieme-et-le-xixeme-siecle","7":"product_cat-poesie-theatre-prose","8":"sales-flash-overlay","9":"woocommerce-text-align-center","10":"woocommerce-image-align-center","11":"wc-has-gallery","13":"first","14":"instock","15":"taxable","16":"shipping-taxable","17":"purchasable","18":"product-type-simple"},"aioseo_notices":[],"_links":{"self":[{"href":"https:\/\/www.livresentre2actions.fr\/en\/wp-json\/wp\/v2\/product\/15325","targetHints":{"allow":["GET"]}}],"collection":[{"href":"https:\/\/www.livresentre2actions.fr\/en\/wp-json\/wp\/v2\/product"}],"about":[{"href":"https:\/\/www.livresentre2actions.fr\/en\/wp-json\/wp\/v2\/types\/product"}],"wp:featuredmedia":[{"embeddable":true,"href":"https:\/\/www.livresentre2actions.fr\/en\/wp-json\/wp\/v2\/media\/15326"}],"wp:attachment":[{"href":"https:\/\/www.livresentre2actions.fr\/en\/wp-json\/wp\/v2\/media?parent=15325"}],"wp:term":[{"taxonomy":"product_brand","embeddable":true,"href":"https:\/\/www.livresentre2actions.fr\/en\/wp-json\/wp\/v2\/product_brand?post=15325"},{"taxonomy":"product_cat","embeddable":true,"href":"https:\/\/www.livresentre2actions.fr\/en\/wp-json\/wp\/v2\/product_cat?post=15325"},{"taxonomy":"product_tag","embeddable":true,"href":"https:\/\/www.livresentre2actions.fr\/en\/wp-json\/wp\/v2\/product_tag?post=15325"}],"curies":[{"name":"wp","href":"https:\/\/api.w.org\/{rel}","templated":true}]}}