{"id":15285,"date":"2025-08-03T11:36:38","date_gmt":"2025-08-03T09:36:38","guid":{"rendered":"https:\/\/www.livresentre2actions.fr\/?post_type=product&#038;p=15285"},"modified":"2025-10-03T11:41:57","modified_gmt":"2025-10-03T09:41:57","slug":"waverley-or-tis-sixty-years-since-sir-walter-scott","status":"publish","type":"product","link":"https:\/\/www.livresentre2actions.fr\/en\/product\/waverley-or-tis-sixty-years-since-sir-walter-scott\/","title":{"rendered":"Woodstock or, The Cavalier, a tale. Sir Walter Scott"},"content":{"rendered":"<p>Woodstock or, The Cavalier, a tale, Sir Walter Scott<\/p>\n<p>3 tomes, complet\u00a0 &#8211; A. and W. Galignani Plein veau marbr\u00e9, dos long orn\u00e9 d\u2019une pi\u00e8ce de titre et de tomaison en maroquin rouge, dos richement d\u00e9cor\u00e9 frises et fleurons, plats \u00e0 encadrement \u00e0 liser\u00e9 et frise, tranches jasp\u00e9es, signet bleu-gris, 174 x 105, 1826. M\u00eame ann\u00e9e que la premi\u00e8re \u00e9dition parue chez Archibald Constable and Co. 3 tomes. T1, Preface, ii-xii, et 259p. TII, 378p. TIII, 306p. Rousseurs marginales, int\u00e9rieurs propres. Coins et champs l\u00e9g\u00e8rement frott\u00e9s, avec \u00e9pidermures, plats tr\u00e8s bons ; mors et dos l\u00e9g\u00e8rement frott\u00e9s mais tr\u00e8s bons. Bel ensemble. \u00c9galement en stock dans la m\u00eame reliure : Essays ; Waverley ; Guy Mannering ; Kennilworth ; Peveril of the Peak<\/p>","protected":false},"excerpt":{"rendered":"<p>Woodstock or, The Cavalier, a tale, Sir Walter Scott 3 tomes, complet\u00a0 &#8211; A. and W. Galignani Plein veau marbr\u00e9, dos long orn\u00e9 d\u2019une pi\u00e8ce de titre et de tomaison en maroquin rouge, dos richement d\u00e9cor\u00e9 frises et fleurons, plats \u00e0 encadrement \u00e0 liser\u00e9 et frise, tranches jasp\u00e9es, signet bleu-gris, 174 x 105, 1826. M\u00eame &#8230; <a title=\"Woodstock or, The Cavalier, a tale. Sir Walter Scott\" class=\"read-more\" href=\"https:\/\/www.livresentre2actions.fr\/en\/product\/waverley-or-tis-sixty-years-since-sir-walter-scott\/\" aria-label=\"Read more about Woodstock or, The Cavalier, a tale. Sir Walter Scott\">Read more<\/a><\/p>","protected":false},"featured_media":15286,"template":"","meta":{"_eb_attr":""},"product_brand":[],"product_cat":[36,76],"product_tag":[],"class_list":{"0":"post-15285","1":"product","2":"type-product","3":"status-publish","4":"has-post-thumbnail","6":"product_cat-entre-le-xviiieme-et-le-xixeme-siecle","7":"product_cat-poesie-theatre-prose","8":"sales-flash-overlay","9":"woocommerce-text-align-center","10":"woocommerce-image-align-center","11":"wc-has-gallery","13":"first","14":"instock","15":"taxable","16":"shipping-taxable","17":"purchasable","18":"product-type-simple"},"aioseo_notices":[],"_links":{"self":[{"href":"https:\/\/www.livresentre2actions.fr\/en\/wp-json\/wp\/v2\/product\/15285","targetHints":{"allow":["GET"]}}],"collection":[{"href":"https:\/\/www.livresentre2actions.fr\/en\/wp-json\/wp\/v2\/product"}],"about":[{"href":"https:\/\/www.livresentre2actions.fr\/en\/wp-json\/wp\/v2\/types\/product"}],"wp:featuredmedia":[{"embeddable":true,"href":"https:\/\/www.livresentre2actions.fr\/en\/wp-json\/wp\/v2\/media\/15286"}],"wp:attachment":[{"href":"https:\/\/www.livresentre2actions.fr\/en\/wp-json\/wp\/v2\/media?parent=15285"}],"wp:term":[{"taxonomy":"product_brand","embeddable":true,"href":"https:\/\/www.livresentre2actions.fr\/en\/wp-json\/wp\/v2\/product_brand?post=15285"},{"taxonomy":"product_cat","embeddable":true,"href":"https:\/\/www.livresentre2actions.fr\/en\/wp-json\/wp\/v2\/product_cat?post=15285"},{"taxonomy":"product_tag","embeddable":true,"href":"https:\/\/www.livresentre2actions.fr\/en\/wp-json\/wp\/v2\/product_tag?post=15285"}],"curies":[{"name":"wp","href":"https:\/\/api.w.org\/{rel}","templated":true}]}}