{"id":15265,"date":"2025-08-03T11:24:31","date_gmt":"2025-08-03T09:24:31","guid":{"rendered":"https:\/\/www.livresentre2actions.fr\/?post_type=product&#038;p=15265"},"modified":"2025-10-03T11:25:05","modified_gmt":"2025-10-03T09:25:05","slug":"les-contes-drolatiques-balzac-dubout","status":"publish","type":"product","link":"https:\/\/www.livresentre2actions.fr\/en\/product\/les-contes-drolatiques-balzac-dubout\/","title":{"rendered":"Les contes drolatiques, Balzac \/ Dubout"},"content":{"rendered":"<p>Les contes drolatiques colligez ez abbayez de touraine et mis en lumi\u00e8re par le sieur de Balzac pour l&rsquo;esbattment des pantagruelistes et non aultres Balzac \/ Dubout<\/p>\n<p>Gibert Jeune &#8211;\u00a0Broch\u00e9 \u00e0 couvertures rempli\u00e9es, 265 x 205, 369p. Hors table. 1940. Int\u00e9rieur tr\u00e8s bon, propre, int\u00e8gre, non coup\u00e9 \u00e0 partir de la page 108. Couvertures et dos l\u00e9g\u00e8rement insol\u00e9s, avec une petite tache grise en couverture, et un tr\u00e8s petit manque en t\u00eate et pied de dos. Bon exemplaire bien ferme.<\/p>","protected":false},"excerpt":{"rendered":"<p>Les contes drolatiques colligez ez abbayez de touraine et mis en lumi\u00e8re par le sieur de Balzac pour l&rsquo;esbattment des pantagruelistes et non aultres Balzac \/ Dubout Gibert Jeune &#8211;\u00a0Broch\u00e9 \u00e0 couvertures rempli\u00e9es, 265 x 205, 369p. Hors table. 1940. Int\u00e9rieur tr\u00e8s bon, propre, int\u00e8gre, non coup\u00e9 \u00e0 partir de la page 108. Couvertures et &#8230; <a title=\"Les contes drolatiques, Balzac \/ Dubout\" class=\"read-more\" href=\"https:\/\/www.livresentre2actions.fr\/en\/product\/les-contes-drolatiques-balzac-dubout\/\" aria-label=\"Read more about Les contes drolatiques, Balzac \/ Dubout\">Read more<\/a><\/p>","protected":false},"featured_media":15266,"template":"","meta":{"_eb_attr":""},"product_brand":[],"product_cat":[37,75,84,71,76],"product_tag":[86],"class_list":{"0":"post-15265","1":"product","2":"type-product","3":"status-publish","4":"has-post-thumbnail","6":"product_cat-a-partir-du-xxeme-siecle","7":"product_cat-art","8":"product_cat-curiosa","9":"product_cat-illustres-modernes-editions-originales-signees-numerotees","10":"product_cat-poesie-theatre-prose","11":"product_tag-illustre","12":"sales-flash-overlay","13":"woocommerce-text-align-center","14":"woocommerce-image-align-center","15":"wc-has-gallery","17":"first","18":"instock","19":"taxable","20":"shipping-taxable","21":"purchasable","22":"product-type-simple"},"aioseo_notices":[],"_links":{"self":[{"href":"https:\/\/www.livresentre2actions.fr\/en\/wp-json\/wp\/v2\/product\/15265","targetHints":{"allow":["GET"]}}],"collection":[{"href":"https:\/\/www.livresentre2actions.fr\/en\/wp-json\/wp\/v2\/product"}],"about":[{"href":"https:\/\/www.livresentre2actions.fr\/en\/wp-json\/wp\/v2\/types\/product"}],"wp:featuredmedia":[{"embeddable":true,"href":"https:\/\/www.livresentre2actions.fr\/en\/wp-json\/wp\/v2\/media\/15266"}],"wp:attachment":[{"href":"https:\/\/www.livresentre2actions.fr\/en\/wp-json\/wp\/v2\/media?parent=15265"}],"wp:term":[{"taxonomy":"product_brand","embeddable":true,"href":"https:\/\/www.livresentre2actions.fr\/en\/wp-json\/wp\/v2\/product_brand?post=15265"},{"taxonomy":"product_cat","embeddable":true,"href":"https:\/\/www.livresentre2actions.fr\/en\/wp-json\/wp\/v2\/product_cat?post=15265"},{"taxonomy":"product_tag","embeddable":true,"href":"https:\/\/www.livresentre2actions.fr\/en\/wp-json\/wp\/v2\/product_tag?post=15265"}],"curies":[{"name":"wp","href":"https:\/\/api.w.org\/{rel}","templated":true}]}}