{"id":15228,"date":"2025-08-03T11:12:01","date_gmt":"2025-08-03T09:12:01","guid":{"rendered":"https:\/\/www.livresentre2actions.fr\/?post_type=product&#038;p=15228"},"modified":"2025-10-03T11:12:35","modified_gmt":"2025-10-03T09:12:35","slug":"neige-et-roc-gaston-rebuffat-edition-originale-signee","status":"publish","type":"product","link":"https:\/\/www.livresentre2actions.fr\/en\/product\/neige-et-roc-gaston-rebuffat-edition-originale-signee\/","title":{"rendered":"Neige et roc. Gaston Rebuffat, \u00e9dition originale sign\u00e9e"},"content":{"rendered":"<p>Cartonnage \u00e9diteur, 235 x 188, collection Tout par l&rsquo;image, 188p. Nombreuses illustrations in et hors texte. 1959. \u00c9dition\u00a0 originale avec envoi sign\u00e9 et dat\u00e9 de l&rsquo;auteur en page de faux-titre. Int\u00e9rieur prorpe et int\u00e8gre. Cartonnage l\u00e9g\u00e8rement frott\u00e9 mais prorpe et int\u00e8gre. Bel exemplaire bien ferme.<\/p>","protected":false},"excerpt":{"rendered":"<p>Cartonnage \u00e9diteur, 235 x 188, collection Tout par l&rsquo;image, 188p. Nombreuses illustrations in et hors texte. 1959. \u00c9dition\u00a0 originale avec envoi sign\u00e9 et dat\u00e9 de l&rsquo;auteur en page de faux-titre. Int\u00e9rieur prorpe et int\u00e8gre. Cartonnage l\u00e9g\u00e8rement frott\u00e9 mais prorpe et int\u00e8gre. Bel exemplaire bien ferme.<\/p>","protected":false},"featured_media":15229,"template":"","meta":{"_eb_attr":""},"product_brand":[],"product_cat":[15,37,72,71,70],"product_tag":[86,87],"class_list":{"0":"post-15228","1":"product","2":"type-product","3":"status-publish","4":"has-post-thumbnail","6":"product_cat-catalogue","7":"product_cat-a-partir-du-xxeme-siecle","8":"product_cat-divers","9":"product_cat-illustres-modernes-editions-originales-signees-numerotees","10":"product_cat-medecine-et-nature","11":"product_tag-illustre","12":"product_tag-signe","13":"sales-flash-overlay","14":"woocommerce-text-align-center","15":"woocommerce-image-align-center","16":"wc-has-gallery","18":"first","19":"instock","20":"taxable","21":"shipping-taxable","22":"purchasable","23":"product-type-simple"},"aioseo_notices":[],"_links":{"self":[{"href":"https:\/\/www.livresentre2actions.fr\/en\/wp-json\/wp\/v2\/product\/15228","targetHints":{"allow":["GET"]}}],"collection":[{"href":"https:\/\/www.livresentre2actions.fr\/en\/wp-json\/wp\/v2\/product"}],"about":[{"href":"https:\/\/www.livresentre2actions.fr\/en\/wp-json\/wp\/v2\/types\/product"}],"wp:featuredmedia":[{"embeddable":true,"href":"https:\/\/www.livresentre2actions.fr\/en\/wp-json\/wp\/v2\/media\/15229"}],"wp:attachment":[{"href":"https:\/\/www.livresentre2actions.fr\/en\/wp-json\/wp\/v2\/media?parent=15228"}],"wp:term":[{"taxonomy":"product_brand","embeddable":true,"href":"https:\/\/www.livresentre2actions.fr\/en\/wp-json\/wp\/v2\/product_brand?post=15228"},{"taxonomy":"product_cat","embeddable":true,"href":"https:\/\/www.livresentre2actions.fr\/en\/wp-json\/wp\/v2\/product_cat?post=15228"},{"taxonomy":"product_tag","embeddable":true,"href":"https:\/\/www.livresentre2actions.fr\/en\/wp-json\/wp\/v2\/product_tag?post=15228"}],"curies":[{"name":"wp","href":"https:\/\/api.w.org\/{rel}","templated":true}]}}