{"id":15216,"date":"2025-08-03T11:04:48","date_gmt":"2025-08-03T09:04:48","guid":{"rendered":"https:\/\/www.livresentre2actions.fr\/?post_type=product&#038;p=15216"},"modified":"2025-12-05T09:18:10","modified_gmt":"2025-12-05T08:18:10","slug":"vernon-et-sa-region-1890-1940-cinquante-ans-de-vie-et-dhistoire","status":"publish","type":"product","link":"https:\/\/www.livresentre2actions.fr\/en\/product\/vernon-et-sa-region-1890-1940-cinquante-ans-de-vie-et-dhistoire\/","title":{"rendered":"Vernon et sa r\u00e9gion : 1890-1940, cinquante ans de vie et d&rsquo;histoire"},"content":{"rendered":"<p>Pleine toile illustr\u00e9e, 310 x 224, 560p. Avec table. 1999. Edition originale. Except\u00e9 quelques frottements sur la pleine toile en plat inf\u00e9rieur, tr\u00e8s bon exemplaire, propre, int\u00e8gre bien ferme. Tirage limit\u00e9 \u00e0 1000 exemplaires.<\/p>","protected":false},"excerpt":{"rendered":"<p>Pleine toile illustr\u00e9e, 310 x 224, 560p. Avec table. 1999. Edition originale. Except\u00e9 quelques frottements sur la pleine toile en plat inf\u00e9rieur, tr\u00e8s bon exemplaire, propre, int\u00e8gre bien ferme. Tirage limit\u00e9 \u00e0 1000 exemplaires.<\/p>","protected":false},"featured_media":15217,"template":"","meta":{"_eb_attr":""},"product_brand":[],"product_cat":[37,71,73,97],"product_tag":[86],"class_list":{"0":"post-15216","1":"product","2":"type-product","3":"status-publish","4":"has-post-thumbnail","6":"product_cat-a-partir-du-xxeme-siecle","7":"product_cat-illustres-modernes-editions-originales-signees-numerotees","8":"product_cat-histoires-et-recits-de-voyage","9":"product_cat-regionalia-divers","10":"product_tag-illustre","11":"sales-flash-overlay","12":"woocommerce-text-align-center","13":"woocommerce-image-align-center","14":"wc-has-gallery","16":"first","17":"outofstock","18":"taxable","19":"shipping-taxable","20":"purchasable","21":"product-type-simple"},"aioseo_notices":[],"_links":{"self":[{"href":"https:\/\/www.livresentre2actions.fr\/en\/wp-json\/wp\/v2\/product\/15216","targetHints":{"allow":["GET"]}}],"collection":[{"href":"https:\/\/www.livresentre2actions.fr\/en\/wp-json\/wp\/v2\/product"}],"about":[{"href":"https:\/\/www.livresentre2actions.fr\/en\/wp-json\/wp\/v2\/types\/product"}],"wp:featuredmedia":[{"embeddable":true,"href":"https:\/\/www.livresentre2actions.fr\/en\/wp-json\/wp\/v2\/media\/15217"}],"wp:attachment":[{"href":"https:\/\/www.livresentre2actions.fr\/en\/wp-json\/wp\/v2\/media?parent=15216"}],"wp:term":[{"taxonomy":"product_brand","embeddable":true,"href":"https:\/\/www.livresentre2actions.fr\/en\/wp-json\/wp\/v2\/product_brand?post=15216"},{"taxonomy":"product_cat","embeddable":true,"href":"https:\/\/www.livresentre2actions.fr\/en\/wp-json\/wp\/v2\/product_cat?post=15216"},{"taxonomy":"product_tag","embeddable":true,"href":"https:\/\/www.livresentre2actions.fr\/en\/wp-json\/wp\/v2\/product_tag?post=15216"}],"curies":[{"name":"wp","href":"https:\/\/api.w.org\/{rel}","templated":true}]}}