{"id":15194,"date":"2025-08-03T10:47:35","date_gmt":"2025-08-03T08:47:35","guid":{"rendered":"https:\/\/www.livresentre2actions.fr\/?post_type=product&#038;p=15194"},"modified":"2025-10-03T10:48:12","modified_gmt":"2025-10-03T08:48:12","slug":"scenes-de-la-vie-juive-en-alsace-daniel-stauben-charles-auguste-widal","status":"publish","type":"product","link":"https:\/\/www.livresentre2actions.fr\/en\/product\/scenes-de-la-vie-juive-en-alsace-daniel-stauben-charles-auguste-widal\/","title":{"rendered":"Sc\u00e8nes de la vie juive en Alsace &#8211; Daniel Stauben [Charles Auguste Widal]"},"content":{"rendered":"<p>Michel L\u00e9vy &#8211; Plein chagrin bordeaux, dos long orn\u00e9 du titre et de l\u2019auteur, 178 x 118, 296p. Avec table. 1860. \u00c9dition originale. Int\u00e9rieur insol\u00e9 avec rousseurs, mais propre. Except\u00e9 quelques rousseurs sur plat inf\u00e9rieur, reliure propre et int\u00e8gre. Bien ferme.<\/p>","protected":false},"excerpt":{"rendered":"<p>Michel L\u00e9vy &#8211; Plein chagrin bordeaux, dos long orn\u00e9 du titre et de l\u2019auteur, 178 x 118, 296p. Avec table. 1860. \u00c9dition originale. Int\u00e9rieur insol\u00e9 avec rousseurs, mais propre. Except\u00e9 quelques rousseurs sur plat inf\u00e9rieur, reliure propre et int\u00e8gre. Bien ferme.<\/p>","protected":false},"featured_media":15195,"template":"","meta":{"_eb_attr":""},"product_brand":[],"product_cat":[36,71,73,97,68],"product_tag":[],"class_list":{"0":"post-15194","1":"product","2":"type-product","3":"status-publish","4":"has-post-thumbnail","6":"product_cat-entre-le-xviiieme-et-le-xixeme-siecle","7":"product_cat-illustres-modernes-editions-originales-signees-numerotees","8":"product_cat-histoires-et-recits-de-voyage","9":"product_cat-regionalia-divers","10":"product_cat-religion-spiritualite","11":"sales-flash-overlay","12":"woocommerce-text-align-center","13":"woocommerce-image-align-center","14":"wc-has-gallery","16":"first","17":"instock","18":"taxable","19":"shipping-taxable","20":"purchasable","21":"product-type-simple"},"aioseo_notices":[],"_links":{"self":[{"href":"https:\/\/www.livresentre2actions.fr\/en\/wp-json\/wp\/v2\/product\/15194","targetHints":{"allow":["GET"]}}],"collection":[{"href":"https:\/\/www.livresentre2actions.fr\/en\/wp-json\/wp\/v2\/product"}],"about":[{"href":"https:\/\/www.livresentre2actions.fr\/en\/wp-json\/wp\/v2\/types\/product"}],"wp:featuredmedia":[{"embeddable":true,"href":"https:\/\/www.livresentre2actions.fr\/en\/wp-json\/wp\/v2\/media\/15195"}],"wp:attachment":[{"href":"https:\/\/www.livresentre2actions.fr\/en\/wp-json\/wp\/v2\/media?parent=15194"}],"wp:term":[{"taxonomy":"product_brand","embeddable":true,"href":"https:\/\/www.livresentre2actions.fr\/en\/wp-json\/wp\/v2\/product_brand?post=15194"},{"taxonomy":"product_cat","embeddable":true,"href":"https:\/\/www.livresentre2actions.fr\/en\/wp-json\/wp\/v2\/product_cat?post=15194"},{"taxonomy":"product_tag","embeddable":true,"href":"https:\/\/www.livresentre2actions.fr\/en\/wp-json\/wp\/v2\/product_tag?post=15194"}],"curies":[{"name":"wp","href":"https:\/\/api.w.org\/{rel}","templated":true}]}}