{"id":15151,"date":"2025-08-03T10:23:00","date_gmt":"2025-08-03T08:23:00","guid":{"rendered":"https:\/\/www.livresentre2actions.fr\/?post_type=product&#038;p=15151"},"modified":"2025-10-03T10:23:57","modified_gmt":"2025-10-03T08:23:57","slug":"traite-du-travail-des-laines-peignees-de-lalpaga-du-poil-de-chevre-du-cachemire-etc","status":"publish","type":"product","link":"https:\/\/www.livresentre2actions.fr\/en\/product\/traite-du-travail-des-laines-peignees-de-lalpaga-du-poil-de-chevre-du-cachemire-etc\/","title":{"rendered":"Trait\u00e9 du travail des laines peign\u00e9es. De l\u2019alpaga, du poil de ch\u00e8vre, du cachemire etc"},"content":{"rendered":"<p>Michel Alcan &#8211; Demi-veau brun \u00e0 dos long, liser\u00e9s, orn\u00e9 des titre et auteur, 215 x 136, 679p. Avec table. 1873. \u00c9dition originale. Des rousseurs. Des \u00e9pidermures \u00e0 la reliure, mais bon exemplaire, bien ferme. Nous joignons du m\u00eame dans la m\u00eame reliure et dans la s\u00e9rie \u00ab Fabrication des \u00e9toffes \u00bb : Trait\u00e9 du travail des laines, tome second, 441p. 1866. Egalement en stock du m\u00eame : Trait\u00e9 complet de filature du coton, 2 volumes (un volume de texte et un atlas)<\/p>","protected":false},"excerpt":{"rendered":"<p>Michel Alcan &#8211; Demi-veau brun \u00e0 dos long, liser\u00e9s, orn\u00e9 des titre et auteur, 215 x 136, 679p. Avec table. 1873. \u00c9dition originale. Des rousseurs. Des \u00e9pidermures \u00e0 la reliure, mais bon exemplaire, bien ferme. Nous joignons du m\u00eame dans la m\u00eame reliure et dans la s\u00e9rie \u00ab Fabrication des \u00e9toffes \u00bb : Trait\u00e9 du &#8230; <a title=\"Trait\u00e9 du travail des laines peign\u00e9es. De l\u2019alpaga, du poil de ch\u00e8vre, du cachemire etc\" class=\"read-more\" href=\"https:\/\/www.livresentre2actions.fr\/en\/product\/traite-du-travail-des-laines-peignees-de-lalpaga-du-poil-de-chevre-du-cachemire-etc\/\" aria-label=\"Read more about Trait\u00e9 du travail des laines peign\u00e9es. De l\u2019alpaga, du poil de ch\u00e8vre, du cachemire etc\">Read more<\/a><\/p>","protected":false},"featured_media":15152,"template":"","meta":{"_eb_attr":""},"product_brand":[],"product_cat":[36,75,71,69],"product_tag":[86],"class_list":{"0":"post-15151","1":"product","2":"type-product","3":"status-publish","4":"has-post-thumbnail","6":"product_cat-entre-le-xviiieme-et-le-xixeme-siecle","7":"product_cat-art","8":"product_cat-illustres-modernes-editions-originales-signees-numerotees","9":"product_cat-sciences-et-techniques","10":"product_tag-illustre","11":"sales-flash-overlay","12":"woocommerce-text-align-center","13":"woocommerce-image-align-center","14":"wc-has-gallery","16":"first","17":"instock","18":"taxable","19":"shipping-taxable","20":"purchasable","21":"product-type-simple"},"aioseo_notices":[],"_links":{"self":[{"href":"https:\/\/www.livresentre2actions.fr\/en\/wp-json\/wp\/v2\/product\/15151","targetHints":{"allow":["GET"]}}],"collection":[{"href":"https:\/\/www.livresentre2actions.fr\/en\/wp-json\/wp\/v2\/product"}],"about":[{"href":"https:\/\/www.livresentre2actions.fr\/en\/wp-json\/wp\/v2\/types\/product"}],"wp:featuredmedia":[{"embeddable":true,"href":"https:\/\/www.livresentre2actions.fr\/en\/wp-json\/wp\/v2\/media\/15152"}],"wp:attachment":[{"href":"https:\/\/www.livresentre2actions.fr\/en\/wp-json\/wp\/v2\/media?parent=15151"}],"wp:term":[{"taxonomy":"product_brand","embeddable":true,"href":"https:\/\/www.livresentre2actions.fr\/en\/wp-json\/wp\/v2\/product_brand?post=15151"},{"taxonomy":"product_cat","embeddable":true,"href":"https:\/\/www.livresentre2actions.fr\/en\/wp-json\/wp\/v2\/product_cat?post=15151"},{"taxonomy":"product_tag","embeddable":true,"href":"https:\/\/www.livresentre2actions.fr\/en\/wp-json\/wp\/v2\/product_tag?post=15151"}],"curies":[{"name":"wp","href":"https:\/\/api.w.org\/{rel}","templated":true}]}}