{"id":15120,"date":"2025-08-03T09:58:03","date_gmt":"2025-08-03T07:58:03","guid":{"rendered":"https:\/\/www.livresentre2actions.fr\/?post_type=product&#038;p=15120"},"modified":"2025-10-03T09:58:35","modified_gmt":"2025-10-03T07:58:35","slug":"de-vita-excellentium-imperatorum-cornelius-nepos","status":"publish","type":"product","link":"https:\/\/www.livresentre2actions.fr\/en\/product\/de-vita-excellentium-imperatorum-cornelius-nepos\/","title":{"rendered":"De vita excellentium imperatorum &#8211; Cornelius Nepos"},"content":{"rendered":"<p>De vita excellentium imperatorum, ex recognitione Steph. And. Philippe. Suivi de Cornelii Nepotis fragmenta et Chronologia Impp. Graeciae apud Cornelium Nepotem Sumptibus M. S. David &#8211;<\/p>\n<p>Plein veau marbr\u00e9 \u00e0 dos long orn\u00e9 du titre et fleuronn\u00e9, plats \u00e0 encadrements dor\u00e9s triple filet, toutes tranches dor\u00e9es, signet., 151 x 91, 342o. 1745. Frontispice de Charles-Nicolas Cochin grav\u00e9 par Etienne Fessard. Vignette au titre. Avant la lettre\u00a0: Adresse \u00e0 Denis Lambin, [24p.] Avec 28 ent\u00eates, 28 lettrines et 15 culs-de-lampe. Dont 25 tr\u00e8s beaux m\u00e9daillons-portraits.<\/p>\n<p>Avec p. 268 \u00e0 288\u00a0: Cornelii Nepotis fragmenta quae reperiri potuerunt, omnia\u00a0; olim summo, Andrrae Schotti. Et p.292 \u00e0 324\u00a0: Chronologia Impp. Graeciae apud Cornelium Nepotem olim ab Abdreae Schotto. Puis Index rerum singularium, p. 327-339.<\/p>\n<p>In fine\u00a0: Catalogus editionum Cornelii Nepotis de Vita excellentium imperatorum.<\/p>\n<p>Int\u00e9rieur tr\u00e8s bon, propre et int\u00e8gre. Coins et champs frott\u00e9s, mais bons, un coin avec \u00e9pidermure marqu\u00e9e. Plats frott\u00e9s avec \u00e9pidermures l\u00e9g\u00e8res, mais tr\u00e8s bons\u00a0; un coup avec un manque en plat sup\u00e9rieur pr\u00e8s du mors.Mors rid\u00e9s, avec \u00e9pidermures. Dos l\u00e9g\u00e8rement frott\u00e9 avec \u00e9pidermures l\u00e9g\u00e8res. Bel exemplaire bien ferme.<\/p>","protected":false},"excerpt":{"rendered":"<p>De vita excellentium imperatorum, ex recognitione Steph. And. Philippe. Suivi de Cornelii Nepotis fragmenta et Chronologia Impp. Graeciae apud Cornelium Nepotem Sumptibus M. S. David &#8211; Plein veau marbr\u00e9 \u00e0 dos long orn\u00e9 du titre et fleuronn\u00e9, plats \u00e0 encadrements dor\u00e9s triple filet, toutes tranches dor\u00e9es, signet., 151 x 91, 342o. 1745. Frontispice de Charles-Nicolas &#8230; <a title=\"De vita excellentium imperatorum &#8211; Cornelius Nepos\" class=\"read-more\" href=\"https:\/\/www.livresentre2actions.fr\/en\/product\/de-vita-excellentium-imperatorum-cornelius-nepos\/\" aria-label=\"Read more about De vita excellentium imperatorum &#8211; Cornelius Nepos\">Read more<\/a><\/p>","protected":false},"featured_media":15121,"template":"","meta":{"_eb_attr":""},"product_brand":[],"product_cat":[36,71,73],"product_tag":[86],"class_list":{"0":"post-15120","1":"product","2":"type-product","3":"status-publish","4":"has-post-thumbnail","6":"product_cat-entre-le-xviiieme-et-le-xixeme-siecle","7":"product_cat-illustres-modernes-editions-originales-signees-numerotees","8":"product_cat-histoires-et-recits-de-voyage","9":"product_tag-illustre","10":"sales-flash-overlay","11":"woocommerce-text-align-center","12":"woocommerce-image-align-center","13":"wc-has-gallery","15":"first","16":"instock","17":"taxable","18":"shipping-taxable","19":"purchasable","20":"product-type-simple"},"aioseo_notices":[],"_links":{"self":[{"href":"https:\/\/www.livresentre2actions.fr\/en\/wp-json\/wp\/v2\/product\/15120","targetHints":{"allow":["GET"]}}],"collection":[{"href":"https:\/\/www.livresentre2actions.fr\/en\/wp-json\/wp\/v2\/product"}],"about":[{"href":"https:\/\/www.livresentre2actions.fr\/en\/wp-json\/wp\/v2\/types\/product"}],"wp:featuredmedia":[{"embeddable":true,"href":"https:\/\/www.livresentre2actions.fr\/en\/wp-json\/wp\/v2\/media\/15121"}],"wp:attachment":[{"href":"https:\/\/www.livresentre2actions.fr\/en\/wp-json\/wp\/v2\/media?parent=15120"}],"wp:term":[{"taxonomy":"product_brand","embeddable":true,"href":"https:\/\/www.livresentre2actions.fr\/en\/wp-json\/wp\/v2\/product_brand?post=15120"},{"taxonomy":"product_cat","embeddable":true,"href":"https:\/\/www.livresentre2actions.fr\/en\/wp-json\/wp\/v2\/product_cat?post=15120"},{"taxonomy":"product_tag","embeddable":true,"href":"https:\/\/www.livresentre2actions.fr\/en\/wp-json\/wp\/v2\/product_tag?post=15120"}],"curies":[{"name":"wp","href":"https:\/\/api.w.org\/{rel}","templated":true}]}}