{"id":15110,"date":"2025-08-03T09:52:22","date_gmt":"2025-08-03T07:52:22","guid":{"rendered":"https:\/\/www.livresentre2actions.fr\/?post_type=product&#038;p=15110"},"modified":"2025-10-03T10:13:06","modified_gmt":"2025-10-03T08:13:06","slug":"perrette-georges-beaume-calbet","status":"publish","type":"product","link":"https:\/\/www.livresentre2actions.fr\/en\/product\/perrette-georges-beaume-calbet\/","title":{"rendered":"Perrette &#8211; Georges Beaume \/ Calbet"},"content":{"rendered":"<p>Librairie Borel &#8211; Pleine basane lie de vin \u00e0 dos romantique orn\u00e9 de 5 faux-nerfs, de liser\u00e9s, frises, pi\u00e8ce de titre havane, auteur estamp\u00e9 dor\u00e9, couverture conserv\u00e9e, 140 x 77, 134p. 1897. Collection Edouard Guillaume \u00ab\u00a0Lotus Alba\u00a0\u00bb. Illustrations de Calbet. Page de titre illustr\u00e9e. Avant la lettre\u00a0: suite de 4 sanguines. Frontispice et 4 illustrations \u00e0 pleine page, d\u2019autres en ent\u00eate. Int\u00e9rieur tr\u00e8s bon, propre et int\u00e8gre. Des frottements \u00e0 la reliure (champs, coins). Quelques griffes aux plats. Dos insol\u00e9 avec \u00e9pidermures en coiffe et en queue. Mors inf\u00e9rieur tr\u00e8s frott\u00e9. Bon exemplaire bien ferme.<\/p>","protected":false},"excerpt":{"rendered":"<p>Librairie Borel &#8211; Pleine basane lie de vin \u00e0 dos romantique orn\u00e9 de 5 faux-nerfs, de liser\u00e9s, frises, pi\u00e8ce de titre havane, auteur estamp\u00e9 dor\u00e9, couverture conserv\u00e9e, 140 x 77, 134p. 1897. Collection Edouard Guillaume \u00ab\u00a0Lotus Alba\u00a0\u00bb. Illustrations de Calbet. Page de titre illustr\u00e9e. Avant la lettre\u00a0: suite de 4 sanguines. Frontispice et 4 illustrations &#8230; <a title=\"Perrette &#8211; Georges Beaume \/ Calbet\" class=\"read-more\" href=\"https:\/\/www.livresentre2actions.fr\/en\/product\/perrette-georges-beaume-calbet\/\" aria-label=\"Read more about Perrette &#8211; Georges Beaume \/ Calbet\">Read more<\/a><\/p>","protected":false},"featured_media":15111,"template":"","meta":{"_eb_attr":""},"product_brand":[],"product_cat":[36,75,74,84,71,76],"product_tag":[86],"class_list":{"0":"post-15110","1":"product","2":"type-product","3":"status-publish","4":"has-post-thumbnail","6":"product_cat-entre-le-xviiieme-et-le-xixeme-siecle","7":"product_cat-art","8":"product_cat-collections","9":"product_cat-curiosa","10":"product_cat-illustres-modernes-editions-originales-signees-numerotees","11":"product_cat-poesie-theatre-prose","12":"product_tag-illustre","13":"sales-flash-overlay","14":"woocommerce-text-align-center","15":"woocommerce-image-align-center","16":"wc-has-gallery","18":"first","19":"instock","20":"taxable","21":"shipping-taxable","22":"purchasable","23":"product-type-simple"},"aioseo_notices":[],"_links":{"self":[{"href":"https:\/\/www.livresentre2actions.fr\/en\/wp-json\/wp\/v2\/product\/15110","targetHints":{"allow":["GET"]}}],"collection":[{"href":"https:\/\/www.livresentre2actions.fr\/en\/wp-json\/wp\/v2\/product"}],"about":[{"href":"https:\/\/www.livresentre2actions.fr\/en\/wp-json\/wp\/v2\/types\/product"}],"wp:featuredmedia":[{"embeddable":true,"href":"https:\/\/www.livresentre2actions.fr\/en\/wp-json\/wp\/v2\/media\/15111"}],"wp:attachment":[{"href":"https:\/\/www.livresentre2actions.fr\/en\/wp-json\/wp\/v2\/media?parent=15110"}],"wp:term":[{"taxonomy":"product_brand","embeddable":true,"href":"https:\/\/www.livresentre2actions.fr\/en\/wp-json\/wp\/v2\/product_brand?post=15110"},{"taxonomy":"product_cat","embeddable":true,"href":"https:\/\/www.livresentre2actions.fr\/en\/wp-json\/wp\/v2\/product_cat?post=15110"},{"taxonomy":"product_tag","embeddable":true,"href":"https:\/\/www.livresentre2actions.fr\/en\/wp-json\/wp\/v2\/product_tag?post=15110"}],"curies":[{"name":"wp","href":"https:\/\/api.w.org\/{rel}","templated":true}]}}