{"id":15070,"date":"2025-08-03T09:39:39","date_gmt":"2025-08-03T07:39:39","guid":{"rendered":"https:\/\/www.livresentre2actions.fr\/?post_type=product&#038;p=15070"},"modified":"2025-10-03T09:40:08","modified_gmt":"2025-10-03T07:40:08","slug":"les-nouvelles-conquetes-de-la-science-2-volumes-complet","status":"publish","type":"product","link":"https:\/\/www.livresentre2actions.fr\/en\/product\/les-nouvelles-conquetes-de-la-science-2-volumes-complet\/","title":{"rendered":"Les Nouvelles conqu\u00eates de la science, 2 volumes, complet"},"content":{"rendered":"<p>Louis Figuier &#8211; \u00c0 la librairie illustr\u00e9e Demi-basane rouge \u00e0 dos long, orn\u00e9 des titre, auteur tomaison et de liser\u00e9s, 288 x 200, 807p. et 814p. Avec tables. Sans date. (ca1890). Frontispice aux deux volumes.<\/p>\n<p>T1, L\u2019\u00e9lectricit\u00e9, 478 gravures et portraits, comprend\u00a0: L&rsquo;ECLAIRAGE ELECTRIQUE &#8211; LE TELEPHONE ET LE MICROPHONE &#8211; &lsquo;ELECTRICITE FORCE MOTRICE &#8211; LES VOIES FERREES DANS LES DEUX MONDES &#8211; LES VOIES FERREES EN AMERIQUE &#8211; LES VOIES FERREES EN AFRIQUE &#8211; LES VOIES FERREES EN ASIE &#8211; LES VOIES FERREES EN AUSTRALIE &#8211; LES TRAMWAYS.<\/p>\n<p>T2, Les chemins de fer, 399 gravures et portraits, comprend\u00a0: LES CHEMINS DE FER METROPOLITAINS &#8211; LES TUNNELS DU MONT-CENIS, DU MONT SAINT-GOTHARD ET DE L&rsquo;ARLBERG &#8211; LE TUNNEL SOUS-MARIN\u00a0DU PAS-DE-CALAIS &#8211; LE CANAL DE SUEZ &#8211; LE CANAL DE PANAMA &#8211; LE CANAL DE CORINTHE &#8211; LA MER INTERIEURE AFRICAINE. Int\u00e9rieurs propres et int\u00e8gres. Des frottements et \u00e9pidermures aux plats, coins et champs. Demi-basane avec \u00e9pidermures et griffes et mais en bon \u00e9tat. Bons exemplaires bien ferme.<\/p>","protected":false},"excerpt":{"rendered":"<p>Louis Figuier &#8211; \u00c0 la librairie illustr\u00e9e Demi-basane rouge \u00e0 dos long, orn\u00e9 des titre, auteur tomaison et de liser\u00e9s, 288 x 200, 807p. et 814p. Avec tables. Sans date. (ca1890). Frontispice aux deux volumes. T1, L\u2019\u00e9lectricit\u00e9, 478 gravures et portraits, comprend\u00a0: L&rsquo;ECLAIRAGE ELECTRIQUE &#8211; LE TELEPHONE ET LE MICROPHONE &#8211; &lsquo;ELECTRICITE FORCE MOTRICE &#8211; &#8230; <a title=\"Les Nouvelles conqu\u00eates de la science, 2 volumes, complet\" class=\"read-more\" href=\"https:\/\/www.livresentre2actions.fr\/en\/product\/les-nouvelles-conquetes-de-la-science-2-volumes-complet\/\" aria-label=\"Read more about Les Nouvelles conqu\u00eates de la science, 2 volumes, complet\">Read more<\/a><\/p>","protected":false},"featured_media":15071,"template":"","meta":{"_eb_attr":""},"product_brand":[],"product_cat":[36,71,69],"product_tag":[86],"class_list":{"0":"post-15070","1":"product","2":"type-product","3":"status-publish","4":"has-post-thumbnail","6":"product_cat-entre-le-xviiieme-et-le-xixeme-siecle","7":"product_cat-illustres-modernes-editions-originales-signees-numerotees","8":"product_cat-sciences-et-techniques","9":"product_tag-illustre","10":"sales-flash-overlay","11":"woocommerce-text-align-center","12":"woocommerce-image-align-center","13":"wc-has-gallery","15":"first","16":"instock","17":"taxable","18":"shipping-taxable","19":"purchasable","20":"product-type-simple"},"aioseo_notices":[],"_links":{"self":[{"href":"https:\/\/www.livresentre2actions.fr\/en\/wp-json\/wp\/v2\/product\/15070","targetHints":{"allow":["GET"]}}],"collection":[{"href":"https:\/\/www.livresentre2actions.fr\/en\/wp-json\/wp\/v2\/product"}],"about":[{"href":"https:\/\/www.livresentre2actions.fr\/en\/wp-json\/wp\/v2\/types\/product"}],"wp:featuredmedia":[{"embeddable":true,"href":"https:\/\/www.livresentre2actions.fr\/en\/wp-json\/wp\/v2\/media\/15071"}],"wp:attachment":[{"href":"https:\/\/www.livresentre2actions.fr\/en\/wp-json\/wp\/v2\/media?parent=15070"}],"wp:term":[{"taxonomy":"product_brand","embeddable":true,"href":"https:\/\/www.livresentre2actions.fr\/en\/wp-json\/wp\/v2\/product_brand?post=15070"},{"taxonomy":"product_cat","embeddable":true,"href":"https:\/\/www.livresentre2actions.fr\/en\/wp-json\/wp\/v2\/product_cat?post=15070"},{"taxonomy":"product_tag","embeddable":true,"href":"https:\/\/www.livresentre2actions.fr\/en\/wp-json\/wp\/v2\/product_tag?post=15070"}],"curies":[{"name":"wp","href":"https:\/\/api.w.org\/{rel}","templated":true}]}}