{"id":15049,"date":"2025-08-03T09:33:41","date_gmt":"2025-08-03T07:33:41","guid":{"rendered":"https:\/\/www.livresentre2actions.fr\/?post_type=product&#038;p=15049"},"modified":"2025-10-03T09:34:12","modified_gmt":"2025-10-03T07:34:12","slug":"histoire-de-france-2-volumes-victor-duruy","status":"publish","type":"product","link":"https:\/\/www.livresentre2actions.fr\/en\/product\/histoire-de-france-2-volumes-victor-duruy\/","title":{"rendered":"Histoire de France, 2 volumes. &#8211; Victor Duruy"},"content":{"rendered":"<p>Librairie Hachette &#8211; Plein chagrin bleu, dos brun \u00e0 faux-nerfs, orn\u00e9 des titre et auteur, et aux caissons, plats estamp\u00e9s d\u2019encadrement double, 180 x 120, 734p. et 738 p. avec tables. 1881. Nouvelle \u00e9dition. T1, avec sept cartes couleur in fine sur onglet, complet, int\u00e8gre, avec rares rousseurs. T2, avec 5 cartes couleur in fine, int\u00e8gres, avec une d\u00e9chirure sans manque en marge pour l\u2019une d\u2019entre elles. Et pour les deux tomes\u00a0: tr\u00e8s nombreuses gravures dans le texte et\/ou pleine page. Rousseurs. Reliures frott\u00e9es avec quelques \u00e9pidermures, coiffe du T1 \u00e9piderm\u00e9e. Bons exemplaires bien fermes.<\/p>","protected":false},"excerpt":{"rendered":"<p>Librairie Hachette &#8211; Plein chagrin bleu, dos brun \u00e0 faux-nerfs, orn\u00e9 des titre et auteur, et aux caissons, plats estamp\u00e9s d\u2019encadrement double, 180 x 120, 734p. et 738 p. avec tables. 1881. Nouvelle \u00e9dition. T1, avec sept cartes couleur in fine sur onglet, complet, int\u00e8gre, avec rares rousseurs. T2, avec 5 cartes couleur in fine, &#8230; <a title=\"Histoire de France, 2 volumes. &#8211; Victor Duruy\" class=\"read-more\" href=\"https:\/\/www.livresentre2actions.fr\/en\/product\/histoire-de-france-2-volumes-victor-duruy\/\" aria-label=\"Read more about Histoire de France, 2 volumes. &#8211; Victor Duruy\">Read more<\/a><\/p>","protected":false},"featured_media":15050,"template":"","meta":{"_eb_attr":""},"product_brand":[],"product_cat":[36,71,73],"product_tag":[86],"class_list":{"0":"post-15049","1":"product","2":"type-product","3":"status-publish","4":"has-post-thumbnail","6":"product_cat-entre-le-xviiieme-et-le-xixeme-siecle","7":"product_cat-illustres-modernes-editions-originales-signees-numerotees","8":"product_cat-histoires-et-recits-de-voyage","9":"product_tag-illustre","10":"sales-flash-overlay","11":"woocommerce-text-align-center","12":"woocommerce-image-align-center","13":"wc-has-gallery","15":"first","16":"instock","17":"taxable","18":"shipping-taxable","19":"purchasable","20":"product-type-simple"},"aioseo_notices":[],"_links":{"self":[{"href":"https:\/\/www.livresentre2actions.fr\/en\/wp-json\/wp\/v2\/product\/15049","targetHints":{"allow":["GET"]}}],"collection":[{"href":"https:\/\/www.livresentre2actions.fr\/en\/wp-json\/wp\/v2\/product"}],"about":[{"href":"https:\/\/www.livresentre2actions.fr\/en\/wp-json\/wp\/v2\/types\/product"}],"wp:featuredmedia":[{"embeddable":true,"href":"https:\/\/www.livresentre2actions.fr\/en\/wp-json\/wp\/v2\/media\/15050"}],"wp:attachment":[{"href":"https:\/\/www.livresentre2actions.fr\/en\/wp-json\/wp\/v2\/media?parent=15049"}],"wp:term":[{"taxonomy":"product_brand","embeddable":true,"href":"https:\/\/www.livresentre2actions.fr\/en\/wp-json\/wp\/v2\/product_brand?post=15049"},{"taxonomy":"product_cat","embeddable":true,"href":"https:\/\/www.livresentre2actions.fr\/en\/wp-json\/wp\/v2\/product_cat?post=15049"},{"taxonomy":"product_tag","embeddable":true,"href":"https:\/\/www.livresentre2actions.fr\/en\/wp-json\/wp\/v2\/product_tag?post=15049"}],"curies":[{"name":"wp","href":"https:\/\/api.w.org\/{rel}","templated":true}]}}