{"id":14918,"date":"2025-08-20T10:52:17","date_gmt":"2025-08-20T08:52:17","guid":{"rendered":"https:\/\/www.livresentre2actions.fr\/?post_type=product&#038;p=14918"},"modified":"2025-09-23T17:51:43","modified_gmt":"2025-09-23T15:51:43","slug":"couronnement-de-notre-dame-des-ardents-arras-27-mai-1923","status":"publish","type":"product","link":"https:\/\/www.livresentre2actions.fr\/en\/product\/couronnement-de-notre-dame-des-ardents-arras-27-mai-1923\/","title":{"rendered":"Couronnement de Notre-Dame des Ardents. Arras, 27 mai 1923"},"content":{"rendered":"<p>Charles Guillement (texte), Charles Hollart (couverture), Arthur Mayeur (gravures et dessins)<\/p>\n<p>Alfred Devignes &#8211; Broch\u00e9 \u00e0 l\u2019italienne, 248 x 324, 1923. 63p. pour la premi\u00e8re partie \u00ab\u00a0Le r\u00e9cit\u00a0\u00bb. Et 76p. Notre-Dame des Ardents en frontispice. Et 5 illustrations dans le texte (ent\u00eates) et 3 hors texte pleine page dont un d\u00e9tach\u00e9. Pour la partie II\u00a0: Cort\u00e8ges historique et religieux, avec 76 illustrations. Int\u00e9rieur propre et int\u00e8gre, mais ancien exemplaire de biblioth\u00e8que (dioc\u00e9saine) avec cachet en garde et pochette de fiche d\u2019emprunt. Code papier en pied de dos. Couvertures et dos insol\u00e9s, mais propres, \u00e9pidermures en quatri\u00e8me (deux griffes), petites d\u00e9chirures sans manque en bordure de couverture. Bon exemplaire bien ferme.<\/p>","protected":false},"excerpt":{"rendered":"<p>Charles Guillement (texte), Charles Hollart (couverture), Arthur Mayeur (gravures et dessins) Alfred Devignes &#8211; Broch\u00e9 \u00e0 l\u2019italienne, 248 x 324, 1923. 63p. pour la premi\u00e8re partie \u00ab\u00a0Le r\u00e9cit\u00a0\u00bb. Et 76p. Notre-Dame des Ardents en frontispice. Et 5 illustrations dans le texte (ent\u00eates) et 3 hors texte pleine page dont un d\u00e9tach\u00e9. Pour la partie II\u00a0: &#8230; <a title=\"Couronnement de Notre-Dame des Ardents. Arras, 27 mai 1923\" class=\"read-more\" href=\"https:\/\/www.livresentre2actions.fr\/en\/product\/couronnement-de-notre-dame-des-ardents-arras-27-mai-1923\/\" aria-label=\"Read more about Couronnement de Notre-Dame des Ardents. Arras, 27 mai 1923\">Read more<\/a><\/p>","protected":false},"featured_media":14919,"template":"","meta":{"_eb_attr":""},"product_brand":[],"product_cat":[37,71,81,68],"product_tag":[86],"class_list":{"0":"post-14918","1":"product","2":"type-product","3":"status-publish","4":"has-post-thumbnail","6":"product_cat-a-partir-du-xxeme-siecle","7":"product_cat-illustres-modernes-editions-originales-signees-numerotees","8":"product_cat-hauts-de-france","9":"product_cat-religion-spiritualite","10":"product_tag-illustre","11":"sales-flash-overlay","12":"woocommerce-text-align-center","13":"woocommerce-image-align-center","14":"wc-has-gallery","16":"first","17":"instock","18":"taxable","19":"shipping-taxable","20":"purchasable","21":"product-type-simple"},"aioseo_notices":[],"_links":{"self":[{"href":"https:\/\/www.livresentre2actions.fr\/en\/wp-json\/wp\/v2\/product\/14918","targetHints":{"allow":["GET"]}}],"collection":[{"href":"https:\/\/www.livresentre2actions.fr\/en\/wp-json\/wp\/v2\/product"}],"about":[{"href":"https:\/\/www.livresentre2actions.fr\/en\/wp-json\/wp\/v2\/types\/product"}],"wp:featuredmedia":[{"embeddable":true,"href":"https:\/\/www.livresentre2actions.fr\/en\/wp-json\/wp\/v2\/media\/14919"}],"wp:attachment":[{"href":"https:\/\/www.livresentre2actions.fr\/en\/wp-json\/wp\/v2\/media?parent=14918"}],"wp:term":[{"taxonomy":"product_brand","embeddable":true,"href":"https:\/\/www.livresentre2actions.fr\/en\/wp-json\/wp\/v2\/product_brand?post=14918"},{"taxonomy":"product_cat","embeddable":true,"href":"https:\/\/www.livresentre2actions.fr\/en\/wp-json\/wp\/v2\/product_cat?post=14918"},{"taxonomy":"product_tag","embeddable":true,"href":"https:\/\/www.livresentre2actions.fr\/en\/wp-json\/wp\/v2\/product_tag?post=14918"}],"curies":[{"name":"wp","href":"https:\/\/api.w.org\/{rel}","templated":true}]}}