{"id":14894,"date":"2025-09-10T10:30:13","date_gmt":"2025-09-10T08:30:13","guid":{"rendered":"https:\/\/www.livresentre2actions.fr\/?post_type=product&#038;p=14894"},"modified":"2025-10-23T16:09:37","modified_gmt":"2025-10-23T14:09:37","slug":"nouvelle-introduction-a-la-pratique-m-claude-joseph-de-ferriere","status":"publish","type":"product","link":"https:\/\/www.livresentre2actions.fr\/en\/product\/nouvelle-introduction-a-la-pratique-m-claude-joseph-de-ferriere\/","title":{"rendered":"Nouvelle introduction \u00e0 la pratique &#8211; M. Claude-Joseph de Ferri\u00e8re"},"content":{"rendered":"<p>Nouvelle introduction \u00e0 la pratique, contenant l&rsquo;explication des principaux termes de pratique, de droit &amp; de coutumes. Avec les Jurisdictions de France. 2 tomes<\/p>\n<p>Chez Michel Brunet &#8211; Plein veau d\u2019\u00e9poque, dos \u00e0 cinq nerfs orn\u00e9 richement aux caissons, pi\u00e8ce de titre et tomaisons en maroquin lie de vin. Tranches rouges. 168 x 115. Nouvelle \u00e9dition revue, corrig\u00e9e et augment\u00e9e. 1735. T1, A-H, 797p. T2, 842p. Pour les deux vols.\u00a0: int\u00e9rieur insol\u00e9 avec rousseurs marginale,s mais propre et int\u00e8gre. Ex-libris manuscrit en page de titre\u00a0: \u00ab\u00a0M. D\u00e9flub\u00e9\u00a0\u00bb. Plats frott\u00e9s avec \u00e9pidermures. Petit manque en pied de plat inf\u00e9rieur et pied de mors inf\u00e9rieur du T2. Pied du plat sup\u00e9rieur du T2 avec pli du coin cogn\u00e9 en vis-\u00e0-vis. Coins et champs frott\u00e9s, coins \u00e9mouss\u00e9s. Dos insol\u00e9s et frott\u00e9s, pi\u00e8ces de titre et tomaison int\u00e8gres, t\u00eate et pied de dos frott\u00e9s plus fortement, avec \u00e9pidermures en coiffe et queue. Petit manque en coiffe du T2, dont la coiffe pr\u00e9sente \u00e9galement une d\u00e9chirure sans manque (voir photo). Bons exemplaires, bien fermes.<\/p>","protected":false},"excerpt":{"rendered":"<p>Nouvelle introduction \u00e0 la pratique, contenant l&rsquo;explication des principaux termes de pratique, de droit &amp; de coutumes. Avec les Jurisdictions de France. 2 tomes Chez Michel Brunet &#8211; Plein veau d\u2019\u00e9poque, dos \u00e0 cinq nerfs orn\u00e9 richement aux caissons, pi\u00e8ce de titre et tomaisons en maroquin lie de vin. Tranches rouges. 168 x 115. Nouvelle &#8230; <a title=\"Nouvelle introduction \u00e0 la pratique &#8211; M. Claude-Joseph de Ferri\u00e8re\" class=\"read-more\" href=\"https:\/\/www.livresentre2actions.fr\/en\/product\/nouvelle-introduction-a-la-pratique-m-claude-joseph-de-ferriere\/\" aria-label=\"Read more about Nouvelle introduction \u00e0 la pratique &#8211; M. Claude-Joseph de Ferri\u00e8re\">Read more<\/a><\/p>","protected":false},"featured_media":0,"template":"","meta":{"_eb_attr":""},"product_brand":[],"product_cat":[36,77],"product_tag":[],"class_list":{"0":"post-14894","1":"product","2":"type-product","3":"status-publish","5":"product_cat-entre-le-xviiieme-et-le-xixeme-siecle","6":"product_cat-droit","7":"sales-flash-overlay","8":"woocommerce-text-align-center","9":"woocommerce-image-align-center","11":"first","12":"outofstock","13":"taxable","14":"shipping-taxable","15":"purchasable","16":"product-type-simple"},"aioseo_notices":[],"_links":{"self":[{"href":"https:\/\/www.livresentre2actions.fr\/en\/wp-json\/wp\/v2\/product\/14894","targetHints":{"allow":["GET"]}}],"collection":[{"href":"https:\/\/www.livresentre2actions.fr\/en\/wp-json\/wp\/v2\/product"}],"about":[{"href":"https:\/\/www.livresentre2actions.fr\/en\/wp-json\/wp\/v2\/types\/product"}],"wp:attachment":[{"href":"https:\/\/www.livresentre2actions.fr\/en\/wp-json\/wp\/v2\/media?parent=14894"}],"wp:term":[{"taxonomy":"product_brand","embeddable":true,"href":"https:\/\/www.livresentre2actions.fr\/en\/wp-json\/wp\/v2\/product_brand?post=14894"},{"taxonomy":"product_cat","embeddable":true,"href":"https:\/\/www.livresentre2actions.fr\/en\/wp-json\/wp\/v2\/product_cat?post=14894"},{"taxonomy":"product_tag","embeddable":true,"href":"https:\/\/www.livresentre2actions.fr\/en\/wp-json\/wp\/v2\/product_tag?post=14894"}],"curies":[{"name":"wp","href":"https:\/\/api.w.org\/{rel}","templated":true}]}}