{"id":14866,"date":"2025-09-10T10:23:20","date_gmt":"2025-09-10T08:23:20","guid":{"rendered":"https:\/\/www.livresentre2actions.fr\/?post_type=product&#038;p=14866"},"modified":"2025-09-10T10:24:24","modified_gmt":"2025-09-10T08:24:24","slug":"vita-st-ignatii-fondatoris-societatis-jesu-ioanne-petro-maffeio","status":"publish","type":"product","link":"https:\/\/www.livresentre2actions.fr\/en\/product\/vita-st-ignatii-fondatoris-societatis-jesu-ioanne-petro-maffeio\/","title":{"rendered":"Vita St Ignatii, fondatoris societatis Jesu &#8211; Ioanne Petro Maffeio\u00a0"},"content":{"rendered":"<p>1 vol. petit in-12 reli\u00e9 plein veau chin\u00e9 noir,\u00e0 quatre nerf orn\u00e9, tranches jasp\u00e9es rouges, 133 x 78, 1658. Edition originale. 321 pages, + index, titre grav\u00e9, et frontispice grav\u00e9 repr\u00e9sentant Saint-Ignace, les deux par Nicolas Auroux. Adresse Divina Gloriae avant la lettre, 5p. Exemplaire enrichi d\u2019ex-libris manuscrit au titre : Antoine Fran\u00e7ois Gorrette, suivi d\u2019une inscription latine ; ex-libris que l\u2019on retrouve en derni\u00e8re page vierge. En contreplat sup\u00e9rieur, une pri\u00e8re \u00e0 St Ignace, et une note sur l\u2019achat du pr\u00e9sent exemplaire. Un autre ex-libris est manuscrit en t\u00eate du verso au titre : \u00ab Girard Pr\u00eatre, 1788 \u00bb et en t\u00eate de premi\u00e8re page de texte \u00ab \u00e0 feu Xavier Damey (?) \u00bb. Int\u00e9rieur propre, rousseurs l\u00e9g\u00e8res ; page de titre avec taches en t\u00eate, manque et trou de ver en marge droite avec atteinte \u00e0 la gravure, trous de vers en marge de pied. On retrouve le petit manque lat\u00e9ral en marge des 4 premi\u00e8res pages. Coins et champs frott\u00e9s, 3 coins l\u00e9g\u00e8rement \u00e9mouss\u00e9s. Champ et bord de plat sup\u00e9rieur avec trou de vers et \u00e9pidermure. T\u00eate de mors sup\u00e9rieur avec enfoncement et petit manque, coup et petit manque qui touche le premier caisson \u00e9galement. Bon exemplaire de cette assez rare \u00e9dition originale.<\/p>","protected":false},"excerpt":{"rendered":"<p>1 vol. petit in-12 reli\u00e9 plein veau chin\u00e9 noir,\u00e0 quatre nerf orn\u00e9, tranches jasp\u00e9es rouges, 133 x 78, 1658. Edition originale. 321 pages, + index, titre grav\u00e9, et frontispice grav\u00e9 repr\u00e9sentant Saint-Ignace, les deux par Nicolas Auroux. Adresse Divina Gloriae avant la lettre, 5p. Exemplaire enrichi d\u2019ex-libris manuscrit au titre : Antoine Fran\u00e7ois Gorrette, suivi &#8230; <a title=\"Vita St Ignatii, fondatoris societatis Jesu &#8211; Ioanne Petro Maffeio\u00a0\" class=\"read-more\" href=\"https:\/\/www.livresentre2actions.fr\/en\/product\/vita-st-ignatii-fondatoris-societatis-jesu-ioanne-petro-maffeio\/\" aria-label=\"Read more about Vita St Ignatii, fondatoris societatis Jesu &#8211; Ioanne Petro Maffeio\u00a0\">Read more<\/a><\/p>","protected":false},"featured_media":14867,"template":"","meta":{"_eb_attr":""},"product_brand":[],"product_cat":[35,71,68],"product_tag":[86,94],"class_list":{"0":"post-14866","1":"product","2":"type-product","3":"status-publish","4":"has-post-thumbnail","6":"product_cat-jusquau-xviiemesiecle","7":"product_cat-illustres-modernes-editions-originales-signees-numerotees","8":"product_cat-religion-spiritualite","9":"product_tag-illustre","10":"product_tag-provenance","11":"sales-flash-overlay","12":"woocommerce-text-align-center","13":"woocommerce-image-align-center","14":"wc-has-gallery","16":"first","17":"instock","18":"taxable","19":"shipping-taxable","20":"purchasable","21":"product-type-simple"},"aioseo_notices":[],"_links":{"self":[{"href":"https:\/\/www.livresentre2actions.fr\/en\/wp-json\/wp\/v2\/product\/14866","targetHints":{"allow":["GET"]}}],"collection":[{"href":"https:\/\/www.livresentre2actions.fr\/en\/wp-json\/wp\/v2\/product"}],"about":[{"href":"https:\/\/www.livresentre2actions.fr\/en\/wp-json\/wp\/v2\/types\/product"}],"wp:featuredmedia":[{"embeddable":true,"href":"https:\/\/www.livresentre2actions.fr\/en\/wp-json\/wp\/v2\/media\/14867"}],"wp:attachment":[{"href":"https:\/\/www.livresentre2actions.fr\/en\/wp-json\/wp\/v2\/media?parent=14866"}],"wp:term":[{"taxonomy":"product_brand","embeddable":true,"href":"https:\/\/www.livresentre2actions.fr\/en\/wp-json\/wp\/v2\/product_brand?post=14866"},{"taxonomy":"product_cat","embeddable":true,"href":"https:\/\/www.livresentre2actions.fr\/en\/wp-json\/wp\/v2\/product_cat?post=14866"},{"taxonomy":"product_tag","embeddable":true,"href":"https:\/\/www.livresentre2actions.fr\/en\/wp-json\/wp\/v2\/product_tag?post=14866"}],"curies":[{"name":"wp","href":"https:\/\/api.w.org\/{rel}","templated":true}]}}