{"id":14841,"date":"2025-09-04T15:35:37","date_gmt":"2025-09-04T13:35:37","guid":{"rendered":"https:\/\/www.livresentre2actions.fr\/?post_type=product&#038;p=14841"},"modified":"2025-09-04T15:36:18","modified_gmt":"2025-09-04T13:36:18","slug":"curationes-morborum-2-tomes-complet-jacques-lazerme","status":"publish","type":"product","link":"https:\/\/www.livresentre2actions.fr\/en\/product\/curationes-morborum-2-tomes-complet-jacques-lazerme\/","title":{"rendered":"\u200eCurationes morborum\u200e 2 tomes, complet &#8211; Jacques Lazerme"},"content":{"rendered":"<p>Sumptibus Isaaci-Petri Rigaud<\/p>\n<p>Plein veau marbr\u00e9, dos \u00e0 cinq nerfs, pi\u00e8ce de titre en maroquin lie de vin, fleuronn\u00e9 au caissons, tranches rouges, 155 x 93, index iij-vi, et 382p. Index v-viii et 336p. 1750, Premi\u00e8re \u00e9dition. Ex-libris manuscrit \u00ab\u00a0Geraldi Lacarri\u00e8re aurilacensis medie doct. Montpel. 1770\u00a0\u00bb en t\u00eate du titre des deux volumes. Jacques Lazerme (1676-1756), originaire de B\u00e9zier, enseigna la m\u00e9decine \u00e0 Montpellier. Int\u00e9rieur propre. Dernier feuillet vierge rogn\u00e9 au T1, de m\u00eame que le dernier feuillet de texte en marge sans atteinte au texte. Dernier feuillet vierge manquant au T2. Plats, coins et champs frott\u00e9s avec \u00e9pidermures. Plats avec griffures. Dos et mors frott\u00e9s, avec \u00e9pidemrures mais bons\u00a0; un trou de ver en pie de dos du T2. Bons exemplaires bien fermes.<\/p>","protected":false},"excerpt":{"rendered":"<p>Sumptibus Isaaci-Petri Rigaud Plein veau marbr\u00e9, dos \u00e0 cinq nerfs, pi\u00e8ce de titre en maroquin lie de vin, fleuronn\u00e9 au caissons, tranches rouges, 155 x 93, index iij-vi, et 382p. Index v-viii et 336p. 1750, Premi\u00e8re \u00e9dition. Ex-libris manuscrit \u00ab\u00a0Geraldi Lacarri\u00e8re aurilacensis medie doct. Montpel. 1770\u00a0\u00bb en t\u00eate du titre des deux volumes. Jacques Lazerme &#8230; <a title=\"\u200eCurationes morborum\u200e 2 tomes, complet &#8211; Jacques Lazerme\" class=\"read-more\" href=\"https:\/\/www.livresentre2actions.fr\/en\/product\/curationes-morborum-2-tomes-complet-jacques-lazerme\/\" aria-label=\"Read more about \u200eCurationes morborum\u200e 2 tomes, complet &#8211; Jacques Lazerme\">Read more<\/a><\/p>","protected":false},"featured_media":14843,"template":"","meta":{"_eb_attr":""},"product_brand":[],"product_cat":[36,71,70],"product_tag":[94],"class_list":{"0":"post-14841","1":"product","2":"type-product","3":"status-publish","4":"has-post-thumbnail","6":"product_cat-entre-le-xviiieme-et-le-xixeme-siecle","7":"product_cat-illustres-modernes-editions-originales-signees-numerotees","8":"product_cat-medecine-et-nature","9":"product_tag-provenance","10":"sales-flash-overlay","11":"woocommerce-text-align-center","12":"woocommerce-image-align-center","13":"wc-has-gallery","15":"first","16":"instock","17":"taxable","18":"shipping-taxable","19":"purchasable","20":"product-type-simple"},"aioseo_notices":[],"_links":{"self":[{"href":"https:\/\/www.livresentre2actions.fr\/en\/wp-json\/wp\/v2\/product\/14841","targetHints":{"allow":["GET"]}}],"collection":[{"href":"https:\/\/www.livresentre2actions.fr\/en\/wp-json\/wp\/v2\/product"}],"about":[{"href":"https:\/\/www.livresentre2actions.fr\/en\/wp-json\/wp\/v2\/types\/product"}],"wp:featuredmedia":[{"embeddable":true,"href":"https:\/\/www.livresentre2actions.fr\/en\/wp-json\/wp\/v2\/media\/14843"}],"wp:attachment":[{"href":"https:\/\/www.livresentre2actions.fr\/en\/wp-json\/wp\/v2\/media?parent=14841"}],"wp:term":[{"taxonomy":"product_brand","embeddable":true,"href":"https:\/\/www.livresentre2actions.fr\/en\/wp-json\/wp\/v2\/product_brand?post=14841"},{"taxonomy":"product_cat","embeddable":true,"href":"https:\/\/www.livresentre2actions.fr\/en\/wp-json\/wp\/v2\/product_cat?post=14841"},{"taxonomy":"product_tag","embeddable":true,"href":"https:\/\/www.livresentre2actions.fr\/en\/wp-json\/wp\/v2\/product_tag?post=14841"}],"curies":[{"name":"wp","href":"https:\/\/api.w.org\/{rel}","templated":true}]}}