{"id":14805,"date":"2025-09-04T15:19:30","date_gmt":"2025-09-04T13:19:30","guid":{"rendered":"https:\/\/www.livresentre2actions.fr\/?post_type=product&#038;p=14805"},"modified":"2025-09-04T15:36:36","modified_gmt":"2025-09-04T13:36:36","slug":"oeuvres-du-chevalier-boufflers-4-volumes-complet","status":"publish","type":"product","link":"https:\/\/www.livresentre2actions.fr\/en\/product\/oeuvres-du-chevalier-boufflers-4-volumes-complet\/","title":{"rendered":"\u0152uvres du Chevalier Boufflers, 4 volumes, complet"},"content":{"rendered":"<p>Stanislas Jean de Boufflers &#8211; Chez Briand Libraire<\/p>\n<p>Pleine basane marbr\u00e9e, in-18, dos long orn\u00e9s d\u2019une pi\u00e8ce de titre en maroquin rouge et de tomaison en maroquin vert, tranches gros caillout\u00e9es, 140 x 88, 1817, seconde \u00e9dition compl\u00e8te orn\u00e9e de 16 gravures et du portrait de l\u2019auteur. T1, portrait en frontispice par Hilaire Le Dru, grav\u00e9 par Gaucher\u00a0; et 3 gravures pleine page dessin\u00e9es par Marillier et grav\u00e9 par Dupr\u00e9el. 244p. T2, 2 gravures dont frontispice (Marillier \/ Delignon) et Marillier \/Dupr\u00e9el. 243p. T3, Frontispice (Marillier \/ Delignon) et 6 gravures (Monnet \/P\u00e9r\u00e9not \/ Marillier-Dupr\u00e9el). 253p. In fine\u00a0: Placement des gravures pour les 4 tomes. T4, frontispice (N. Vallin, del.) et 3 gravures ( N. Vallin \/ P\u00e9r\u00e9not).231 p. Avec table des mati\u00e8res des 4 volumes. Bien complet de toutes ses gravures. Pour tous les volumes\u00a0: Vignette ex-libris coll\u00e9e au verso de la garde \u00ab\u00a0T. Froissart\u00a0\u00bb, et ex-libris tamponn\u00e9 au faux-titre \u00ab\u00a0G. Picarle, greffier de la justice de paix Mussy sur Seine\u00a0\u00bb. Int\u00e9rieur propre pour tous les volumes, rousseurs marginales. Coins et champs frott\u00e9s, 9 des coins l\u00e9g\u00e8rement \u00e9mouss\u00e9s. Plats frott\u00e9s, avec rares \u00e9pidermures et griffes, tr\u00e8s bons. Dos en bel \u00e9tat, quelques \u00e9pidermures, petits manques aux pi\u00e8ces de titre, coiffe et queue frott\u00e9es, mais bonnes, sauf au t4 avc une d\u00e9chirure en coiffe. Bel ensemble, bien ferme. In fine du T1, une note manuscrite en contreplat inf\u00e9rieur en guise de pr\u00e9sentation de l\u2019auteur\u00a0: \u00ab\u00a0abb\u00e9 libertin, militaire, philosophe, diplomate chevronn\u00e9, \u00e9migr\u00e9 patriote, r\u00e9publicain\u2026 inhum\u00e9 aupr\u00e8s du po\u00e8te Delille.\u00a0\u00bb<\/p>","protected":false},"excerpt":{"rendered":"<p>Stanislas Jean de Boufflers &#8211; Chez Briand Libraire Pleine basane marbr\u00e9e, in-18, dos long orn\u00e9s d\u2019une pi\u00e8ce de titre en maroquin rouge et de tomaison en maroquin vert, tranches gros caillout\u00e9es, 140 x 88, 1817, seconde \u00e9dition compl\u00e8te orn\u00e9e de 16 gravures et du portrait de l\u2019auteur. T1, portrait en frontispice par Hilaire Le Dru, &#8230; <a title=\"\u0152uvres du Chevalier Boufflers, 4 volumes, complet\" class=\"read-more\" href=\"https:\/\/www.livresentre2actions.fr\/en\/product\/oeuvres-du-chevalier-boufflers-4-volumes-complet\/\" aria-label=\"Read more about \u0152uvres du Chevalier Boufflers, 4 volumes, complet\">Read more<\/a><\/p>","protected":false},"featured_media":14806,"template":"","meta":{"_eb_attr":""},"product_brand":[],"product_cat":[36,71,73,76],"product_tag":[86,94],"class_list":{"0":"post-14805","1":"product","2":"type-product","3":"status-publish","4":"has-post-thumbnail","6":"product_cat-entre-le-xviiieme-et-le-xixeme-siecle","7":"product_cat-illustres-modernes-editions-originales-signees-numerotees","8":"product_cat-histoires-et-recits-de-voyage","9":"product_cat-poesie-theatre-prose","10":"product_tag-illustre","11":"product_tag-provenance","12":"sales-flash-overlay","13":"woocommerce-text-align-center","14":"woocommerce-image-align-center","15":"wc-has-gallery","17":"first","18":"instock","19":"taxable","20":"shipping-taxable","21":"purchasable","22":"product-type-simple"},"aioseo_notices":[],"_links":{"self":[{"href":"https:\/\/www.livresentre2actions.fr\/en\/wp-json\/wp\/v2\/product\/14805","targetHints":{"allow":["GET"]}}],"collection":[{"href":"https:\/\/www.livresentre2actions.fr\/en\/wp-json\/wp\/v2\/product"}],"about":[{"href":"https:\/\/www.livresentre2actions.fr\/en\/wp-json\/wp\/v2\/types\/product"}],"wp:featuredmedia":[{"embeddable":true,"href":"https:\/\/www.livresentre2actions.fr\/en\/wp-json\/wp\/v2\/media\/14806"}],"wp:attachment":[{"href":"https:\/\/www.livresentre2actions.fr\/en\/wp-json\/wp\/v2\/media?parent=14805"}],"wp:term":[{"taxonomy":"product_brand","embeddable":true,"href":"https:\/\/www.livresentre2actions.fr\/en\/wp-json\/wp\/v2\/product_brand?post=14805"},{"taxonomy":"product_cat","embeddable":true,"href":"https:\/\/www.livresentre2actions.fr\/en\/wp-json\/wp\/v2\/product_cat?post=14805"},{"taxonomy":"product_tag","embeddable":true,"href":"https:\/\/www.livresentre2actions.fr\/en\/wp-json\/wp\/v2\/product_tag?post=14805"}],"curies":[{"name":"wp","href":"https:\/\/api.w.org\/{rel}","templated":true}]}}