{"id":14768,"date":"2025-09-02T14:56:54","date_gmt":"2025-09-02T12:56:54","guid":{"rendered":"https:\/\/www.livresentre2actions.fr\/?post_type=product&#038;p=14768"},"modified":"2025-09-02T14:57:56","modified_gmt":"2025-09-02T12:57:56","slug":"les-elemens-deuclide-expliquez-dune-maniere-nouvelle-tres-facile","status":"publish","type":"product","link":"https:\/\/www.livresentre2actions.fr\/en\/product\/les-elemens-deuclide-expliquez-dune-maniere-nouvelle-tres-facile\/","title":{"rendered":"Les Elemens d&rsquo;Euclide expliquez d&rsquo;une mani\u00e8re nouvelle &#038; tr\u00e9s-facile"},"content":{"rendered":"<p>Les Elemens d&rsquo;Euclide expliquez d&rsquo;une mani\u00e8re nouvelle &amp; tr\u00e9s-facile, avec l&rsquo;usage de chaque proposition pour toutes les parties des mathematiques P. Dechalles &#8211; Chez Claude Jombert Plein veau marbr\u00e9, dos \u00e0 cinq nerfs, fleuronn\u00e9 aux caissons et orn\u00e9 d\u2019un pi\u00e8ce de titre en maroquin lie de vin, tranches jasp\u00e9es rouges, 170 x 101, 360p. 1720. Nouvelle \u00e9dition, rev\u00fb\u00eb, corrig\u00e9e &amp; augment\u00e9e.(Livres I \u00e0 VI, XI et XII, Brunet). Ex-libris manuscrit \u00ab\u00a0Podiani\u00a0\u00bb en page de garde. Avant la lettre\u00a0: Avertissement, Errata, Adresse au lecteur, Avant-propos, Approbation et Privil\u00e8ge, 10p. Puis le texte\u00a0: Livre I avec 5 planches d\u00e9pliantes\u00a0; Livre II, 1 planche d\u00e9pl.\u00a0; Livre III, 2 planches d\u00e9pl.\u00a0; Livre IV\u00a0; Livre V, avec 1 pl. d\u00e9pl.\u00a0; Livre VI, 2 pl. d\u00e9pl.\u00a0; Livre XI, 2 pl. d\u00e9pl. Livre XII, 3 pl. d\u00e9pl. Soit complet de ses 16 planches hors texte, toutes int\u00e8gres. Int\u00e9rieur bon, frais, int\u00e8gre. Coins et champs frott\u00e9s. Plats frott\u00e9s avec griffes, rides et \u00e9pidermures. Mors rid\u00e9 et frott\u00e9, mors sup\u00e9rieur bri\u00e8vement ouvert en t\u00eate. Dos en bel \u00e9tat, nerfs, coiffe et queue avec \u00e9pidermures. Bel exemplaire bien ferme.<\/p>","protected":false},"excerpt":{"rendered":"<p>Les Elemens d&rsquo;Euclide expliquez d&rsquo;une mani\u00e8re nouvelle &amp; tr\u00e9s-facile, avec l&rsquo;usage de chaque proposition pour toutes les parties des mathematiques P. Dechalles &#8211; Chez Claude Jombert Plein veau marbr\u00e9, dos \u00e0 cinq nerfs, fleuronn\u00e9 aux caissons et orn\u00e9 d\u2019un pi\u00e8ce de titre en maroquin lie de vin, tranches jasp\u00e9es rouges, 170 x 101, 360p. 1720. &#8230; <a title=\"Les Elemens d&rsquo;Euclide expliquez d&rsquo;une mani\u00e8re nouvelle &#038; tr\u00e9s-facile\" class=\"read-more\" href=\"https:\/\/www.livresentre2actions.fr\/en\/product\/les-elemens-deuclide-expliquez-dune-maniere-nouvelle-tres-facile\/\" aria-label=\"Read more about Les Elemens d&rsquo;Euclide expliquez d&rsquo;une mani\u00e8re nouvelle &#038; tr\u00e9s-facile\">Read more<\/a><\/p>","protected":false},"featured_media":14769,"template":"","meta":{"_eb_attr":""},"product_brand":[],"product_cat":[36,71,69],"product_tag":[86,94],"class_list":{"0":"post-14768","1":"product","2":"type-product","3":"status-publish","4":"has-post-thumbnail","6":"product_cat-entre-le-xviiieme-et-le-xixeme-siecle","7":"product_cat-illustres-modernes-editions-originales-signees-numerotees","8":"product_cat-sciences-et-techniques","9":"product_tag-illustre","10":"product_tag-provenance","11":"sales-flash-overlay","12":"woocommerce-text-align-center","13":"woocommerce-image-align-center","14":"wc-has-gallery","16":"first","17":"instock","18":"taxable","19":"shipping-taxable","20":"purchasable","21":"product-type-simple"},"aioseo_notices":[],"_links":{"self":[{"href":"https:\/\/www.livresentre2actions.fr\/en\/wp-json\/wp\/v2\/product\/14768","targetHints":{"allow":["GET"]}}],"collection":[{"href":"https:\/\/www.livresentre2actions.fr\/en\/wp-json\/wp\/v2\/product"}],"about":[{"href":"https:\/\/www.livresentre2actions.fr\/en\/wp-json\/wp\/v2\/types\/product"}],"wp:featuredmedia":[{"embeddable":true,"href":"https:\/\/www.livresentre2actions.fr\/en\/wp-json\/wp\/v2\/media\/14769"}],"wp:attachment":[{"href":"https:\/\/www.livresentre2actions.fr\/en\/wp-json\/wp\/v2\/media?parent=14768"}],"wp:term":[{"taxonomy":"product_brand","embeddable":true,"href":"https:\/\/www.livresentre2actions.fr\/en\/wp-json\/wp\/v2\/product_brand?post=14768"},{"taxonomy":"product_cat","embeddable":true,"href":"https:\/\/www.livresentre2actions.fr\/en\/wp-json\/wp\/v2\/product_cat?post=14768"},{"taxonomy":"product_tag","embeddable":true,"href":"https:\/\/www.livresentre2actions.fr\/en\/wp-json\/wp\/v2\/product_tag?post=14768"}],"curies":[{"name":"wp","href":"https:\/\/api.w.org\/{rel}","templated":true}]}}