{"id":14580,"date":"2025-08-02T15:39:01","date_gmt":"2025-08-02T13:39:01","guid":{"rendered":"https:\/\/www.livresentre2actions.fr\/?post_type=product&#038;p=14580"},"modified":"2026-03-25T09:50:32","modified_gmt":"2026-03-25T08:50:32","slug":"la-nef-elemir-bourges-edition-originale","status":"publish","type":"product","link":"https:\/\/www.livresentre2actions.fr\/en\/product\/la-nef-elemir-bourges-edition-originale\/","title":{"rendered":"La Nef, \u00c9l\u00e9mir Bourges &#8211; \u00c9dition originale"},"content":{"rendered":"<p>P.-V. Stock &#8211; Plein simili percaline noire \u00e0 dos long orn\u00e9 des titres et auteurs, 182 x 121, 343p. 1904. Premi\u00e8re \u00e9dition. Int\u00e9rieur propre, quelques rousseurs. Des frottements et des traces l\u00e9g\u00e8res \u00e0 la reliure. Bon exemplaire bien ferme. La fin du volume annonce une suite qui sera publi\u00e9e ult\u00e9rieurement. Ami de Copp\u00e9e et Barbey d\u2019Aurevilly, \u00c9l\u00e9mir Bourg\u00e8s fut chroniqueur au Gaulois, membre de l\u2019Acad\u00e9mie Goncourt, et publia Le cr\u00e9puscule des Dieux, salu\u00e9 par la jeune g\u00e9n\u00e9ration symboliste comme Jean Lorrain. Il fut \u00e9galement associ\u00e9 au mouvement la Rose-Croix esth\u00e9tique de P\u00e9ladan.<\/p>","protected":false},"excerpt":{"rendered":"<p>P.-V. Stock &#8211; Plein simili percaline noire \u00e0 dos long orn\u00e9 des titres et auteurs, 182 x 121, 343p. 1904. Premi\u00e8re \u00e9dition. Int\u00e9rieur propre, quelques rousseurs. Des frottements et des traces l\u00e9g\u00e8res \u00e0 la reliure. Bon exemplaire bien ferme. La fin du volume annonce une suite qui sera publi\u00e9e ult\u00e9rieurement. Ami de Copp\u00e9e et Barbey &#8230; <a title=\"La Nef, \u00c9l\u00e9mir Bourges &#8211; \u00c9dition originale\" class=\"read-more\" href=\"https:\/\/www.livresentre2actions.fr\/en\/product\/la-nef-elemir-bourges-edition-originale\/\" aria-label=\"Read more about La Nef, \u00c9l\u00e9mir Bourges &#8211; \u00c9dition originale\">Read more<\/a><\/p>","protected":false},"featured_media":14581,"template":"","meta":{"_eb_attr":""},"product_brand":[],"product_cat":[37,71,76],"product_tag":[],"class_list":{"0":"post-14580","1":"product","2":"type-product","3":"status-publish","4":"has-post-thumbnail","6":"product_cat-a-partir-du-xxeme-siecle","7":"product_cat-illustres-modernes-editions-originales-signees-numerotees","8":"product_cat-poesie-theatre-prose","9":"sales-flash-overlay","10":"woocommerce-text-align-center","11":"woocommerce-image-align-center","12":"wc-has-gallery","14":"first","15":"outofstock","16":"taxable","17":"shipping-taxable","18":"purchasable","19":"product-type-simple"},"aioseo_notices":[],"_links":{"self":[{"href":"https:\/\/www.livresentre2actions.fr\/en\/wp-json\/wp\/v2\/product\/14580","targetHints":{"allow":["GET"]}}],"collection":[{"href":"https:\/\/www.livresentre2actions.fr\/en\/wp-json\/wp\/v2\/product"}],"about":[{"href":"https:\/\/www.livresentre2actions.fr\/en\/wp-json\/wp\/v2\/types\/product"}],"wp:featuredmedia":[{"embeddable":true,"href":"https:\/\/www.livresentre2actions.fr\/en\/wp-json\/wp\/v2\/media\/14581"}],"wp:attachment":[{"href":"https:\/\/www.livresentre2actions.fr\/en\/wp-json\/wp\/v2\/media?parent=14580"}],"wp:term":[{"taxonomy":"product_brand","embeddable":true,"href":"https:\/\/www.livresentre2actions.fr\/en\/wp-json\/wp\/v2\/product_brand?post=14580"},{"taxonomy":"product_cat","embeddable":true,"href":"https:\/\/www.livresentre2actions.fr\/en\/wp-json\/wp\/v2\/product_cat?post=14580"},{"taxonomy":"product_tag","embeddable":true,"href":"https:\/\/www.livresentre2actions.fr\/en\/wp-json\/wp\/v2\/product_tag?post=14580"}],"curies":[{"name":"wp","href":"https:\/\/api.w.org\/{rel}","templated":true}]}}