{"id":14519,"date":"2025-08-02T15:09:10","date_gmt":"2025-08-02T13:09:10","guid":{"rendered":"https:\/\/www.livresentre2actions.fr\/?post_type=product&#038;p=14519"},"modified":"2025-08-25T14:23:14","modified_gmt":"2025-08-25T12:23:14","slug":"le-pain-fabrication-rationnelle-historique-intendant-militaire-serand","status":"publish","type":"product","link":"https:\/\/www.livresentre2actions.fr\/en\/product\/le-pain-fabrication-rationnelle-historique-intendant-militaire-serand\/","title":{"rendered":"Le pain, fabrication rationnelle historique &#8211; Intendant militaire S\u00e9rand"},"content":{"rendered":"<p>E. Dunod et E. Pinat &#8211; Trois titres en un volume. Broch\u00e9, 230 x 144, 206p. 1911. 2\u00e8me \u00e9dition, augment\u00e9e d\u2019un chapitre important sur les pr\u00e9trisseuses m\u00e9caniques. Livre premier\u00a0: La th\u00e9orie pasteurienne et la panification. Livre deuxi\u00e8me\u00a0: Du pain depuis les temps les plus recul\u00e9s. Livre troisi\u00e8me\u00a0: Des p\u00e9trisseuses m\u00e9caniques. En partie non coup\u00e9. Gravures dans et hors texte dans le dernier livre. Int\u00e9rieur propre et int\u00e8gre. Couvertures et dos insol\u00e9s et frott\u00e9s, avec rousseurs en couvertures, un petit manque en pied de quatri\u00e8me de couverture et une d\u00e9chirure avec un petit manque en t\u00eate de dos. Bien ferme. A noter que 12 pages de publicit\u00e9s pr\u00e9c\u00e8dent le texte.<\/p>","protected":false},"excerpt":{"rendered":"<p>E. Dunod et E. Pinat &#8211; Trois titres en un volume. Broch\u00e9, 230 x 144, 206p. 1911. 2\u00e8me \u00e9dition, augment\u00e9e d\u2019un chapitre important sur les pr\u00e9trisseuses m\u00e9caniques. Livre premier\u00a0: La th\u00e9orie pasteurienne et la panification. Livre deuxi\u00e8me\u00a0: Du pain depuis les temps les plus recul\u00e9s. Livre troisi\u00e8me\u00a0: Des p\u00e9trisseuses m\u00e9caniques. En partie non coup\u00e9. Gravures &#8230; <a title=\"Le pain, fabrication rationnelle historique &#8211; Intendant militaire S\u00e9rand\" class=\"read-more\" href=\"https:\/\/www.livresentre2actions.fr\/en\/product\/le-pain-fabrication-rationnelle-historique-intendant-militaire-serand\/\" aria-label=\"Read more about Le pain, fabrication rationnelle historique &#8211; Intendant militaire S\u00e9rand\">Read more<\/a><\/p>","protected":false},"featured_media":14520,"template":"","meta":{"_eb_attr":""},"product_brand":[],"product_cat":[37,83,71],"product_tag":[],"class_list":{"0":"post-14519","1":"product","2":"type-product","3":"status-publish","4":"has-post-thumbnail","6":"product_cat-a-partir-du-xxeme-siecle","7":"product_cat-culinaria-cuisine-divers","8":"product_cat-illustres-modernes-editions-originales-signees-numerotees","9":"sales-flash-overlay","10":"woocommerce-text-align-center","11":"woocommerce-image-align-center","12":"wc-has-gallery","14":"first","15":"instock","16":"taxable","17":"shipping-taxable","18":"purchasable","19":"product-type-simple"},"aioseo_notices":[],"_links":{"self":[{"href":"https:\/\/www.livresentre2actions.fr\/en\/wp-json\/wp\/v2\/product\/14519","targetHints":{"allow":["GET"]}}],"collection":[{"href":"https:\/\/www.livresentre2actions.fr\/en\/wp-json\/wp\/v2\/product"}],"about":[{"href":"https:\/\/www.livresentre2actions.fr\/en\/wp-json\/wp\/v2\/types\/product"}],"wp:featuredmedia":[{"embeddable":true,"href":"https:\/\/www.livresentre2actions.fr\/en\/wp-json\/wp\/v2\/media\/14520"}],"wp:attachment":[{"href":"https:\/\/www.livresentre2actions.fr\/en\/wp-json\/wp\/v2\/media?parent=14519"}],"wp:term":[{"taxonomy":"product_brand","embeddable":true,"href":"https:\/\/www.livresentre2actions.fr\/en\/wp-json\/wp\/v2\/product_brand?post=14519"},{"taxonomy":"product_cat","embeddable":true,"href":"https:\/\/www.livresentre2actions.fr\/en\/wp-json\/wp\/v2\/product_cat?post=14519"},{"taxonomy":"product_tag","embeddable":true,"href":"https:\/\/www.livresentre2actions.fr\/en\/wp-json\/wp\/v2\/product_tag?post=14519"}],"curies":[{"name":"wp","href":"https:\/\/api.w.org\/{rel}","templated":true}]}}