{"id":14480,"date":"2025-08-01T19:46:59","date_gmt":"2025-08-01T17:46:59","guid":{"rendered":"https:\/\/www.livresentre2actions.fr\/?post_type=product&#038;p=14480"},"modified":"2025-08-27T11:25:39","modified_gmt":"2025-08-27T09:25:39","slug":"la-royale-belge-societe-dassurances-1853-1953","status":"publish","type":"product","link":"https:\/\/www.livresentre2actions.fr\/en\/product\/la-royale-belge-societe-dassurances-1853-1953\/","title":{"rendered":"La Royale Belge, soci\u00e9t\u00e9 d&rsquo;assurances : 1853-1953"},"content":{"rendered":"<p>Broch\u00e9, 255 x 233, 88p. 1952. exemplaire num\u00e9rot\u00e9 219 \/ 2000. Exemplaire enrichi d&rsquo;un autographe sur petit carton , l&rsquo;ex-dono manuscrit du Baron Carton de Wiart [Edmond Carton de Wiart, proche de la famille royale belge, chef de cabinet de L\u00e9opold II]. Int\u00e9rieur propre, non coup\u00e9. Quelques rousseurs l\u00e9g\u00e8res ne premi\u00e8re de couverture. Bel exemplaire, bien ferme. Embo\u00eetage manquant.<\/p>","protected":false},"excerpt":{"rendered":"<p>Broch\u00e9, 255 x 233, 88p. 1952. exemplaire num\u00e9rot\u00e9 219 \/ 2000. Exemplaire enrichi d&rsquo;un autographe sur petit carton , l&rsquo;ex-dono manuscrit du Baron Carton de Wiart [Edmond Carton de Wiart, proche de la famille royale belge, chef de cabinet de L\u00e9opold II]. Int\u00e9rieur propre, non coup\u00e9. Quelques rousseurs l\u00e9g\u00e8res ne premi\u00e8re de couverture. Bel exemplaire, &#8230; <a title=\"La Royale Belge, soci\u00e9t\u00e9 d&rsquo;assurances : 1853-1953\" class=\"read-more\" href=\"https:\/\/www.livresentre2actions.fr\/en\/product\/la-royale-belge-societe-dassurances-1853-1953\/\" aria-label=\"Read more about La Royale Belge, soci\u00e9t\u00e9 d&rsquo;assurances : 1853-1953\">Read more<\/a><\/p>","protected":false},"featured_media":14481,"template":"","meta":{"_eb_attr":""},"product_brand":[],"product_cat":[37,71,81,73],"product_tag":[94],"class_list":{"0":"post-14480","1":"product","2":"type-product","3":"status-publish","4":"has-post-thumbnail","6":"product_cat-a-partir-du-xxeme-siecle","7":"product_cat-illustres-modernes-editions-originales-signees-numerotees","8":"product_cat-hauts-de-france","9":"product_cat-histoires-et-recits-de-voyage","10":"product_tag-provenance","11":"sales-flash-overlay","12":"woocommerce-text-align-center","13":"woocommerce-image-align-center","14":"wc-has-gallery","16":"first","17":"instock","18":"taxable","19":"shipping-taxable","20":"purchasable","21":"product-type-simple"},"aioseo_notices":[],"_links":{"self":[{"href":"https:\/\/www.livresentre2actions.fr\/en\/wp-json\/wp\/v2\/product\/14480","targetHints":{"allow":["GET"]}}],"collection":[{"href":"https:\/\/www.livresentre2actions.fr\/en\/wp-json\/wp\/v2\/product"}],"about":[{"href":"https:\/\/www.livresentre2actions.fr\/en\/wp-json\/wp\/v2\/types\/product"}],"wp:featuredmedia":[{"embeddable":true,"href":"https:\/\/www.livresentre2actions.fr\/en\/wp-json\/wp\/v2\/media\/14481"}],"wp:attachment":[{"href":"https:\/\/www.livresentre2actions.fr\/en\/wp-json\/wp\/v2\/media?parent=14480"}],"wp:term":[{"taxonomy":"product_brand","embeddable":true,"href":"https:\/\/www.livresentre2actions.fr\/en\/wp-json\/wp\/v2\/product_brand?post=14480"},{"taxonomy":"product_cat","embeddable":true,"href":"https:\/\/www.livresentre2actions.fr\/en\/wp-json\/wp\/v2\/product_cat?post=14480"},{"taxonomy":"product_tag","embeddable":true,"href":"https:\/\/www.livresentre2actions.fr\/en\/wp-json\/wp\/v2\/product_tag?post=14480"}],"curies":[{"name":"wp","href":"https:\/\/api.w.org\/{rel}","templated":true}]}}