{"id":14469,"date":"2025-08-01T19:25:49","date_gmt":"2025-08-01T17:25:49","guid":{"rendered":"https:\/\/www.livresentre2actions.fr\/?post_type=product&#038;p=14469"},"modified":"2025-08-25T14:23:15","modified_gmt":"2025-08-25T12:23:15","slug":"les-grelots-contes-fantastiques-g-de-la-landelle-edition-originale","status":"publish","type":"product","link":"https:\/\/www.livresentre2actions.fr\/en\/product\/les-grelots-contes-fantastiques-g-de-la-landelle-edition-originale\/","title":{"rendered":"Les grelots, contes fantastiques. G. de la Landelle. \u00c9dition originale"},"content":{"rendered":"<p>Les grelots, contes fantastiques, . Nouvelles, bluettes, fantaisies G. de la Landelle &#8211; Veuve Adam, Libraire-\u00e9diteur, Douai Demi-chagrin, dos \u00e0 faux-nerfs, orn\u00e9 des titre et auteur, 243 x 160, 312p. Hors table. 1861. Premi\u00e8re \u00e9dition. Int\u00e9rieur propre, avec20 pages restaur\u00e9es en pied (en marge). Reliure frott\u00e9e avec \u00e9pidermures. Bon exemplaire, bien ferme. Guillaume Joseph Gabriel de La Landelle (1812-1886), officier de marine, journaliste, \u00e9crivain, fut un ami de Jules Verne et certains de ses romans maritimes inspireront son ami. Pionnier de l\u2019a\u00e9ronautique, il construit d\u2019ailleurs en 1861 avec G. du Ponton d\u2019Am\u00e9court un prototype d\u2019h\u00e9licopt\u00e8re \u00e0 moteur vapeur, dont on retrouve de nombreuses similitudes dans celui du h\u00e9ros de Robur-le-conqu\u00e9rant.<\/p>","protected":false},"excerpt":{"rendered":"<p>Les grelots, contes fantastiques, . Nouvelles, bluettes, fantaisies G. de la Landelle &#8211; Veuve Adam, Libraire-\u00e9diteur, Douai Demi-chagrin, dos \u00e0 faux-nerfs, orn\u00e9 des titre et auteur, 243 x 160, 312p. Hors table. 1861. Premi\u00e8re \u00e9dition. Int\u00e9rieur propre, avec20 pages restaur\u00e9es en pied (en marge). Reliure frott\u00e9e avec \u00e9pidermures. Bon exemplaire, bien ferme. Guillaume Joseph Gabriel &#8230; <a title=\"Les grelots, contes fantastiques. G. de la Landelle. \u00c9dition originale\" class=\"read-more\" href=\"https:\/\/www.livresentre2actions.fr\/en\/product\/les-grelots-contes-fantastiques-g-de-la-landelle-edition-originale\/\" aria-label=\"Read more about Les grelots, contes fantastiques. G. de la Landelle. \u00c9dition originale\">Read more<\/a><\/p>","protected":false},"featured_media":14470,"template":"","meta":{"_eb_attr":""},"product_brand":[],"product_cat":[36,71,81,76],"product_tag":[],"class_list":{"0":"post-14469","1":"product","2":"type-product","3":"status-publish","4":"has-post-thumbnail","6":"product_cat-entre-le-xviiieme-et-le-xixeme-siecle","7":"product_cat-illustres-modernes-editions-originales-signees-numerotees","8":"product_cat-hauts-de-france","9":"product_cat-poesie-theatre-prose","10":"sales-flash-overlay","11":"woocommerce-text-align-center","12":"woocommerce-image-align-center","13":"wc-has-gallery","15":"first","16":"instock","17":"taxable","18":"shipping-taxable","19":"purchasable","20":"product-type-simple"},"aioseo_notices":[],"_links":{"self":[{"href":"https:\/\/www.livresentre2actions.fr\/en\/wp-json\/wp\/v2\/product\/14469","targetHints":{"allow":["GET"]}}],"collection":[{"href":"https:\/\/www.livresentre2actions.fr\/en\/wp-json\/wp\/v2\/product"}],"about":[{"href":"https:\/\/www.livresentre2actions.fr\/en\/wp-json\/wp\/v2\/types\/product"}],"wp:featuredmedia":[{"embeddable":true,"href":"https:\/\/www.livresentre2actions.fr\/en\/wp-json\/wp\/v2\/media\/14470"}],"wp:attachment":[{"href":"https:\/\/www.livresentre2actions.fr\/en\/wp-json\/wp\/v2\/media?parent=14469"}],"wp:term":[{"taxonomy":"product_brand","embeddable":true,"href":"https:\/\/www.livresentre2actions.fr\/en\/wp-json\/wp\/v2\/product_brand?post=14469"},{"taxonomy":"product_cat","embeddable":true,"href":"https:\/\/www.livresentre2actions.fr\/en\/wp-json\/wp\/v2\/product_cat?post=14469"},{"taxonomy":"product_tag","embeddable":true,"href":"https:\/\/www.livresentre2actions.fr\/en\/wp-json\/wp\/v2\/product_tag?post=14469"}],"curies":[{"name":"wp","href":"https:\/\/api.w.org\/{rel}","templated":true}]}}