{"id":14413,"date":"2025-08-01T19:03:34","date_gmt":"2025-08-01T17:03:34","guid":{"rendered":"https:\/\/www.livresentre2actions.fr\/?post_type=product&#038;p=14413"},"modified":"2025-08-27T11:27:22","modified_gmt":"2025-08-27T09:27:22","slug":"chansons-et-dits-artesiens-du-xiiieme-siecle-edition-originale","status":"publish","type":"product","link":"https:\/\/www.livresentre2actions.fr\/en\/product\/chansons-et-dits-artesiens-du-xiiieme-siecle-edition-originale\/","title":{"rendered":"Chansons et dits art\u00e9siens du XIII\u00e8me si\u00e8cle. \u00c9dition originale"},"content":{"rendered":"<p>Alfred Jeanroy et Henri Guy &#8211; Feret et Fils \u00e9diteurs<\/p>\n<p>Pleine toile verte \u00e0 dos long, plats orn\u00e9 du titre en vignette coll\u00e9e, dos muet (ayant perdu sa vignette titre), 253 x 175, 163p. Avec table. 1898. Edition originale. Collection : Biblioth\u00e8que des universit\u00e9s du Midi, deuxi\u00e8me fascicule. Exemplaire avec commentaires annot\u00e9s au crayon de papier. Plats frott\u00e9s mais propres et int\u00e8gres ; dos avec reste de colle de la vignette titre. Bon exemplaire bien ferme.<\/p>","protected":false},"excerpt":{"rendered":"<p>Alfred Jeanroy et Henri Guy &#8211; Feret et Fils \u00e9diteurs Pleine toile verte \u00e0 dos long, plats orn\u00e9 du titre en vignette coll\u00e9e, dos muet (ayant perdu sa vignette titre), 253 x 175, 163p. Avec table. 1898. Edition originale. Collection : Biblioth\u00e8que des universit\u00e9s du Midi, deuxi\u00e8me fascicule. Exemplaire avec commentaires annot\u00e9s au crayon de &#8230; <a title=\"Chansons et dits art\u00e9siens du XIII\u00e8me si\u00e8cle. \u00c9dition originale\" class=\"read-more\" href=\"https:\/\/www.livresentre2actions.fr\/en\/product\/chansons-et-dits-artesiens-du-xiiieme-siecle-edition-originale\/\" aria-label=\"Read more about Chansons et dits art\u00e9siens du XIII\u00e8me si\u00e8cle. \u00c9dition originale\">Read more<\/a><\/p>","protected":false},"featured_media":14414,"template":"","meta":{"_eb_attr":""},"product_brand":[],"product_cat":[36,71,81,76],"product_tag":[],"class_list":{"0":"post-14413","1":"product","2":"type-product","3":"status-publish","4":"has-post-thumbnail","6":"product_cat-entre-le-xviiieme-et-le-xixeme-siecle","7":"product_cat-illustres-modernes-editions-originales-signees-numerotees","8":"product_cat-hauts-de-france","9":"product_cat-poesie-theatre-prose","10":"sales-flash-overlay","11":"woocommerce-text-align-center","12":"woocommerce-image-align-center","13":"wc-has-gallery","15":"first","16":"instock","17":"taxable","18":"shipping-taxable","19":"purchasable","20":"product-type-simple"},"aioseo_notices":[],"_links":{"self":[{"href":"https:\/\/www.livresentre2actions.fr\/en\/wp-json\/wp\/v2\/product\/14413","targetHints":{"allow":["GET"]}}],"collection":[{"href":"https:\/\/www.livresentre2actions.fr\/en\/wp-json\/wp\/v2\/product"}],"about":[{"href":"https:\/\/www.livresentre2actions.fr\/en\/wp-json\/wp\/v2\/types\/product"}],"wp:featuredmedia":[{"embeddable":true,"href":"https:\/\/www.livresentre2actions.fr\/en\/wp-json\/wp\/v2\/media\/14414"}],"wp:attachment":[{"href":"https:\/\/www.livresentre2actions.fr\/en\/wp-json\/wp\/v2\/media?parent=14413"}],"wp:term":[{"taxonomy":"product_brand","embeddable":true,"href":"https:\/\/www.livresentre2actions.fr\/en\/wp-json\/wp\/v2\/product_brand?post=14413"},{"taxonomy":"product_cat","embeddable":true,"href":"https:\/\/www.livresentre2actions.fr\/en\/wp-json\/wp\/v2\/product_cat?post=14413"},{"taxonomy":"product_tag","embeddable":true,"href":"https:\/\/www.livresentre2actions.fr\/en\/wp-json\/wp\/v2\/product_tag?post=14413"}],"curies":[{"name":"wp","href":"https:\/\/api.w.org\/{rel}","templated":true}]}}