{"id":14374,"date":"2025-08-01T18:19:21","date_gmt":"2025-08-01T16:19:21","guid":{"rendered":"https:\/\/www.livresentre2actions.fr\/?post_type=product&#038;p=14374"},"modified":"2025-08-25T14:23:17","modified_gmt":"2025-08-25T12:23:17","slug":"les-comtes-de-buquoy-en-boheme-margarete-grafin-von-buquoy","status":"publish","type":"product","link":"https:\/\/www.livresentre2actions.fr\/en\/product\/les-comtes-de-buquoy-en-boheme-margarete-grafin-von-buquoy\/","title":{"rendered":"Les Comtes de Buquoy en Boh\u00eame &#8211; Margarete Gr\u00e4fin Von Buquoy"},"content":{"rendered":"<p>Brochure double agrafe, 212 x 148, 44p. 2002. Expos\u00e9 \u00e9crit pour Le mus\u00e9e des arts d\u00e9coratifs \u00e0 Prague lors de l&rsquo;exposition des verres des Buquoy, octobre 2001-janvier 2002. Tr\u00e8s bon exemplaire, propre, int\u00e8gre, bien ferme.<\/p>","protected":false},"excerpt":{"rendered":"<p>Brochure double agrafe, 212 x 148, 44p. 2002. Expos\u00e9 \u00e9crit pour Le mus\u00e9e des arts d\u00e9coratifs \u00e0 Prague lors de l&rsquo;exposition des verres des Buquoy, octobre 2001-janvier 2002. Tr\u00e8s bon exemplaire, propre, int\u00e8gre, bien ferme.<\/p>","protected":false},"featured_media":0,"template":"","meta":{"_eb_attr":""},"product_brand":[],"product_cat":[37,71,81,73],"product_tag":[],"class_list":{"0":"post-14374","1":"product","2":"type-product","3":"status-publish","5":"product_cat-a-partir-du-xxeme-siecle","6":"product_cat-illustres-modernes-editions-originales-signees-numerotees","7":"product_cat-hauts-de-france","8":"product_cat-histoires-et-recits-de-voyage","9":"sales-flash-overlay","10":"woocommerce-text-align-center","11":"woocommerce-image-align-center","13":"first","14":"outofstock","15":"taxable","16":"shipping-taxable","17":"purchasable","18":"product-type-simple"},"aioseo_notices":[],"_links":{"self":[{"href":"https:\/\/www.livresentre2actions.fr\/en\/wp-json\/wp\/v2\/product\/14374","targetHints":{"allow":["GET"]}}],"collection":[{"href":"https:\/\/www.livresentre2actions.fr\/en\/wp-json\/wp\/v2\/product"}],"about":[{"href":"https:\/\/www.livresentre2actions.fr\/en\/wp-json\/wp\/v2\/types\/product"}],"wp:attachment":[{"href":"https:\/\/www.livresentre2actions.fr\/en\/wp-json\/wp\/v2\/media?parent=14374"}],"wp:term":[{"taxonomy":"product_brand","embeddable":true,"href":"https:\/\/www.livresentre2actions.fr\/en\/wp-json\/wp\/v2\/product_brand?post=14374"},{"taxonomy":"product_cat","embeddable":true,"href":"https:\/\/www.livresentre2actions.fr\/en\/wp-json\/wp\/v2\/product_cat?post=14374"},{"taxonomy":"product_tag","embeddable":true,"href":"https:\/\/www.livresentre2actions.fr\/en\/wp-json\/wp\/v2\/product_tag?post=14374"}],"curies":[{"name":"wp","href":"https:\/\/api.w.org\/{rel}","templated":true}]}}