{"id":14356,"date":"2025-08-01T18:05:38","date_gmt":"2025-08-01T16:05:38","guid":{"rendered":"https:\/\/www.livresentre2actions.fr\/?post_type=product&#038;p=14356"},"modified":"2025-08-25T14:23:17","modified_gmt":"2025-08-25T12:23:17","slug":"les-jardins-poeme-nouvelle-edition-illustree-dun-frontispice","status":"publish","type":"product","link":"https:\/\/www.livresentre2actions.fr\/en\/product\/les-jardins-poeme-nouvelle-edition-illustree-dun-frontispice\/","title":{"rendered":"Les jardins. Po\u00e8me. Nouvelle \u00e9dition &#8211; Illustr\u00e9e d&rsquo;un frontispice"},"content":{"rendered":"<p>Les jardins. Po\u00e8me. Nouvelle \u00e9dition consid\u00e9rablement augment\u00e9e.<\/p>\n<p>Jacques Delille &#8211; Chez Levrault &#8211; Plein veau \u00e0 dos long orn\u00e9 d\u2019une pi\u00e8ce de titre en maroquin noir et de double liser\u00e9s, 222 x 150, 166p. An IX \u2013 1801. Avec un joli frontispice grav\u00e9 par Choffard [Pierre-Philippe Choffard, ornementiste renomm\u00e9, notamment Les contes et nouvelles de La Fontaine] d\u2019apr\u00e8s Monciau |Nicolas-Andr\u00e9 Monciau, peintre et dessinateur]. Pr\u00e9face pagin\u00e9e vj-xxxj. Comprend in fine Les Notes du po\u00e8me, pagin\u00e9es 126 \u00e0 fin. Int\u00e9rieur propre et int\u00e8gre. Rousseurs marginales. Coins et champs frott\u00e9s, coins l\u00e9g\u00e8rement \u00e9mouss\u00e9s. Plats frott\u00e9s avec \u00e9pidermures. Mors frott\u00e9, mors sup\u00e9rieur fendu tout du long et donc fragilis\u00e9. Pi\u00e8ce de titre avec un petit manque en coin. Dos frott\u00e9 avec griffes et \u00e9pidermures. Coiffe et queue avec \u00e9pidermures, coiffe en partie aras\u00e9e. L\u2019originale date de 1782, mais cette \u00e9dition est d\u00e9finitive et compl\u00e8te. Les jardins \u00e9taient une \u0153uvre influente appelant \u00e0 la r\u00e9forme du style traditionnel du jardinage, avec ses lignes droites et sa sym\u00e9trie. Delille loue la vertu du jardin anglais naturel, notant les d\u00e9tails contemporains de nombreux jardins c\u00e9l\u00e8bres d&rsquo;Angleterre.<\/p>","protected":false},"excerpt":{"rendered":"<p>Les jardins. Po\u00e8me. Nouvelle \u00e9dition consid\u00e9rablement augment\u00e9e. Jacques Delille &#8211; Chez Levrault &#8211; Plein veau \u00e0 dos long orn\u00e9 d\u2019une pi\u00e8ce de titre en maroquin noir et de double liser\u00e9s, 222 x 150, 166p. An IX \u2013 1801. Avec un joli frontispice grav\u00e9 par Choffard [Pierre-Philippe Choffard, ornementiste renomm\u00e9, notamment Les contes et nouvelles de &#8230; <a title=\"Les jardins. Po\u00e8me. Nouvelle \u00e9dition &#8211; Illustr\u00e9e d&rsquo;un frontispice\" class=\"read-more\" href=\"https:\/\/www.livresentre2actions.fr\/en\/product\/les-jardins-poeme-nouvelle-edition-illustree-dun-frontispice\/\" aria-label=\"Read more about Les jardins. Po\u00e8me. Nouvelle \u00e9dition &#8211; Illustr\u00e9e d&rsquo;un frontispice\">Read more<\/a><\/p>","protected":false},"featured_media":14357,"template":"","meta":{"_eb_attr":""},"product_brand":[],"product_cat":[36,75,71,70,76],"product_tag":[],"class_list":{"0":"post-14356","1":"product","2":"type-product","3":"status-publish","4":"has-post-thumbnail","6":"product_cat-entre-le-xviiieme-et-le-xixeme-siecle","7":"product_cat-art","8":"product_cat-illustres-modernes-editions-originales-signees-numerotees","9":"product_cat-medecine-et-nature","10":"product_cat-poesie-theatre-prose","11":"sales-flash-overlay","12":"woocommerce-text-align-center","13":"woocommerce-image-align-center","14":"wc-has-gallery","16":"first","17":"instock","18":"taxable","19":"shipping-taxable","20":"purchasable","21":"product-type-simple"},"aioseo_notices":[],"_links":{"self":[{"href":"https:\/\/www.livresentre2actions.fr\/en\/wp-json\/wp\/v2\/product\/14356","targetHints":{"allow":["GET"]}}],"collection":[{"href":"https:\/\/www.livresentre2actions.fr\/en\/wp-json\/wp\/v2\/product"}],"about":[{"href":"https:\/\/www.livresentre2actions.fr\/en\/wp-json\/wp\/v2\/types\/product"}],"wp:featuredmedia":[{"embeddable":true,"href":"https:\/\/www.livresentre2actions.fr\/en\/wp-json\/wp\/v2\/media\/14357"}],"wp:attachment":[{"href":"https:\/\/www.livresentre2actions.fr\/en\/wp-json\/wp\/v2\/media?parent=14356"}],"wp:term":[{"taxonomy":"product_brand","embeddable":true,"href":"https:\/\/www.livresentre2actions.fr\/en\/wp-json\/wp\/v2\/product_brand?post=14356"},{"taxonomy":"product_cat","embeddable":true,"href":"https:\/\/www.livresentre2actions.fr\/en\/wp-json\/wp\/v2\/product_cat?post=14356"},{"taxonomy":"product_tag","embeddable":true,"href":"https:\/\/www.livresentre2actions.fr\/en\/wp-json\/wp\/v2\/product_tag?post=14356"}],"curies":[{"name":"wp","href":"https:\/\/api.w.org\/{rel}","templated":true}]}}