{"id":14341,"date":"2025-08-01T18:00:00","date_gmt":"2025-08-01T16:00:00","guid":{"rendered":"https:\/\/www.livresentre2actions.fr\/?post_type=product&#038;p=14341"},"modified":"2025-08-25T14:23:17","modified_gmt":"2025-08-25T12:23:17","slug":"la-commune-de-louvain-louis-galesloot-edition-originale","status":"publish","type":"product","link":"https:\/\/www.livresentre2actions.fr\/en\/product\/la-commune-de-louvain-louis-galesloot-edition-originale\/","title":{"rendered":"La commune de Louvain, Louis Galesloot. \u00c9dition originale"},"content":{"rendered":"<p>La commune de Louvain. Ses troubles et ses \u00e9meutes au XVII\u00e8 et au XVIII\u00e8 si\u00e8cle. (D\u2019apr\u00e8s des documents in\u00e9dits)<\/p>\n<p>C. J. Fonteyn &#8211; Demi-veau l\u00e9g\u00e8rement chagrin\u00e9, dos \u00e0 faux-nerfs orn\u00e9 aux caissons et d\u2019une pi\u00e8ce de titre veau lisse, plats chagrins mauves, 218 x 150, 315p. Avec Annexes et Appendice, et hors table. 1871. Rare \u00e9dition originale. Int\u00e9rieur tr\u00e8s bon, propre et int\u00e8gre. Coins et champs frott\u00e9s, coins fortement. Plats frott\u00e9s, insol\u00e9s, avec traces sombres. Demi-veau frott\u00e9 avec \u00e9pidermures aux mors principalement. Dos frott\u00e9 avec \u00e9pidermures en coiffe, nerfs et queue et marginalement aux caissons. Bel exemplaire bien ferme.<\/p>","protected":false},"excerpt":{"rendered":"<p>La commune de Louvain. Ses troubles et ses \u00e9meutes au XVII\u00e8 et au XVIII\u00e8 si\u00e8cle. (D\u2019apr\u00e8s des documents in\u00e9dits) C. J. Fonteyn &#8211; Demi-veau l\u00e9g\u00e8rement chagrin\u00e9, dos \u00e0 faux-nerfs orn\u00e9 aux caissons et d\u2019une pi\u00e8ce de titre veau lisse, plats chagrins mauves, 218 x 150, 315p. Avec Annexes et Appendice, et hors table. 1871. Rare &#8230; <a title=\"La commune de Louvain, Louis Galesloot. \u00c9dition originale\" class=\"read-more\" href=\"https:\/\/www.livresentre2actions.fr\/en\/product\/la-commune-de-louvain-louis-galesloot-edition-originale\/\" aria-label=\"Read more about La commune de Louvain, Louis Galesloot. \u00c9dition originale\">Read more<\/a><\/p>","protected":false},"featured_media":14342,"template":"","meta":{"_eb_attr":""},"product_brand":[],"product_cat":[36,71,81,73],"product_tag":[],"class_list":{"0":"post-14341","1":"product","2":"type-product","3":"status-publish","4":"has-post-thumbnail","6":"product_cat-entre-le-xviiieme-et-le-xixeme-siecle","7":"product_cat-illustres-modernes-editions-originales-signees-numerotees","8":"product_cat-hauts-de-france","9":"product_cat-histoires-et-recits-de-voyage","10":"sales-flash-overlay","11":"woocommerce-text-align-center","12":"woocommerce-image-align-center","13":"wc-has-gallery","15":"first","16":"instock","17":"taxable","18":"shipping-taxable","19":"purchasable","20":"product-type-simple"},"aioseo_notices":[],"_links":{"self":[{"href":"https:\/\/www.livresentre2actions.fr\/en\/wp-json\/wp\/v2\/product\/14341","targetHints":{"allow":["GET"]}}],"collection":[{"href":"https:\/\/www.livresentre2actions.fr\/en\/wp-json\/wp\/v2\/product"}],"about":[{"href":"https:\/\/www.livresentre2actions.fr\/en\/wp-json\/wp\/v2\/types\/product"}],"wp:featuredmedia":[{"embeddable":true,"href":"https:\/\/www.livresentre2actions.fr\/en\/wp-json\/wp\/v2\/media\/14342"}],"wp:attachment":[{"href":"https:\/\/www.livresentre2actions.fr\/en\/wp-json\/wp\/v2\/media?parent=14341"}],"wp:term":[{"taxonomy":"product_brand","embeddable":true,"href":"https:\/\/www.livresentre2actions.fr\/en\/wp-json\/wp\/v2\/product_brand?post=14341"},{"taxonomy":"product_cat","embeddable":true,"href":"https:\/\/www.livresentre2actions.fr\/en\/wp-json\/wp\/v2\/product_cat?post=14341"},{"taxonomy":"product_tag","embeddable":true,"href":"https:\/\/www.livresentre2actions.fr\/en\/wp-json\/wp\/v2\/product_tag?post=14341"}],"curies":[{"name":"wp","href":"https:\/\/api.w.org\/{rel}","templated":true}]}}