{"id":14329,"date":"2025-08-01T17:54:02","date_gmt":"2025-08-01T15:54:02","guid":{"rendered":"https:\/\/www.livresentre2actions.fr\/?post_type=product&#038;p=14329"},"modified":"2025-08-25T14:23:18","modified_gmt":"2025-08-25T12:23:18","slug":"hobbes-leben-und-lehre-ferdinand-tonnies-edition-originale","status":"publish","type":"product","link":"https:\/\/www.livresentre2actions.fr\/en\/product\/hobbes-leben-und-lehre-ferdinand-tonnies-edition-originale\/","title":{"rendered":"Hobbes. Leben und Lehre, Ferdinand T\u00f6nnies &#8211; Edition originale"},"content":{"rendered":"<p>Friedrich Frommanns Verlag &#8211; Pleine percaline lie de vin, lisse et chagrin\u00e9e, dos long orn\u00e9 de liser\u00e9s, des titre, auteur et collection en pied, 213 x 145, 232p. Avec index. Stuttgart, 1896. Frommanns Klassiker der philosophie II. Edition originale. Une \u00e9tiquette de provenance coll\u00e9e en contreplat sup\u00e9rieur \u00ab\u00a0Dr. Sigismund Pick, Szczakowa\u00a0\u00bb. Int\u00e9rieur tr\u00e8s bon, propre et int\u00e8gre, quelques pages cogn\u00e9e en pied. Reliure en tr\u00e8s bel \u00e9tat, quelques \u00e9pidermures, mais propres, int\u00e8gre. Bel exemplaire bien ferme. Philosophe et sociologue allemand, Ferdinand T\u00f6nnies (1835-1936) pr\u00e9sida la soci\u00e9t\u00e9 allemande de sociologue dont faisaient notamment partie Max Weber et Georg Simmel.<\/p>","protected":false},"excerpt":{"rendered":"<p>Friedrich Frommanns Verlag &#8211; Pleine percaline lie de vin, lisse et chagrin\u00e9e, dos long orn\u00e9 de liser\u00e9s, des titre, auteur et collection en pied, 213 x 145, 232p. Avec index. Stuttgart, 1896. Frommanns Klassiker der philosophie II. Edition originale. Une \u00e9tiquette de provenance coll\u00e9e en contreplat sup\u00e9rieur \u00ab\u00a0Dr. Sigismund Pick, Szczakowa\u00a0\u00bb. Int\u00e9rieur tr\u00e8s bon, propre &#8230; <a title=\"Hobbes. Leben und Lehre, Ferdinand T\u00f6nnies &#8211; Edition originale\" class=\"read-more\" href=\"https:\/\/www.livresentre2actions.fr\/en\/product\/hobbes-leben-und-lehre-ferdinand-tonnies-edition-originale\/\" aria-label=\"Read more about Hobbes. Leben und Lehre, Ferdinand T\u00f6nnies &#8211; Edition originale\">Read more<\/a><\/p>","protected":false},"featured_media":14330,"template":"","meta":{"_eb_attr":""},"product_brand":[],"product_cat":[37,71,82],"product_tag":[],"class_list":{"0":"post-14329","1":"product","2":"type-product","3":"status-publish","4":"has-post-thumbnail","6":"product_cat-a-partir-du-xxeme-siecle","7":"product_cat-illustres-modernes-editions-originales-signees-numerotees","8":"product_cat-philosophie","9":"sales-flash-overlay","10":"woocommerce-text-align-center","11":"woocommerce-image-align-center","12":"wc-has-gallery","14":"first","15":"instock","16":"taxable","17":"shipping-taxable","18":"purchasable","19":"product-type-simple"},"aioseo_notices":[],"_links":{"self":[{"href":"https:\/\/www.livresentre2actions.fr\/en\/wp-json\/wp\/v2\/product\/14329","targetHints":{"allow":["GET"]}}],"collection":[{"href":"https:\/\/www.livresentre2actions.fr\/en\/wp-json\/wp\/v2\/product"}],"about":[{"href":"https:\/\/www.livresentre2actions.fr\/en\/wp-json\/wp\/v2\/types\/product"}],"wp:featuredmedia":[{"embeddable":true,"href":"https:\/\/www.livresentre2actions.fr\/en\/wp-json\/wp\/v2\/media\/14330"}],"wp:attachment":[{"href":"https:\/\/www.livresentre2actions.fr\/en\/wp-json\/wp\/v2\/media?parent=14329"}],"wp:term":[{"taxonomy":"product_brand","embeddable":true,"href":"https:\/\/www.livresentre2actions.fr\/en\/wp-json\/wp\/v2\/product_brand?post=14329"},{"taxonomy":"product_cat","embeddable":true,"href":"https:\/\/www.livresentre2actions.fr\/en\/wp-json\/wp\/v2\/product_cat?post=14329"},{"taxonomy":"product_tag","embeddable":true,"href":"https:\/\/www.livresentre2actions.fr\/en\/wp-json\/wp\/v2\/product_tag?post=14329"}],"curies":[{"name":"wp","href":"https:\/\/api.w.org\/{rel}","templated":true}]}}