{"id":14291,"date":"2025-08-01T17:21:22","date_gmt":"2025-08-01T15:21:22","guid":{"rendered":"https:\/\/www.livresentre2actions.fr\/?post_type=product&#038;p=14291"},"modified":"2025-08-25T14:23:19","modified_gmt":"2025-08-25T12:23:19","slug":"la-cuisine-a-lusage-des-menages-bourgeois-baron-brisse-edition-illustree","status":"publish","type":"product","link":"https:\/\/www.livresentre2actions.fr\/en\/product\/la-cuisine-a-lusage-des-menages-bourgeois-baron-brisse-edition-illustree\/","title":{"rendered":"La cuisine \u00e0 l\u2019usage des m\u00e9nages bourgeois, Baron Brisse. \u00c9dition illustr\u00e9e"},"content":{"rendered":"<p>La cuisine \u00e0 l\u2019usage des m\u00e9nages bourgeois comprenant la mani\u00e8re de servir \u00e0 nouveau tous les restes, augment\u00e9 de menus et recettes nouvelles de table et d\u2019hygi\u00e8ne du r\u00e9gime culinaire \u00e0 suivre contre l\u2019ob\u00e9sit\u00e9 et de 200 recettes utiles<\/p>\n<p>Ernest Flammarion &#8211; Demi-veau rouge \u00e0 dos long, orn\u00e9 de liser\u00e9s, des titre, auteur et collection (\u00ab\u00a0Collection du Gaulois\u00a0\u00bb), 183 x 120, 428p. Avec table. Sans date (ca 1905). Nombreuses illustrations dans le texte, certaines \u00e0 pleine page. Int\u00e9rieur insol\u00e9, rousseurs marginales, propre. Coins, champs et plats frott\u00e9s, mais bons. Dos l\u00e9g\u00e8rement insol\u00e9 et frott\u00e9, une tache en pleine, mais bon, int\u00e8gre. Bel exemplaire bien ferme.<\/p>","protected":false},"excerpt":{"rendered":"<p>La cuisine \u00e0 l\u2019usage des m\u00e9nages bourgeois comprenant la mani\u00e8re de servir \u00e0 nouveau tous les restes, augment\u00e9 de menus et recettes nouvelles de table et d\u2019hygi\u00e8ne du r\u00e9gime culinaire \u00e0 suivre contre l\u2019ob\u00e9sit\u00e9 et de 200 recettes utiles Ernest Flammarion &#8211; Demi-veau rouge \u00e0 dos long, orn\u00e9 de liser\u00e9s, des titre, auteur et collection &#8230; <a title=\"La cuisine \u00e0 l\u2019usage des m\u00e9nages bourgeois, Baron Brisse. \u00c9dition illustr\u00e9e\" class=\"read-more\" href=\"https:\/\/www.livresentre2actions.fr\/en\/product\/la-cuisine-a-lusage-des-menages-bourgeois-baron-brisse-edition-illustree\/\" aria-label=\"Read more about La cuisine \u00e0 l\u2019usage des m\u00e9nages bourgeois, Baron Brisse. \u00c9dition illustr\u00e9e\">Read more<\/a><\/p>","protected":false},"featured_media":14292,"template":"","meta":{"_eb_attr":""},"product_brand":[],"product_cat":[37,83,71],"product_tag":[],"class_list":{"0":"post-14291","1":"product","2":"type-product","3":"status-publish","4":"has-post-thumbnail","6":"product_cat-a-partir-du-xxeme-siecle","7":"product_cat-culinaria-cuisine-divers","8":"product_cat-illustres-modernes-editions-originales-signees-numerotees","9":"sales-flash-overlay","10":"woocommerce-text-align-center","11":"woocommerce-image-align-center","12":"wc-has-gallery","14":"first","15":"instock","16":"taxable","17":"shipping-taxable","18":"purchasable","19":"product-type-simple"},"aioseo_notices":[],"_links":{"self":[{"href":"https:\/\/www.livresentre2actions.fr\/en\/wp-json\/wp\/v2\/product\/14291","targetHints":{"allow":["GET"]}}],"collection":[{"href":"https:\/\/www.livresentre2actions.fr\/en\/wp-json\/wp\/v2\/product"}],"about":[{"href":"https:\/\/www.livresentre2actions.fr\/en\/wp-json\/wp\/v2\/types\/product"}],"wp:featuredmedia":[{"embeddable":true,"href":"https:\/\/www.livresentre2actions.fr\/en\/wp-json\/wp\/v2\/media\/14292"}],"wp:attachment":[{"href":"https:\/\/www.livresentre2actions.fr\/en\/wp-json\/wp\/v2\/media?parent=14291"}],"wp:term":[{"taxonomy":"product_brand","embeddable":true,"href":"https:\/\/www.livresentre2actions.fr\/en\/wp-json\/wp\/v2\/product_brand?post=14291"},{"taxonomy":"product_cat","embeddable":true,"href":"https:\/\/www.livresentre2actions.fr\/en\/wp-json\/wp\/v2\/product_cat?post=14291"},{"taxonomy":"product_tag","embeddable":true,"href":"https:\/\/www.livresentre2actions.fr\/en\/wp-json\/wp\/v2\/product_tag?post=14291"}],"curies":[{"name":"wp","href":"https:\/\/api.w.org\/{rel}","templated":true}]}}