{"id":14279,"date":"2025-08-01T17:14:17","date_gmt":"2025-08-01T15:14:17","guid":{"rendered":"https:\/\/www.livresentre2actions.fr\/?post_type=product&#038;p=14279"},"modified":"2025-08-25T14:23:20","modified_gmt":"2025-08-25T12:23:20","slug":"fes-vu-par-sa-cuisine-z-guinaudeau-edition-illustree","status":"publish","type":"product","link":"https:\/\/www.livresentre2actions.fr\/en\/product\/fes-vu-par-sa-cuisine-z-guinaudeau-edition-illustree\/","title":{"rendered":"Fes vu par sa cuisine. &#8211; Z. Guinaudeau. \u00c9dition illustr\u00e9e"},"content":{"rendered":"<p>Broch\u00e9, 272 x 207, 209p. avec table. Huiti\u00e8me \u00e9dition, Rabat, sans date. Illustrations de J. E. Laurent, \u00e9galement \u00e9diteur.<\/p>\n<div class=\"mx-lg gap-lg py-xl relative grid empty:hidden border-b-sm border-outline lg:mx-md\">\n<div data-qa-id=\"adview_description_container\">\n<p id=\"readme-content\" class=\"text-body-1 [overflow-wrap:anywhere] whitespace-pre-line\">Exemplaire d\u00e9fra\u00eechi qui a subi une mouillure en t\u00eate de volume sur la totalit\u00e9, mais l&rsquo;int\u00e9rieur reste propre en dehors de cette trace. les couvertures et dos sont int\u00e8gres, mais insol\u00e9s, avec cette trace de mouillure.<\/p>\n<\/div>\n<\/div>\n<div class=\"mx-lg gap-lg py-xl relative grid empty:hidden border-b-sm border-outline lg:mx-md\"><\/div>","protected":false},"excerpt":{"rendered":"<p>Broch\u00e9, 272 x 207, 209p. avec table. Huiti\u00e8me \u00e9dition, Rabat, sans date. Illustrations de J. E. Laurent, \u00e9galement \u00e9diteur. Exemplaire d\u00e9fra\u00eechi qui a subi une mouillure en t\u00eate de volume sur la totalit\u00e9, mais l&rsquo;int\u00e9rieur reste propre en dehors de cette trace. les couvertures et dos sont int\u00e8gres, mais insol\u00e9s, avec cette trace de mouillure.<\/p>","protected":false},"featured_media":14280,"template":"","meta":{"_eb_attr":""},"product_brand":[],"product_cat":[37,83,71],"product_tag":[],"class_list":{"0":"post-14279","1":"product","2":"type-product","3":"status-publish","4":"has-post-thumbnail","6":"product_cat-a-partir-du-xxeme-siecle","7":"product_cat-culinaria-cuisine-divers","8":"product_cat-illustres-modernes-editions-originales-signees-numerotees","9":"sales-flash-overlay","10":"woocommerce-text-align-center","11":"woocommerce-image-align-center","12":"wc-has-gallery","14":"first","15":"instock","16":"taxable","17":"shipping-taxable","18":"purchasable","19":"product-type-simple"},"aioseo_notices":[],"_links":{"self":[{"href":"https:\/\/www.livresentre2actions.fr\/en\/wp-json\/wp\/v2\/product\/14279","targetHints":{"allow":["GET"]}}],"collection":[{"href":"https:\/\/www.livresentre2actions.fr\/en\/wp-json\/wp\/v2\/product"}],"about":[{"href":"https:\/\/www.livresentre2actions.fr\/en\/wp-json\/wp\/v2\/types\/product"}],"wp:featuredmedia":[{"embeddable":true,"href":"https:\/\/www.livresentre2actions.fr\/en\/wp-json\/wp\/v2\/media\/14280"}],"wp:attachment":[{"href":"https:\/\/www.livresentre2actions.fr\/en\/wp-json\/wp\/v2\/media?parent=14279"}],"wp:term":[{"taxonomy":"product_brand","embeddable":true,"href":"https:\/\/www.livresentre2actions.fr\/en\/wp-json\/wp\/v2\/product_brand?post=14279"},{"taxonomy":"product_cat","embeddable":true,"href":"https:\/\/www.livresentre2actions.fr\/en\/wp-json\/wp\/v2\/product_cat?post=14279"},{"taxonomy":"product_tag","embeddable":true,"href":"https:\/\/www.livresentre2actions.fr\/en\/wp-json\/wp\/v2\/product_tag?post=14279"}],"curies":[{"name":"wp","href":"https:\/\/api.w.org\/{rel}","templated":true}]}}