{"id":14270,"date":"2025-08-01T17:07:32","date_gmt":"2025-08-01T15:07:32","guid":{"rendered":"https:\/\/www.livresentre2actions.fr\/?post_type=product&#038;p=14270"},"modified":"2025-08-01T17:07:33","modified_gmt":"2025-08-01T15:07:33","slug":"les-delices-de-la-table-ou-les-quatre-saisons-gourmandes-prosper-montagne","status":"publish","type":"product","link":"https:\/\/www.livresentre2actions.fr\/en\/product\/les-delices-de-la-table-ou-les-quatre-saisons-gourmandes-prosper-montagne\/","title":{"rendered":"Les d\u00e9lices de la table ou les quatre saisons gourmandes, Prosper Montagn\u00e9"},"content":{"rendered":"<p>800 recettes et menus &#8211; Flammarion<\/p>\n<p>Broch\u00e9, 160 x 140, 382p. Avec table. 1931. Cinqui\u00e8me mille. Int\u00e9rieur insol\u00e9 mais propre et int\u00e8gre. Une \u00e9tiquette relief de la Librairie L. Jouan et R. Bigot de Caen, coll\u00e9e en t\u00eate du verso de la couverture. Couvertures et dos insol\u00e9s, avec l\u00e9g\u00e8res marques de pliures, mais int\u00e8gres. Bien ferme. Prosper Montagn\u00e9 est avec Car\u00e8me et Auguste Escoffier un p\u00e8re fondateur de la cuisine professionnelle actuelle.<\/p>","protected":false},"excerpt":{"rendered":"<p>800 recettes et menus &#8211; Flammarion Broch\u00e9, 160 x 140, 382p. Avec table. 1931. Cinqui\u00e8me mille. Int\u00e9rieur insol\u00e9 mais propre et int\u00e8gre. Une \u00e9tiquette relief de la Librairie L. Jouan et R. Bigot de Caen, coll\u00e9e en t\u00eate du verso de la couverture. Couvertures et dos insol\u00e9s, avec l\u00e9g\u00e8res marques de pliures, mais int\u00e8gres. Bien &#8230; <a title=\"Les d\u00e9lices de la table ou les quatre saisons gourmandes, Prosper Montagn\u00e9\" class=\"read-more\" href=\"https:\/\/www.livresentre2actions.fr\/en\/product\/les-delices-de-la-table-ou-les-quatre-saisons-gourmandes-prosper-montagne\/\" aria-label=\"Read more about Les d\u00e9lices de la table ou les quatre saisons gourmandes, Prosper Montagn\u00e9\">Read more<\/a><\/p>","protected":false},"featured_media":14271,"template":"","meta":{"_eb_attr":""},"product_brand":[],"product_cat":[37,83],"product_tag":[],"class_list":{"0":"post-14270","1":"product","2":"type-product","3":"status-publish","4":"has-post-thumbnail","6":"product_cat-a-partir-du-xxeme-siecle","7":"product_cat-culinaria-cuisine-divers","8":"sales-flash-overlay","9":"woocommerce-text-align-center","10":"woocommerce-image-align-center","11":"wc-has-gallery","13":"first","14":"instock","15":"taxable","16":"shipping-taxable","17":"purchasable","18":"product-type-simple"},"aioseo_notices":[],"_links":{"self":[{"href":"https:\/\/www.livresentre2actions.fr\/en\/wp-json\/wp\/v2\/product\/14270","targetHints":{"allow":["GET"]}}],"collection":[{"href":"https:\/\/www.livresentre2actions.fr\/en\/wp-json\/wp\/v2\/product"}],"about":[{"href":"https:\/\/www.livresentre2actions.fr\/en\/wp-json\/wp\/v2\/types\/product"}],"wp:featuredmedia":[{"embeddable":true,"href":"https:\/\/www.livresentre2actions.fr\/en\/wp-json\/wp\/v2\/media\/14271"}],"wp:attachment":[{"href":"https:\/\/www.livresentre2actions.fr\/en\/wp-json\/wp\/v2\/media?parent=14270"}],"wp:term":[{"taxonomy":"product_brand","embeddable":true,"href":"https:\/\/www.livresentre2actions.fr\/en\/wp-json\/wp\/v2\/product_brand?post=14270"},{"taxonomy":"product_cat","embeddable":true,"href":"https:\/\/www.livresentre2actions.fr\/en\/wp-json\/wp\/v2\/product_cat?post=14270"},{"taxonomy":"product_tag","embeddable":true,"href":"https:\/\/www.livresentre2actions.fr\/en\/wp-json\/wp\/v2\/product_tag?post=14270"}],"curies":[{"name":"wp","href":"https:\/\/api.w.org\/{rel}","templated":true}]}}