{"id":14259,"date":"2025-08-01T17:01:48","date_gmt":"2025-08-01T15:01:48","guid":{"rendered":"https:\/\/www.livresentre2actions.fr\/?post_type=product&#038;p=14259"},"modified":"2026-04-05T14:43:22","modified_gmt":"2026-04-05T12:43:22","slug":"les-antilles-a-travers-leur-cuisine-andre-negre-edition-originale","status":"publish","type":"product","link":"https:\/\/www.livresentre2actions.fr\/en\/product\/les-antilles-a-travers-leur-cuisine-andre-negre-edition-originale\/","title":{"rendered":"Les Antilles \u00e0 travers leur cuisine, Andr\u00e9 N\u00e8gre &#8211; \u00c9dition originale"},"content":{"rendered":"<p>Andr\u00e9 N\u00e8gre (Jean Ronsin, illustrateur) &#8211;<\/p>\n<p>Pointe-\u00e0-Pitre &#8211; Broch\u00e9, 255 x 215, 152p. Avec table. 1965. \u00c9dition originale. Int\u00e9rieur insol\u00e9 mais propre et int\u00e8gre. Couvertures et dos insol\u00e9s, avec petites d\u00e9chirures sans manque en bordure de couverture, quelques marques de pliures en couvertures. Bien ferme.<\/p>","protected":false},"excerpt":{"rendered":"<p>Andr\u00e9 N\u00e8gre (Jean Ronsin, illustrateur) &#8211; Pointe-\u00e0-Pitre &#8211; Broch\u00e9, 255 x 215, 152p. Avec table. 1965. \u00c9dition originale. Int\u00e9rieur insol\u00e9 mais propre et int\u00e8gre. Couvertures et dos insol\u00e9s, avec petites d\u00e9chirures sans manque en bordure de couverture, quelques marques de pliures en couvertures. Bien ferme.<\/p>","protected":false},"featured_media":0,"template":"","meta":{"_eb_attr":""},"product_brand":[],"product_cat":[37,83,71],"product_tag":[],"class_list":{"0":"post-14259","1":"product","2":"type-product","3":"status-publish","5":"product_cat-a-partir-du-xxeme-siecle","6":"product_cat-culinaria-cuisine-divers","7":"product_cat-illustres-modernes-editions-originales-signees-numerotees","8":"sales-flash-overlay","9":"woocommerce-text-align-center","10":"woocommerce-image-align-center","12":"first","13":"outofstock","14":"taxable","15":"shipping-taxable","16":"purchasable","17":"product-type-simple"},"aioseo_notices":[],"_links":{"self":[{"href":"https:\/\/www.livresentre2actions.fr\/en\/wp-json\/wp\/v2\/product\/14259","targetHints":{"allow":["GET"]}}],"collection":[{"href":"https:\/\/www.livresentre2actions.fr\/en\/wp-json\/wp\/v2\/product"}],"about":[{"href":"https:\/\/www.livresentre2actions.fr\/en\/wp-json\/wp\/v2\/types\/product"}],"wp:attachment":[{"href":"https:\/\/www.livresentre2actions.fr\/en\/wp-json\/wp\/v2\/media?parent=14259"}],"wp:term":[{"taxonomy":"product_brand","embeddable":true,"href":"https:\/\/www.livresentre2actions.fr\/en\/wp-json\/wp\/v2\/product_brand?post=14259"},{"taxonomy":"product_cat","embeddable":true,"href":"https:\/\/www.livresentre2actions.fr\/en\/wp-json\/wp\/v2\/product_cat?post=14259"},{"taxonomy":"product_tag","embeddable":true,"href":"https:\/\/www.livresentre2actions.fr\/en\/wp-json\/wp\/v2\/product_tag?post=14259"}],"curies":[{"name":"wp","href":"https:\/\/api.w.org\/{rel}","templated":true}]}}