{"id":14229,"date":"2025-08-01T16:38:24","date_gmt":"2025-08-01T14:38:24","guid":{"rendered":"https:\/\/www.livresentre2actions.fr\/?post_type=product&#038;p=14229"},"modified":"2025-08-25T14:23:21","modified_gmt":"2025-08-25T12:23:21","slug":"mireille-mistral-edition-illustree-numerotee","status":"publish","type":"product","link":"https:\/\/www.livresentre2actions.fr\/en\/product\/mireille-mistral-edition-illustree-numerotee\/","title":{"rendered":"Mireille &#8211; Mistral &#8211; \u00c9dition illustr\u00e9e num\u00e9rot\u00e9e"},"content":{"rendered":"<p>Editions d\u2019Art H. Piazza &#8211; Demi-basane moutarde \u00e0 coins, dos long orn\u00e9 d\u2019une pi\u00e8ce de titre rouge, couvertures conserv\u00e9es, 258 x 175, 1923. illustr\u00e9e couleur par Jean Droit [1814-1961, affichiste, peintre, d\u00e9corateur, dessinateur] de 15 hors texte et 28 vignettes dans le texte. Exemplaire sur v\u00e9lin Blanchet n\u00b0791 (tirage total\u00a0: 900). Vignette et frise d\u2019\u00e9diteur au titre\u00a0; texte dans un encadrement \u00e0 frise. Bel et fin ex-libris tamponn\u00e9 en faux-titre \u00ab\u00a0C.Y.\u00a0\u00bb. Int\u00e9rieur impeccable, propre et int\u00e8gre. Reliure en superbe \u00e9tat, propre et int\u00e8gre. Tr\u00e8s bel exemplaire.<\/p>","protected":false},"excerpt":{"rendered":"<p>Editions d\u2019Art H. Piazza &#8211; Demi-basane moutarde \u00e0 coins, dos long orn\u00e9 d\u2019une pi\u00e8ce de titre rouge, couvertures conserv\u00e9es, 258 x 175, 1923. illustr\u00e9e couleur par Jean Droit [1814-1961, affichiste, peintre, d\u00e9corateur, dessinateur] de 15 hors texte et 28 vignettes dans le texte. Exemplaire sur v\u00e9lin Blanchet n\u00b0791 (tirage total\u00a0: 900). Vignette et frise d\u2019\u00e9diteur &#8230; <a title=\"Mireille &#8211; Mistral &#8211; \u00c9dition illustr\u00e9e num\u00e9rot\u00e9e\" class=\"read-more\" href=\"https:\/\/www.livresentre2actions.fr\/en\/product\/mireille-mistral-edition-illustree-numerotee\/\" aria-label=\"Read more about Mireille &#8211; Mistral &#8211; \u00c9dition illustr\u00e9e num\u00e9rot\u00e9e\">Read more<\/a><\/p>","protected":false},"featured_media":14231,"template":"","meta":{"_eb_attr":""},"product_brand":[],"product_cat":[37,75,71,76],"product_tag":[],"class_list":{"0":"post-14229","1":"product","2":"type-product","3":"status-publish","4":"has-post-thumbnail","6":"product_cat-a-partir-du-xxeme-siecle","7":"product_cat-art","8":"product_cat-illustres-modernes-editions-originales-signees-numerotees","9":"product_cat-poesie-theatre-prose","10":"sales-flash-overlay","11":"woocommerce-text-align-center","12":"woocommerce-image-align-center","13":"wc-has-gallery","15":"first","16":"instock","17":"taxable","18":"shipping-taxable","19":"purchasable","20":"product-type-simple"},"aioseo_notices":[],"_links":{"self":[{"href":"https:\/\/www.livresentre2actions.fr\/en\/wp-json\/wp\/v2\/product\/14229","targetHints":{"allow":["GET"]}}],"collection":[{"href":"https:\/\/www.livresentre2actions.fr\/en\/wp-json\/wp\/v2\/product"}],"about":[{"href":"https:\/\/www.livresentre2actions.fr\/en\/wp-json\/wp\/v2\/types\/product"}],"wp:featuredmedia":[{"embeddable":true,"href":"https:\/\/www.livresentre2actions.fr\/en\/wp-json\/wp\/v2\/media\/14231"}],"wp:attachment":[{"href":"https:\/\/www.livresentre2actions.fr\/en\/wp-json\/wp\/v2\/media?parent=14229"}],"wp:term":[{"taxonomy":"product_brand","embeddable":true,"href":"https:\/\/www.livresentre2actions.fr\/en\/wp-json\/wp\/v2\/product_brand?post=14229"},{"taxonomy":"product_cat","embeddable":true,"href":"https:\/\/www.livresentre2actions.fr\/en\/wp-json\/wp\/v2\/product_cat?post=14229"},{"taxonomy":"product_tag","embeddable":true,"href":"https:\/\/www.livresentre2actions.fr\/en\/wp-json\/wp\/v2\/product_tag?post=14229"}],"curies":[{"name":"wp","href":"https:\/\/api.w.org\/{rel}","templated":true}]}}