{"id":14201,"date":"2025-08-01T16:21:24","date_gmt":"2025-08-01T14:21:24","guid":{"rendered":"https:\/\/www.livresentre2actions.fr\/?post_type=product&#038;p=14201"},"modified":"2025-08-25T14:23:22","modified_gmt":"2025-08-25T12:23:22","slug":"la-mine-et-les-mineurs-en-1900","status":"publish","type":"product","link":"https:\/\/www.livresentre2actions.fr\/en\/product\/la-mine-et-les-mineurs-en-1900\/","title":{"rendered":"La mine et les mineurs en 1900"},"content":{"rendered":"<p>Broch\u00e9, 296 x 210, 68p. 1979. Collection Le temps de l&rsquo;industrie. CNDP, Lille. Edition originale.\u00a0 Avec 15 diapositives sous pochette. Int\u00e9rieur propre et int\u00e8gre. Couvertures et dos l\u00e9g\u00e8rement insol\u00e9s, avec un petit manque en pied de dos, et une tr\u00e8s petite d\u00e9chirure sans manque en t\u00eate de couverture.<\/p>","protected":false},"excerpt":{"rendered":"<p>Broch\u00e9, 296 x 210, 68p. 1979. Collection Le temps de l&rsquo;industrie. CNDP, Lille. Edition originale.\u00a0 Avec 15 diapositives sous pochette. Int\u00e9rieur propre et int\u00e8gre. Couvertures et dos l\u00e9g\u00e8rement insol\u00e9s, avec un petit manque en pied de dos, et une tr\u00e8s petite d\u00e9chirure sans manque en t\u00eate de couverture.<\/p>","protected":false},"featured_media":14202,"template":"","meta":{"_eb_attr":""},"product_brand":[],"product_cat":[37,74,71,81,73],"product_tag":[],"class_list":{"0":"post-14201","1":"product","2":"type-product","3":"status-publish","4":"has-post-thumbnail","6":"product_cat-a-partir-du-xxeme-siecle","7":"product_cat-collections","8":"product_cat-illustres-modernes-editions-originales-signees-numerotees","9":"product_cat-hauts-de-france","10":"product_cat-histoires-et-recits-de-voyage","11":"sales-flash-overlay","12":"woocommerce-text-align-center","13":"woocommerce-image-align-center","14":"wc-has-gallery","16":"first","17":"instock","18":"taxable","19":"shipping-taxable","20":"purchasable","21":"product-type-simple"},"aioseo_notices":[],"_links":{"self":[{"href":"https:\/\/www.livresentre2actions.fr\/en\/wp-json\/wp\/v2\/product\/14201","targetHints":{"allow":["GET"]}}],"collection":[{"href":"https:\/\/www.livresentre2actions.fr\/en\/wp-json\/wp\/v2\/product"}],"about":[{"href":"https:\/\/www.livresentre2actions.fr\/en\/wp-json\/wp\/v2\/types\/product"}],"wp:featuredmedia":[{"embeddable":true,"href":"https:\/\/www.livresentre2actions.fr\/en\/wp-json\/wp\/v2\/media\/14202"}],"wp:attachment":[{"href":"https:\/\/www.livresentre2actions.fr\/en\/wp-json\/wp\/v2\/media?parent=14201"}],"wp:term":[{"taxonomy":"product_brand","embeddable":true,"href":"https:\/\/www.livresentre2actions.fr\/en\/wp-json\/wp\/v2\/product_brand?post=14201"},{"taxonomy":"product_cat","embeddable":true,"href":"https:\/\/www.livresentre2actions.fr\/en\/wp-json\/wp\/v2\/product_cat?post=14201"},{"taxonomy":"product_tag","embeddable":true,"href":"https:\/\/www.livresentre2actions.fr\/en\/wp-json\/wp\/v2\/product_tag?post=14201"}],"curies":[{"name":"wp","href":"https:\/\/api.w.org\/{rel}","templated":true}]}}